{"id":38086,"date":"2025-09-08T13:04:27","date_gmt":"2025-09-08T13:04:27","guid":{"rendered":"https:\/\/ledsteplight.com\/import-placeholder-for-37256\/"},"modified":"2025-12-11T15:30:06","modified_gmt":"2025-12-11T15:30:06","slug":"wholesale-2w-led-86-box-step-light-gyd038-plus-ip65-motion-sensor","status":"publish","type":"product","link":"https:\/\/ledsteplight.com\/hu\/wholesale-2w-led-86-box-step-light-gyd038-plus-ip65-motion-sensor\/","title":{"rendered":"Nagykereskedelmi 2W LED 86 Dobozl\u00e9pcs\u0151 Vil\u00e1g\u00edt\u00e1s (GYD038-PLUS) | IP65 \u00e9s Mozg\u00e1s\u00e9rz\u00e9kel\u0151"},"content":{"rendered":"<table class=\"OxEWNITQ\" style=\"font-family: var(--global-body-font-family)\">\n<thead>\n<tr>\n<th><strong>Param\u00e9ter<\/strong><\/th>\n<th><strong>R\u00e9szletek<\/strong><\/th>\n<\/tr>\n<\/thead>\n<tbody>\n<tr>\n<td><strong>Term\u00e9kk\u00f3d<\/strong><\/td>\n<td>MG-GYD038-PLUS sorozat<\/td>\n<\/tr>\n<tr>\n<td><strong>Term\u00e9k m\u00e9rete<\/strong><\/td>\n<td>L87 \u00d7 Sz87 \u00d7 Ma30mm<\/td>\n<\/tr>\n<tr>\n<td><strong>V\u00e1g\u00e1si m\u00e9ret<\/strong><\/td>\n<td>86mm-es be\u00e9p\u00edtett doboz (Standard 86 t\u00edpus\u00fa kiv\u00e1g\u00e1s)<\/td>\n<\/tr>\n<tr>\n<td><strong>Funkci\u00f3vez\u00e9rl\u00e9s<\/strong><\/td>\n<td><strong><a href=\"https:\/\/ledsteplight.com\/hu\/pir-sensor-step-light-top-advantages-for-safety\/\" class=\"waam-auto-link\" title=\"Mozg\u00e1s\u00e9rz\u00e9kel\u0151\">Mozg\u00e1s\u00e9rz\u00e9kel\u0151<\/a><\/strong> \/ Mozg\u00e1s + Vil\u00e1g\u00edt\u00e1s vez\u00e9rl\u00e9s (Kett\u0151s m\u00f3d)<\/td>\n<\/tr>\n<tr>\n<td><strong>F\u00e9nyforr\u00e1s<\/strong><\/td>\n<td>OSRAM LED \/ CRI &gt;90<\/td>\n<\/tr>\n<tr>\n<td><strong>Teljes\u00edtm\u00e9ny<\/strong><\/td>\n<td>2W (600mA meghajt\u00f3)<\/td>\n<\/tr>\n<tr>\n<td><strong>S\u00faly<\/strong><\/td>\n<td>0,5kg<\/td>\n<\/tr>\n<tr>\n<td><strong>AC bemenet<\/strong><\/td>\n<td>100-240V, 50\/60Hz<\/td>\n<\/tr>\n<tr>\n<td><strong>Vez\u00e9rl\u0151<\/strong><\/td>\n<td>Be\u00e9p\u00edtett \u00e1lland\u00f3 \u00e1ram\u00fa meghajt\u00f3<\/td>\n<\/tr>\n<tr>\n<td><strong>Reflektor sz\u00f6g<\/strong><\/td>\n<td>[Az eredeti adatban \u00fcresen hagyva]<\/td>\n<\/tr>\n<tr>\n<td><strong><strong><a href=\"https:\/\/ledsteplight.com\/hu\/dm36b-pro-honeycomb-anti-glare-led-in-ground-light-ip67-24v-dc\/\" class=\"waam-auto-link\" title=\"Sz\u00ednh\u0151m\u00e9rs\u00e9klet\">Sz\u00ednh\u0151m\u00e9rs\u00e9klet<\/a><\/strong> (CCT)<\/strong><\/td>\n<td>3000K (Meleg feh\u00e9r), 4000K (Semleges feh\u00e9r), 5700K (H\u0171v\u00f6s feh\u00e9r)<\/td>\n<\/tr>\n<tr>\n<td><strong>Csatlakoz\u00e1si m\u00f3d<\/strong><\/td>\n<td>[Az eredeti adatban \u00fcresen hagyva]<\/td>\n<\/tr>\n<tr>\n<td><strong>Anyag<\/strong><\/td>\n<td>Alum\u00ednium\u00f6tv\u00f6zet<\/td>\n<\/tr>\n<tr>\n<td><strong>Sz\u00ednv\u00e1laszt\u00e9k<\/strong><\/td>\n<td>Matt feh\u00e9r, kef\u00e9lt fekete, kef\u00e9lt ez\u00fcst (<em>Kef\u00e9lt arany\/sz\u00fcrke testreszabhat\u00f3<\/em>)<\/td>\n<\/tr>\n<tr>\n<td><strong>IP besorol\u00e1s<\/strong><\/td>\n<td><strong><a href=\"https:\/\/ledsteplight.com\/hu\/cree-bridgelux-chip-ip65-led-fixture-for-garden-facade-lighting\/\" class=\"waam-auto-link\" title=\"IP65\">IP65<\/a><\/strong> (V\u00edz\u00e1ll\u00f3 \u00e9s por\u00e1ll\u00f3)<\/td>\n<\/tr>\n<tr>\n<td><strong>Telep\u00edt\u00e9s<\/strong><\/td>\n<td>Rejtett telep\u00edt\u00e9s (Kompatibilis az 86 mm-es szabv\u00e1ny be\u00e9p\u00edtett dobozzal)<\/td>\n<\/tr>\n<\/tbody>\n<\/table>\n<p>Ismerje meg az MG-GYD038-PLUS-t. Ez nem csup\u00e1n egy m\u00e1sik kis k\u00fclt\u00e9ri l\u00e1mpa; ez egy okos, 2W-os munkag\u00e9p, amelyet szakemberek sz\u00e1m\u00e1ra terveztek. Egy szabv\u00e1nyos 86 mm-es be\u00e9p\u00edtett doboz k\u00f6r\u00e9 tervezt\u00fck, \u00edgy a telep\u00edt\u00e9s gyors \u00e9s tiszta minden be\u00e9p\u00edtett alkalmaz\u00e1shoz\u2014nincs sz\u00fcks\u00e9g egyedi kiv\u00e1g\u00e1sokra, extra munkaer\u0151re. A test szil\u00e1rd alum\u00ednium\u00f6tv\u00f6zetb\u0151l k\u00e9sz\u00fclt, val\u00f3di IP65 v\u00edz\u00e1ll\u00f3 besorol\u00e1ssal, b\u00e1rmilyen id\u0151j\u00e1r\u00e1snak ellen\u00e1llva. Bel\u00fcl egy magas min\u0151s\u00e9g\u0171 OSRAM (CRI &gt;90) chip biztos\u00edt tiszta, pontos f\u00e9nyt, egy megb\u00edzhat\u00f3, be\u00e9p\u00edtett 100-240V-os driverrel m\u0171k\u00f6dik.<\/p>\n<p>Az igazi \u00e9rt\u00e9k az \u00fcgyfelei sz\u00e1m\u00e1ra a be\u00e9p\u00edtett okoss\u00e1gban rejlik. Ez a modell egy kett\u0151s m\u00f3d\u00fa mozg\u00e1s- \u00e9s f\u00e9ny\u00e9rz\u00e9kel\u0151vel van ell\u00e1tva, amely biztons\u00e1got ny\u00fajt \u00e9s energi\u00e1t takar\u00edt meg extra vezet\u00e9kek n\u00e9lk\u00fcl. Ez a t\u00f6k\u00e9letes, praktikus l\u00e1mpa kereskedelmi s\u00e9t\u00e1nyokra, sz\u00e1llodai l\u00e9pcs\u0151kre vagy lak\u00f3ter\u00fcleti teraszokra. Gy\u00e1runkban matt feh\u00e9r, kef\u00e9lt fekete \u00e9s kef\u00e9lt ez\u00fcst sz\u00ednben tartjuk rakt\u00e1ron\u2014\u00e9s teljes testreszab\u00e1st k\u00edn\u00e1lunk, bele\u00e9rtve egyedi sz\u00edneket (p\u00e9ld\u00e1ul kef\u00e9lt arany) \u00e9s priv\u00e1t m\u00e1rk\u00e1z\u00e1si szolg\u00e1ltat\u00e1sokat nagy t\u00e9tel\u0171 nagykereskedelmi megrendel\u00e9sekhez.<\/p>","protected":false},"excerpt":{"rendered":"<p>Szerezze be k\u00f6zvetlen\u00fcl a 2W IP65 k\u00fclt\u00e9ri \u00e9rz\u00e9kel\u0151 l\u00e1mp\u00e1t a **gy\u00e1rb\u00f3l**. A GYD038-PLUS 86-os dobozokhoz illeszkedik. Nagykereskedelmi **nagy t\u00e9telben** \u00e9s **egyedi** (OEM) megold\u00e1sokat k\u00edn\u00e1lunk B2B partnerek sz\u00e1m\u00e1ra.<\/p>","protected":false},"featured_media":37370,"comment_status":"open","ping_status":"closed","template":"","meta":[],"product_brand":[],"product_cat":[116,99,100,426,427,428,439,429,440,430,441,431,442,443,432,433,444,112,445,446,101,434,435,436,437],"product_tag":[117,102,103,76,113,78,104,83],"class_list":{"0":"post-38086","1":"product","2":"type-product","3":"status-publish","4":"has-post-thumbnail","6":"product_cat-038-series","7":"product_cat-039-series","8":"product_cat-aluminum-ground-light","9":"product_cat-ceiling-recessed","10":"product_cat-ceiling-surface","11":"product_cat-ceiling-suspended","12":"product_cat-commercial","13":"product_cat-drivers","14":"product_cat-education","15":"product_cat-freestanding-light","16":"product_cat-hospitality","17":"product_cat-industrial","18":"product_cat-infrastructure","19":"product_cat-landscape","20":"product_cat-landscaping","21":"product_cat-linear","22":"product_cat-office","23":"product_cat-outdoor-ground-light","24":"product_cat-residential","25":"product_cat-retail","26":"product_cat-sensor-ground-light","27":"product_cat-table-lamp","28":"product_cat-track","29":"product_cat-wall-recessed","30":"product_cat-wall-surface","31":"product_tag-038-series","32":"product_tag-039-series","33":"product_tag-aluminum-ground-light","34":"product_tag-aluminum-housing","35":"product_tag-outdoor-ground-light","36":"product_tag-outdoor-lighting","37":"product_tag-sensor-ground-light","38":"product_tag-waterproof-fixture","40":"first","41":"instock","42":"shipping-taxable","43":"product-type-simple"},"_links":{"self":[{"href":"https:\/\/ledsteplight.com\/hu\/wp-json\/wp\/v2\/product\/38086","targetHints":{"allow":["GET"]}}],"collection":[{"href":"https:\/\/ledsteplight.com\/hu\/wp-json\/wp\/v2\/product"}],"about":[{"href":"https:\/\/ledsteplight.com\/hu\/wp-json\/wp\/v2\/types\/product"}],"replies":[{"embeddable":true,"href":"https:\/\/ledsteplight.com\/hu\/wp-json\/wp\/v2\/comments?post=38086"}],"version-history":[{"count":3,"href":"https:\/\/ledsteplight.com\/hu\/wp-json\/wp\/v2\/product\/38086\/revisions"}],"predecessor-version":[{"id":38612,"href":"https:\/\/ledsteplight.com\/hu\/wp-json\/wp\/v2\/product\/38086\/revisions\/38612"}],"wp:featuredmedia":[{"embeddable":true,"href":"https:\/\/ledsteplight.com\/hu\/wp-json\/wp\/v2\/media\/37370"}],"wp:attachment":[{"href":"https:\/\/ledsteplight.com\/hu\/wp-json\/wp\/v2\/media?parent=38086"}],"wp:term":[{"taxonomy":"product_brand","embeddable":true,"href":"https:\/\/ledsteplight.com\/hu\/wp-json\/wp\/v2\/product_brand?post=38086"},{"taxonomy":"product_cat","embeddable":true,"href":"https:\/\/ledsteplight.com\/hu\/wp-json\/wp\/v2\/product_cat?post=38086"},{"taxonomy":"product_tag","embeddable":true,"href":"https:\/\/ledsteplight.com\/hu\/wp-json\/wp\/v2\/product_tag?post=38086"}],"curies":[{"name":"wp","href":"https:\/\/api.w.org\/{rel}","templated":true}]}}