{"id":38087,"date":"2025-09-08T13:04:27","date_gmt":"2025-09-08T13:04:27","guid":{"rendered":"https:\/\/ledsteplight.com\/import-placeholder-for-37257\/"},"modified":"2026-01-19T02:13:17","modified_gmt":"2026-01-19T02:13:17","slug":"the-professionals-choice-for-standard-86-box-installs","status":"publish","type":"product","link":"https:\/\/ledsteplight.com\/hu\/the-professionals-choice-for-standard-86-box-installs\/","title":{"rendered":"A szakemberek v\u00e1laszt\u00e1sa az 86-os doboz standard telep\u00edt\u00e9s\u00e9hez"},"content":{"rendered":"<table class=\"OxEWNITQ\">\n<thead>\n<tr>\n<th><strong>Term\u00e9ksorozat<\/strong><\/th>\n<th>MG-SN038-PLUS Sorozat<\/th>\n<\/tr>\n<\/thead>\n<tbody>\n<tr>\n<td><strong>Term\u00e9k m\u00e9rete<\/strong><\/td>\n<td>L87mm (Hossz) x W87mm (Sz\u00e9less\u00e9g) x H30mm (Magass\u00e1g)<\/td>\n<\/tr>\n<tr>\n<td><strong>V\u00e1g\u00e1si m\u00e9ret<\/strong><\/td>\n<td>86mm El\u0151re be\u00e9p\u00edtett doboz (Kompatibilis)<\/td>\n<\/tr>\n<tr>\n<td><strong>Funkci\u00f3vez\u00e9rl\u00e9s<\/strong><\/td>\n<td>BE\/KI<\/td>\n<\/tr>\n<tr>\n<td><strong>F\u00e9nyforr\u00e1s<\/strong><\/td>\n<td>OSRAM \/ <strong><a href=\"https:\/\/ledsteplight.com\/hu\/cree-bridgelux-chip-ip65-led-fixture-for-garden-facade-lighting\/\" class=\"waam-auto-link\" title=\"CREE LED\">CREE LED<\/a><\/strong> (RA&gt;90)<\/td>\n<\/tr>\n<tr>\n<td><strong>Teljes\u00edtm\u00e9ny<\/strong><\/td>\n<td>2W 600mA-n\u00e1l<\/td>\n<\/tr>\n<tr>\n<td><strong>S\u00faly<\/strong><\/td>\n<td>0,5 Kilogramm<\/td>\n<\/tr>\n<tr>\n<td><strong>AC bemenet<\/strong><\/td>\n<td>100-240V, 50-60Hz<\/td>\n<\/tr>\n<tr>\n<td><strong>Vez\u00e9rl\u0151<\/strong><\/td>\n<td>Be\u00e9p\u00edtett<\/td>\n<\/tr>\n<tr>\n<td><strong>Reflektor sz\u00f6g<\/strong><\/td>\n<td>Nem megadott<\/td>\n<\/tr>\n<tr>\n<td><strong><strong><a href=\"https:\/\/ledsteplight.com\/hu\/dm36b-pro-honeycomb-anti-glare-led-in-ground-light-ip67-24v-dc\/\" class=\"waam-auto-link\" title=\"Sz\u00ednh\u0151m\u00e9rs\u00e9klet\">Sz\u00ednh\u0151m\u00e9rs\u00e9klet<\/a><\/strong><\/strong><\/td>\n<td>3000K, 4000K, 5700K<\/td>\n<\/tr>\n<tr>\n<td><strong>Csatlakoztat\u00e1s (Vezet\u00e9kek\/Hossz\/Csatlakoz\u00f3k)<\/strong><\/td>\n<td>Nem megadott<\/td>\n<\/tr>\n<tr>\n<td><strong>Anyag<\/strong><\/td>\n<td>Alum\u00ednium<\/td>\n<\/tr>\n<tr>\n<td><strong>Sz\u00edn\/Bevonat<\/strong><\/td>\n<td>Homokfeh\u00e9r, Fekete kef\u00e9lt, Ez\u00fcst kef\u00e9lt (Testreszabhat\u00f3 kef\u00e9lt arany\/sz\u00fcrke)<\/td>\n<\/tr>\n<tr>\n<td><strong>IP besorol\u00e1s<\/strong><\/td>\n<td>IP65 (V\u00e9dett por \u00e9s v\u00edzsugarak ellen)<\/td>\n<\/tr>\n<tr>\n<td><strong>Szerel\u00e9si m\u00f3d<\/strong><\/td>\n<td>Rejtett be\u00e9p\u00edt\u00e9s (Kompatibilis 86mm csatlakoz\u00f3 dobozzal)<\/td>\n<\/tr>\n<\/tbody>\n<\/table>\n<p>Az MG-SN038-PLUS a munkahenger tart\u00f3, amire a B2B k\u00e9szlet\u00e9nek sz\u00fcks\u00e9ge van. Ezt telep\u00edt\u0151k sz\u00e1m\u00e1ra k\u00e9sz\u00edtett\u00fck: \u00fagy tervezt\u00fck, hogy t\u00f6k\u00e9letesen illeszkedjen b\u00e1rmilyen szabv\u00e1nyos 86 mm-es el\u0151re be\u00e9p\u00edtett csatlakoz\u00f3 dobozba (L87xW87mm). Ez azt jelenti, hogy nincs tal\u00e1lgat\u00e1s, nincs extra munka, \u00e9s nincs egyedi v\u00e1g\u00e1s\u2014csak tiszta, gyors, professzion\u00e1lis telep\u00edt\u00e9s minden alkalommal. Ez az egyszer\u0171 ON\/OFF modell, amely a megb\u00edzhat\u00f3s\u00e1gra lett tervezve. Szil\u00e1rd alum\u00ednium \u00f6tv\u00f6zet test\u00e9nek \u00e9s IP65 v\u00edz\u00e1ll\u00f3s\u00e1gi besorol\u00e1s\u00e1nak k\u00f6sz\u00f6nhet\u0151en k\u00e9szen \u00e1ll b\u00e1rmilyen k\u00fclt\u00e9ri j\u00e1rd\u00e1ra, l\u00e9pcs\u0151h\u00e1zra vagy teraszra.<\/p>\n<p>Bels\u0151leg minden egys\u00e9g pr\u00e9mium OSRAM\/CREE (CRI&gt;90) LED chipet \u00e9s be\u00e9p\u00edtett 100-240V-os meghajt\u00f3t tartalmaz, amelyek k\u00f6vetkezetes, magas min\u0151s\u00e9g\u0171 f\u00e9nyt biztos\u00edtanak. Gy\u00e1rk\u00f6zeli partnerk\u00e9nt teljes testreszab\u00e1st \u00e9s nagykereskedelmi \u00e1rakat k\u00edn\u00e1lunk nagyobb t\u00e9telek eset\u00e9n. B\u00e1r rakt\u00e1ron tartjuk a Homokfeh\u00e9r, F\u00e9nyes Fekete \u00e9s F\u00e9nyes Ez\u00fcst sz\u00edneket, k\u00f6nnyen gy\u00e1rthatunk egyedi fel\u00fcleteket, p\u00e9ld\u00e1ul F\u00e9nyes Arany vagy Sz\u00fcrke, hogy illeszkedjenek projektje hardver\u00e9hez. Ez az egyszer\u0171, megb\u00edzhat\u00f3, magas specifik\u00e1ci\u00f3j\u00fa l\u00e1mpa, amely el\u00e9gedett \u00fcgyfeleket \u00e9s alacsony k\u00f6lts\u00e9geket biztos\u00edt.<\/p>","protected":false},"excerpt":{"rendered":"<p>Nagykereskedelmi \u00e1rakat kap a 2W IP65 LED L\u00e1mpa (SN038-PLUS) term\u00e9kre. Illik a szabv\u00e1nyos 86-os dobozokba a k\u00f6nny\u0171 telep\u00edt\u00e9s \u00e9rdek\u00e9ben. Gy\u00e1r vagyunk, teljes egyedi \u00e9s mag\u00e1nc\u00edmke szolg\u00e1ltat\u00e1sokat k\u00edn\u00e1lunk.<\/p>","protected":false},"featured_media":37372,"comment_status":"open","ping_status":"closed","template":"","meta":[],"product_brand":[],"product_cat":[116,99,100,426,427,428,439,429,440,430,441,431,442,443,432,433,444,112,464,445,446,434,435,436,437],"product_tag":[117,102,103,76,77,113,78],"class_list":{"0":"post-38087","1":"product","2":"type-product","3":"status-publish","4":"has-post-thumbnail","6":"product_cat-038-series","7":"product_cat-039-series","8":"product_cat-aluminum-ground-light","9":"product_cat-ceiling-recessed","10":"product_cat-ceiling-surface","11":"product_cat-ceiling-suspended","12":"product_cat-commercial","13":"product_cat-drivers","14":"product_cat-education","15":"product_cat-freestanding-light","16":"product_cat-hospitality","17":"product_cat-industrial","18":"product_cat-infrastructure","19":"product_cat-landscape","20":"product_cat-landscaping","21":"product_cat-linear","22":"product_cat-office","23":"product_cat-outdoor-ground-light","24":"product_cat-c-outdoor-lighting","25":"product_cat-residential","26":"product_cat-retail","27":"product_cat-table-lamp","28":"product_cat-track","29":"product_cat-wall-recessed","30":"product_cat-wall-surface","31":"product_tag-038-series","32":"product_tag-039-series","33":"product_tag-aluminum-ground-light","34":"product_tag-aluminum-housing","35":"product_tag-ground-light","36":"product_tag-outdoor-ground-light","37":"product_tag-outdoor-lighting","39":"first","40":"instock","41":"shipping-taxable","42":"product-type-simple"},"_links":{"self":[{"href":"https:\/\/ledsteplight.com\/hu\/wp-json\/wp\/v2\/product\/38087","targetHints":{"allow":["GET"]}}],"collection":[{"href":"https:\/\/ledsteplight.com\/hu\/wp-json\/wp\/v2\/product"}],"about":[{"href":"https:\/\/ledsteplight.com\/hu\/wp-json\/wp\/v2\/types\/product"}],"replies":[{"embeddable":true,"href":"https:\/\/ledsteplight.com\/hu\/wp-json\/wp\/v2\/comments?post=38087"}],"version-history":[{"count":3,"href":"https:\/\/ledsteplight.com\/hu\/wp-json\/wp\/v2\/product\/38087\/revisions"}],"predecessor-version":[{"id":38600,"href":"https:\/\/ledsteplight.com\/hu\/wp-json\/wp\/v2\/product\/38087\/revisions\/38600"}],"wp:featuredmedia":[{"embeddable":true,"href":"https:\/\/ledsteplight.com\/hu\/wp-json\/wp\/v2\/media\/37372"}],"wp:attachment":[{"href":"https:\/\/ledsteplight.com\/hu\/wp-json\/wp\/v2\/media?parent=38087"}],"wp:term":[{"taxonomy":"product_brand","embeddable":true,"href":"https:\/\/ledsteplight.com\/hu\/wp-json\/wp\/v2\/product_brand?post=38087"},{"taxonomy":"product_cat","embeddable":true,"href":"https:\/\/ledsteplight.com\/hu\/wp-json\/wp\/v2\/product_cat?post=38087"},{"taxonomy":"product_tag","embeddable":true,"href":"https:\/\/ledsteplight.com\/hu\/wp-json\/wp\/v2\/product_tag?post=38087"}],"curies":[{"name":"wp","href":"https:\/\/api.w.org\/{rel}","templated":true}]}}