{"id":38088,"date":"2025-09-08T13:04:27","date_gmt":"2025-09-08T13:04:27","guid":{"rendered":"https:\/\/ledsteplight.com\/import-placeholder-for-37262\/"},"modified":"2026-01-19T02:13:17","modified_gmt":"2026-01-19T02:13:17","slug":"industrial-recessed-led-high-bay-light-zb27070-cree-osram-custom-factory-price","status":"publish","type":"product","link":"https:\/\/ledsteplight.com\/hu\/industrial-recessed-led-high-bay-light-zb27070-cree-osram-custom-factory-price\/","title":{"rendered":"Ipari be\u00e9p\u00edtett LED magas rakt\u00e1rvil\u00e1g\u00edt\u00e1s ZB27070 | CREE\/OSRAM | Egyedi gy\u00e1ri \u00e1r"},"content":{"rendered":"<table class=\"OxEWNITQ\">\n<thead>\n<tr>\n<th><strong>Term\u00e9kk\u00f3d<\/strong><\/th>\n<th><strong>MG-ZB27070<\/strong><\/th>\n<\/tr>\n<\/thead>\n<tbody>\n<tr>\n<td><strong>M\u00e9ret<\/strong><\/td>\n<td>L270<em>W70<\/em>H48mm<\/td>\n<\/tr>\n<tr>\n<td><strong>V\u00e1g\u00e1si m\u00e9ret<\/strong><\/td>\n<td>Telep\u00edt\u00e9si diagram megtekint\u00e9se a m\u0171szaki adatlap szerint<\/td>\n<\/tr>\n<tr>\n<td><strong>Funkci\u00f3vez\u00e9rl\u00e9s<\/strong><\/td>\n<td>Kapcsol\u00f3vez\u00e9rl\u00e9s<\/td>\n<\/tr>\n<tr>\n<td><strong>F\u00e9nyforr\u00e1s<\/strong><\/td>\n<td>OSRAM \/ CREE<\/td>\n<\/tr>\n<tr>\n<td><strong>Watt<\/strong><\/td>\n<td>5W<\/td>\n<\/tr>\n<tr>\n<td><strong>S\u00faly<\/strong><\/td>\n<td>0,7kg<\/td>\n<\/tr>\n<tr>\n<td><strong>Bemeneti fesz\u00fclts\u00e9g<\/strong><\/td>\n<td>AC220\/DC24V<\/td>\n<\/tr>\n<tr>\n<td><strong>Vez\u00e9rl\u0151<\/strong><\/td>\n<td>KGP\/SHIKI\/<\/td>\n<\/tr>\n<tr>\n<td><strong>Reflektor sz\u00f6g<\/strong><\/td>\n<td>Nem megadott<\/td>\n<\/tr>\n<tr>\n<td><strong><strong><a href=\"https:\/\/ledsteplight.com\/hu\/dm36b-pro-honeycomb-anti-glare-led-in-ground-light-ip67-24v-dc\/\" class=\"waam-auto-link\" title=\"Sz\u00ednh\u0151m\u00e9rs\u00e9klet\">Sz\u00ednh\u0151m\u00e9rs\u00e9klet<\/a><\/strong><\/strong><\/td>\n<td>Nem megadott<\/td>\n<\/tr>\n<tr>\n<td><strong>Anyag<\/strong><\/td>\n<td>Nem megadott<\/td>\n<\/tr>\n<tr>\n<td><strong>Sz\u00edn\/Bevonat<\/strong><\/td>\n<td>Nem megadott<\/td>\n<\/tr>\n<tr>\n<td><strong>IP besorol\u00e1s<\/strong><\/td>\n<td>Nem megadott<\/td>\n<\/tr>\n<tr>\n<td><strong>Telep\u00edt\u00e9s<\/strong><\/td>\n<td>Be\u00e1gyazott<\/td>\n<\/tr>\n<\/tbody>\n<\/table>\n<p>&nbsp;<\/p>\n<p data-start=\"472\" data-end=\"849\">Az MG-ZB27070 LED magas\u00e9p\u00fclet vil\u00e1g\u00edt\u00e1s olyan szem\u00e9lyek sz\u00e1m\u00e1ra k\u00e9sz\u00fclt, akik megb\u00edzhat\u00f3, probl\u00e9mamentes vil\u00e1g\u00edt\u00e1st keresnek ipari vagy kereskedelmi ter\u00fcleteken. Az OSRAM vagy CREE LED-eket haszn\u00e1lva, er\u0151s, stabil 5W-os teljes\u00edtm\u00e9nyt ny\u00fajt, mik\u00f6zben cs\u00f6kkenti az energiafogyaszt\u00e1st. A be\u00e9p\u00edtett kialak\u00edt\u00e1s szorosan illeszkedik a mennyezethez, tiszta megjelen\u00e9st k\u00f6lcs\u00f6n\u00f6zve, amely j\u00f3l m\u0171k\u00f6dik rakt\u00e1rakban, kiskereskedelmi ter\u00fcleteken vagy bemutat\u00f3termekben.<\/p>\n<p data-start=\"851\" data-end=\"1231\">Nagy volumen\u0171 haszn\u00e1latra k\u00e9sz\u00fclt \u2014 t\u00f6k\u00e9letes vil\u00e1g\u00edt\u00e1si kivitelez\u0151k, \u00e9p\u00edt\u0151k vagy viszontelad\u00f3k sz\u00e1m\u00e1ra, akik k\u00f6vetkezetes min\u0151s\u00e9get ig\u00e9nyelnek nagy t\u00e9telben. Kompatibilis AC220V\/DC24V-vel, megb\u00edzhat\u00f3 KGP vagy SHIKI meghajt\u00f3kkal m\u0171k\u00f6dik, ez a modell testreszabhat\u00f3 specifikus projektekhez vagy m\u00e1rk\u00e1zva OEM ell\u00e1t\u00e1sra. Tart\u00f3s, hat\u00e9kony \u00e9s k\u00f6nnyen telep\u00edthet\u0151 \u2014 okos v\u00e1laszt\u00e1s b\u00e1rmilyen modern vil\u00e1g\u00edt\u00e1si rendszerhez.<\/p>","protected":false},"excerpt":{"rendered":"<p>ZB27070 5W LED magas f\u00e9nyforr\u00e1s OSRAM\/CREE chipekkel. Be\u00e9p\u00edtett, tart\u00f3s \u00e9s energiatakar\u00e9kos. Egyedi OEM\/ODM nagykereskedelmi vil\u00e1g\u00edt\u00e1s ipari projektekhez.<\/p>","protected":false},"featured_media":37375,"comment_status":"open","ping_status":"closed","template":"","meta":[],"product_brand":[],"product_cat":[100,426,427,428,439,429,440,430,441,431,442,443,432,433,136,444,464,445,446,434,435,436,437],"product_tag":[103,76,111,109,137,114,115],"class_list":{"0":"post-38088","1":"product","2":"type-product","3":"status-publish","4":"has-post-thumbnail","6":"product_cat-aluminum-ground-light","7":"product_cat-ceiling-recessed","8":"product_cat-ceiling-surface","9":"product_cat-ceiling-suspended","10":"product_cat-commercial","11":"product_cat-drivers","12":"product_cat-education","13":"product_cat-freestanding-light","14":"product_cat-hospitality","15":"product_cat-industrial","16":"product_cat-infrastructure","17":"product_cat-landscape","18":"product_cat-landscaping","19":"product_cat-linear","20":"product_cat-narrow-border-ground-light","21":"product_cat-office","22":"product_cat-c-outdoor-lighting","23":"product_cat-residential","24":"product_cat-retail","25":"product_cat-table-lamp","26":"product_cat-track","27":"product_cat-wall-recessed","28":"product_cat-wall-surface","29":"product_tag-aluminum-ground-light","30":"product_tag-aluminum-housing","31":"product_tag-garden-lighting","32":"product_tag-led-fixture","33":"product_tag-narrow-border-ground-light","34":"product_tag-pathway-light","35":"product_tag-recessed-light","37":"first","38":"instock","39":"shipping-taxable","40":"product-type-simple"},"_links":{"self":[{"href":"https:\/\/ledsteplight.com\/hu\/wp-json\/wp\/v2\/product\/38088","targetHints":{"allow":["GET"]}}],"collection":[{"href":"https:\/\/ledsteplight.com\/hu\/wp-json\/wp\/v2\/product"}],"about":[{"href":"https:\/\/ledsteplight.com\/hu\/wp-json\/wp\/v2\/types\/product"}],"replies":[{"embeddable":true,"href":"https:\/\/ledsteplight.com\/hu\/wp-json\/wp\/v2\/comments?post=38088"}],"version-history":[{"count":3,"href":"https:\/\/ledsteplight.com\/hu\/wp-json\/wp\/v2\/product\/38088\/revisions"}],"predecessor-version":[{"id":38601,"href":"https:\/\/ledsteplight.com\/hu\/wp-json\/wp\/v2\/product\/38088\/revisions\/38601"}],"wp:featuredmedia":[{"embeddable":true,"href":"https:\/\/ledsteplight.com\/hu\/wp-json\/wp\/v2\/media\/37375"}],"wp:attachment":[{"href":"https:\/\/ledsteplight.com\/hu\/wp-json\/wp\/v2\/media?parent=38088"}],"wp:term":[{"taxonomy":"product_brand","embeddable":true,"href":"https:\/\/ledsteplight.com\/hu\/wp-json\/wp\/v2\/product_brand?post=38088"},{"taxonomy":"product_cat","embeddable":true,"href":"https:\/\/ledsteplight.com\/hu\/wp-json\/wp\/v2\/product_cat?post=38088"},{"taxonomy":"product_tag","embeddable":true,"href":"https:\/\/ledsteplight.com\/hu\/wp-json\/wp\/v2\/product_tag?post=38088"}],"curies":[{"name":"wp","href":"https:\/\/api.w.org\/{rel}","templated":true}]}}