{"id":38089,"date":"2025-09-08T13:04:27","date_gmt":"2025-09-08T13:04:27","guid":{"rendered":"https:\/\/ledsteplight.com\/import-placeholder-for-37281\/"},"modified":"2026-01-19T02:13:18","modified_gmt":"2026-01-19T02:13:18","slug":"mg-gyd039-150-custom-led-in-ground-light-factory-supply","status":"publish","type":"product","link":"https:\/\/ledsteplight.com\/hu\/mg-gyd039-150-custom-led-in-ground-light-factory-supply\/","title":{"rendered":"MG-GYD039-150 Egyedi LED F\u00f6ld alatti L\u00e1mpa | Gy\u00e1ri Szolg\u00e1ltat\u00e1s"},"content":{"rendered":"<h3 data-start=\"94\" data-end=\"120\"><\/h3>\n<table data-start=\"122\" data-end=\"1446\">\n<thead data-start=\"122\" data-end=\"209\">\n<tr data-start=\"122\" data-end=\"209\">\n<th data-start=\"122\" data-end=\"151\"><strong data-start=\"124\" data-end=\"137\">Param\u00e9ter<\/strong><\/th>\n<th data-start=\"151\" data-end=\"209\"><strong data-start=\"153\" data-end=\"182\">Jellemz\u0151 \/ Le\u00edr\u00e1s<\/strong><\/th>\n<\/tr>\n<\/thead>\n<tbody data-start=\"298\" data-end=\"1446\">\n<tr data-start=\"298\" data-end=\"385\">\n<td><strong data-start=\"300\" data-end=\"317\">Term\u00e9kk\u00f3d<\/strong><\/td>\n<td>MG-GYD039-150<\/td>\n<\/tr>\n<tr data-start=\"386\" data-end=\"473\">\n<td><strong data-start=\"388\" data-end=\"408\">Term\u00e9kkateg\u00f3ria<\/strong><\/td>\n<td>LED F\u00f6ldalatti L\u00e1mpa<\/td>\n<\/tr>\n<tr data-start=\"474\" data-end=\"561\">\n<td><strong data-start=\"476\" data-end=\"497\">\u00dczemi fesz\u00fclts\u00e9g<\/strong><\/td>\n<td>24V DC <em data-start=\"512\" data-end=\"529\">(p\u00e9ld\u00e1ul \u00e9rt\u00e9k)<\/em><\/td>\n<\/tr>\n<tr data-start=\"562\" data-end=\"649\">\n<td><strong data-start=\"564\" data-end=\"585\">\u00dczemi \u00e1ram<\/strong><\/td>\n<td>\u2014 (Nincs megadva)<\/td>\n<\/tr>\n<tr data-start=\"650\" data-end=\"737\">\n<td><strong data-start=\"652\" data-end=\"673\">Fogyaszt\u00e1s<\/strong><\/td>\n<td>&lt; 45W <em data-start=\"687\" data-end=\"704\">(p\u00e9ld\u00e1ul \u00e9rt\u00e9k)<\/em><\/td>\n<\/tr>\n<tr data-start=\"738\" data-end=\"825\">\n<td><strong data-start=\"740\" data-end=\"756\">Lumen kimenet<\/strong><\/td>\n<td>1500 lm <em data-start=\"777\" data-end=\"794\">(p\u00e9ld\u00e1ul \u00e9rt\u00e9k)<\/em><\/td>\n<\/tr>\n<tr data-start=\"826\" data-end=\"911\">\n<td><strong data-start=\"828\" data-end=\"849\">Sz\u00ednh\u0151m\u00e9rs\u00e9klet<\/strong><\/td>\n<td>5000K<\/td>\n<\/tr>\n<tr data-start=\"912\" data-end=\"999\">\n<td><strong data-start=\"914\" data-end=\"927\">IP besorol\u00e1s<\/strong><\/td>\n<td>IP67 (V\u00edz\u00e1ll\u00f3 \u00e9s por\u00e1ll\u00f3)<\/td>\n<\/tr>\n<tr data-start=\"1000\" data-end=\"1087\">\n<td><strong data-start=\"1002\" data-end=\"1027\">\u00dczemel\u00e9si h\u0151m\u00e9rs\u00e9klet<\/strong><\/td>\n<td>-20\u00b0C-t\u00f3l +60\u00b0C-ig<\/td>\n<\/tr>\n<tr data-start=\"1088\" data-end=\"1175\">\n<td><strong data-start=\"1090\" data-end=\"1104\">M\u00e9ret<\/strong><\/td>\n<td>\u2014 (Nincs megadva)<\/td>\n<\/tr>\n<tr data-start=\"1176\" data-end=\"1263\">\n<td><strong data-start=\"1178\" data-end=\"1188\">S\u00faly<\/strong><\/td>\n<td>\u2014 (Nincs megadva)<\/td>\n<\/tr>\n<tr data-start=\"1264\" data-end=\"1351\">\n<td><strong data-start=\"1266\" data-end=\"1278\">\u00c9lettartam<\/strong><\/td>\n<td>Ak\u00e1r 50 000 \u00f3r\u00e1ig <em data-start=\"1314\" data-end=\"1331\">(p\u00e9ld\u00e1ul \u00e9rt\u00e9k)<\/em><\/td>\n<\/tr>\n<tr data-start=\"1352\" data-end=\"1446\">\n<td><strong data-start=\"1354\" data-end=\"1377\">Tov\u00e1bbi funkci\u00f3k<\/strong><\/td>\n<td>Intelligens vez\u00e9rl\u00e9s, modul\u00e1ris kialak\u00edt\u00e1s, energiatakar\u00e9kos, massz\u00edv fel\u00e9p\u00edt\u00e9s<\/td>\n<\/tr>\n<\/tbody>\n<\/table>\n<p data-start=\"393\" data-end=\"841\"><strong data-start=\"397\" data-end=\"434\">MG-GYD039-150 <strong><a href=\"https:\/\/ledsteplight.com\/hu\/dm36b-pro-honeycomb-anti-glare-led-in-ground-light-ip67-24v-dc\/\" class=\"waam-auto-link\" title=\"LED f\u00f6ldbe s\u00fcllyesztett l\u00e1mpa\">LED f\u00f6ldbe s\u00fcllyesztett l\u00e1mpa<\/a><\/strong><\/strong> egy pr\u00e9mium <strong><a href=\"https:\/\/ledsteplight.com\/hu\/low-voltage-landscape-lighting-effective-outdoor-solutions\/\" class=\"waam-auto-link\" title=\"k\u00fclt\u00e9ri vil\u00e1g\u00edt\u00e1s\">k\u00fclt\u00e9ri vil\u00e1g\u00edt\u00e1s<\/a><\/strong> megold\u00e1s, amely a tart\u00f3ss\u00e1gra \u00e9s a teljes\u00edtm\u00e9nyre lett tervezve. Gy\u00e1rtva prec\u00edzen a gy\u00e1runkban, ez a nagy teljes\u00edtm\u00e9ny\u0171 24V DC l\u00e1mpa ak\u00e1r 1500 lumen f\u00e9nyer\u0151t biztos\u00edt 5000K sz\u00ednh\u0151m\u00e9rs\u00e9klettel, biztos\u00edtva a f\u00e9nyes \u00e9s egyenletes megvil\u00e1g\u00edt\u00e1st <strong><a href=\"https:\/\/ledsteplight.com\/hu\/pir-sensor-step-light-top-advantages-for-safety\/\" class=\"waam-auto-link\" title=\"megvil\u00e1g\u00edt\u00e1s\u00e9rt\">megvil\u00e1g\u00edt\u00e1s\u00e9rt<\/a><\/strong> s\u00e9t\u00e1nyokhoz, behajt\u00f3khoz \u00e9s \u00e9p\u00edt\u00e9szeti t\u00e1jk\u00e9pekhez. Az <strong data-start=\"749\" data-end=\"775\">IP67 v\u00edz\u00e1ll\u00f3 kialak\u00edt\u00e1s<\/strong> megb\u00edzhat\u00f3 m\u0171k\u00f6d\u00e9st garant\u00e1l m\u00e9g zord k\u00fclt\u00e9ri k\u00f6r\u00fclm\u00e9nyek k\u00f6z\u00f6tt is.<\/p>\n<p data-start=\"843\" data-end=\"1208\">Specializ\u00e1l\u00f3dunk <strong data-start=\"860\" data-end=\"904\">OEM &amp; ODM LED <strong><a href=\"https:\/\/ledsteplight.com\/hu\/5w-led-in-ground-lights-ip65-waterproof-outdoor-driveway-garden-floor-lighting\/\" class=\"waam-auto-link\" title=\"f\u00f6ldi vil\u00e1g\u00edt\u00e1s\">f\u00f6ldi vil\u00e1g\u00edt\u00e1s<\/a><\/strong> gy\u00e1rt\u00e1si<\/strong>, egyedi watt-\u00e9rt\u00e9kekkel, sug\u00e1rir\u00e1nyokkal \u00e9s h\u00e1zanyagokkal k\u00edn\u00e1lva, hogy megfeleljen a k\u00fcl\u00f6nb\u00f6z\u0151 projektek ig\u00e9nyeinek. Energiahat\u00e9kony alkatr\u00e9szekkel \u00e9s modul\u00e1ris fel\u00e9p\u00edt\u00e9ssel \u00e9p\u00edtve, az MG-GYD039-150 hossz\u00fa \u00e9lettartamot biztos\u00edt, ak\u00e1r 50 000 \u00f3r\u00e1t\u2014ide\u00e1lis professzion\u00e1lis t\u00e1j\u00e9p\u00edt\u00e9shez \u00e9s <strong><a href=\"https:\/\/ledsteplight.com\/hu\/cree-bridgelux-chip-ip65-led-fixture-for-garden-facade-lighting\/\" class=\"waam-auto-link\" title=\"\u00e9p\u00edt\u00e9szeti vil\u00e1g\u00edt\u00e1st\">\u00e9p\u00edt\u00e9szeti vil\u00e1g\u00edt\u00e1st<\/a><\/strong> alkalmaz\u00e1sokhoz.<\/p>","protected":false},"excerpt":{"rendered":"<p>MG-GYD039-150 LED f\u00f6ld alatti l\u00e1mp\u00e1k gy\u00e1rt\u00f3ja. Egyedi tervek, OEM\/ODM lehet\u0151s\u00e9gek, IP67 v\u00edz\u00e1ll\u00f3, max. 45W teljes\u00edtm\u00e9ny, 1500 lm f\u00e9nyer\u0151, gy\u00e1ri k\u00f6zvetlen sz\u00e1ll\u00edt\u00e1s.<\/p>","protected":false},"featured_media":37378,"comment_status":"open","ping_status":"closed","template":"","meta":[],"product_brand":[],"product_cat":[99,100,426,427,428,439,429,440,430,441,431,442,443,432,433,444,464,445,446,101,434,435,436,437],"product_tag":[102,103,76,111,77,114,115,104],"class_list":{"0":"post-38089","1":"product","2":"type-product","3":"status-publish","4":"has-post-thumbnail","6":"product_cat-039-series","7":"product_cat-aluminum-ground-light","8":"product_cat-ceiling-recessed","9":"product_cat-ceiling-surface","10":"product_cat-ceiling-suspended","11":"product_cat-commercial","12":"product_cat-drivers","13":"product_cat-education","14":"product_cat-freestanding-light","15":"product_cat-hospitality","16":"product_cat-industrial","17":"product_cat-infrastructure","18":"product_cat-landscape","19":"product_cat-landscaping","20":"product_cat-linear","21":"product_cat-office","22":"product_cat-c-outdoor-lighting","23":"product_cat-residential","24":"product_cat-retail","25":"product_cat-sensor-ground-light","26":"product_cat-table-lamp","27":"product_cat-track","28":"product_cat-wall-recessed","29":"product_cat-wall-surface","30":"product_tag-039-series","31":"product_tag-aluminum-ground-light","32":"product_tag-aluminum-housing","33":"product_tag-garden-lighting","34":"product_tag-ground-light","35":"product_tag-pathway-light","36":"product_tag-recessed-light","37":"product_tag-sensor-ground-light","39":"first","40":"instock","41":"shipping-taxable","42":"product-type-simple"},"_links":{"self":[{"href":"https:\/\/ledsteplight.com\/hu\/wp-json\/wp\/v2\/product\/38089","targetHints":{"allow":["GET"]}}],"collection":[{"href":"https:\/\/ledsteplight.com\/hu\/wp-json\/wp\/v2\/product"}],"about":[{"href":"https:\/\/ledsteplight.com\/hu\/wp-json\/wp\/v2\/types\/product"}],"replies":[{"embeddable":true,"href":"https:\/\/ledsteplight.com\/hu\/wp-json\/wp\/v2\/comments?post=38089"}],"version-history":[{"count":3,"href":"https:\/\/ledsteplight.com\/hu\/wp-json\/wp\/v2\/product\/38089\/revisions"}],"predecessor-version":[{"id":38602,"href":"https:\/\/ledsteplight.com\/hu\/wp-json\/wp\/v2\/product\/38089\/revisions\/38602"}],"wp:featuredmedia":[{"embeddable":true,"href":"https:\/\/ledsteplight.com\/hu\/wp-json\/wp\/v2\/media\/37378"}],"wp:attachment":[{"href":"https:\/\/ledsteplight.com\/hu\/wp-json\/wp\/v2\/media?parent=38089"}],"wp:term":[{"taxonomy":"product_brand","embeddable":true,"href":"https:\/\/ledsteplight.com\/hu\/wp-json\/wp\/v2\/product_brand?post=38089"},{"taxonomy":"product_cat","embeddable":true,"href":"https:\/\/ledsteplight.com\/hu\/wp-json\/wp\/v2\/product_cat?post=38089"},{"taxonomy":"product_tag","embeddable":true,"href":"https:\/\/ledsteplight.com\/hu\/wp-json\/wp\/v2\/product_tag?post=38089"}],"curies":[{"name":"wp","href":"https:\/\/api.w.org\/{rel}","templated":true}]}}