{"id":38090,"date":"2025-09-08T13:04:27","date_gmt":"2025-09-08T13:04:27","guid":{"rendered":"https:\/\/ledsteplight.com\/import-placeholder-for-37282\/"},"modified":"2025-12-11T13:30:17","modified_gmt":"2025-12-11T13:30:17","slug":"wholesale-5w-led-ground-light-gyd039-150-ip65-in-ground-surface-mount","status":"publish","type":"product","link":"https:\/\/ledsteplight.com\/hu\/wholesale-5w-led-ground-light-gyd039-150-ip65-in-ground-surface-mount\/","title":{"rendered":"Nagykereskedelmi 5W LED f\u00f6ldvil\u00e1g\u00edt\u00f3 (GYD039-150) | IP65 f\u00f6ldbe s\u00fcllyesztett\/fel\u00fcletre szerelhet\u0151"},"content":{"rendered":"<table data-start=\"138\" data-end=\"1548\">\n<thead data-start=\"138\" data-end=\"220\">\n<tr data-start=\"138\" data-end=\"220\">\n<th data-start=\"138\" data-end=\"168\"><strong data-start=\"140\" data-end=\"153\">Param\u00e9ter<\/strong><\/th>\n<th data-start=\"168\" data-end=\"220\"><strong data-start=\"170\" data-end=\"181\">R\u00e9szletek<\/strong><\/th>\n<\/tr>\n<\/thead>\n<tbody data-start=\"304\" data-end=\"1548\">\n<tr data-start=\"304\" data-end=\"386\">\n<td><strong data-start=\"306\" data-end=\"315\">Modell<\/strong><\/td>\n<td>MG-GYD039-150<\/td>\n<\/tr>\n<tr data-start=\"387\" data-end=\"469\">\n<td><strong data-start=\"389\" data-end=\"398\">Teljes\u00edtm\u00e9ny<\/strong><\/td>\n<td>5W<\/td>\n<\/tr>\n<tr data-start=\"470\" data-end=\"552\">\n<td><strong data-start=\"472\" data-end=\"484\">LED T\u00edpus<\/strong><\/td>\n<td>COB LED<\/td>\n<\/tr>\n<tr data-start=\"553\" data-end=\"635\">\n<td><strong data-start=\"555\" data-end=\"572\">Bemeneti fesz\u00fclts\u00e9g<\/strong><\/td>\n<td>AC85-265V<\/td>\n<\/tr>\n<tr data-start=\"636\" data-end=\"718\">\n<td><strong data-start=\"638\" data-end=\"659\"><strong><a href=\"https:\/\/ledsteplight.com\/hu\/dm36b-pro-honeycomb-anti-glare-led-in-ground-light-ip67-24v-dc\/\" class=\"waam-auto-link\" title=\"Sz\u00ednh\u0151m\u00e9rs\u00e9klet\">Sz\u00ednh\u0151m\u00e9rs\u00e9klet<\/a><\/strong><\/strong><\/td>\n<td>3000K \/ 6000K (Meleg Feh\u00e9r \/ Hideg Feh\u00e9r)<\/td>\n<\/tr>\n<tr data-start=\"719\" data-end=\"801\">\n<td><strong data-start=\"721\" data-end=\"733\">\u00c9lettartam<\/strong><\/td>\n<td>40 000 \u00f3ra<\/td>\n<\/tr>\n<tr data-start=\"802\" data-end=\"884\">\n<td><strong data-start=\"804\" data-end=\"817\">IP besorol\u00e1s<\/strong><\/td>\n<td>IP65 (V\u00edz\u00e1ll\u00f3, Por\u00e1ll\u00f3)<\/td>\n<\/tr>\n<tr data-start=\"885\" data-end=\"967\">\n<td><strong data-start=\"887\" data-end=\"901\">F\u00e9nycs\u00f3va sz\u00f6ge<\/strong><\/td>\n<td>120\u00b0<\/td>\n<\/tr>\n<tr data-start=\"968\" data-end=\"1050\">\n<td><strong data-start=\"970\" data-end=\"995\">\u00dczemel\u00e9si h\u0151m\u00e9rs\u00e9klet<\/strong><\/td>\n<td>-20\u00b0C-t\u00f3l +40\u00b0C-ig<\/td>\n<\/tr>\n<tr data-start=\"1051\" data-end=\"1133\">\n<td><strong data-start=\"1053\" data-end=\"1074\">Telep\u00edt\u00e9si T\u00edpus<\/strong><\/td>\n<td>F\u00f6ldbe s\u00fcllyesztett \/ Fel\u00fcletre szerelhet\u0151<\/td>\n<\/tr>\n<tr data-start=\"1134\" data-end=\"1216\">\n<td><strong data-start=\"1136\" data-end=\"1148\">Garancia<\/strong><\/td>\n<td>3 \u00e9v<\/td>\n<\/tr>\n<tr data-start=\"1217\" data-end=\"1299\">\n<td><strong data-start=\"1219\" data-end=\"1236\">Tan\u00fas\u00edtv\u00e1ny<\/strong><\/td>\n<td>CE, RoHS<\/td>\n<\/tr>\n<tr data-start=\"1300\" data-end=\"1382\">\n<td><strong data-start=\"1302\" data-end=\"1317\">Alkalmaz\u00e1s<\/strong><\/td>\n<td>K\u00fclt\u00e9ri (Kert, \u00dat, S\u00e9ta\u00fat, Terasz)<\/td>\n<\/tr>\n<tr data-start=\"1383\" data-end=\"1465\">\n<td><strong data-start=\"1385\" data-end=\"1394\">Sz\u00edn<\/strong><\/td>\n<td>Rozsdamentes Ac\u00e9l \/ Bronzozott Ez\u00fcst<\/td>\n<\/tr>\n<tr data-start=\"1466\" data-end=\"1548\">\n<td><strong data-start=\"1468\" data-end=\"1478\">S\u00faly<\/strong><\/td>\n<td>0,48 kg<\/td>\n<\/tr>\n<\/tbody>\n<\/table>\n<p>&nbsp;<\/p>\n<p>MG-GYD039-150 sokoldal\u00fa, megb\u00edzhat\u00f3 <strong><a href=\"https:\/\/ledsteplight.com\/hu\/cree-bridgelux-chip-ip65-led-fixture-for-garden-facade-lighting\/\" class=\"waam-auto-link\" title=\"f\u00f6ldi vil\u00e1g\u00edt\u00e1s\">f\u00f6ldi vil\u00e1g\u00edt\u00e1s<\/a><\/strong> Az \u00d6n B2B \u00fcgyfelei ezt k\u00e9rdezt\u00e9k. Ezt az 5W COB l\u00e1mpatestet az\u00e9rt k\u00e9sz\u00edtett\u00fck, hogy megoldja a probl\u00e9m\u00e1kat: az IP65 v\u00edz\u00e1ll\u00f3s\u00e1gi besorol\u00e1s \u00e9s a strapab\u00edr\u00f3, -20\u00b0C-t\u00f3l +40\u00b0C-ig terjed\u0151 m\u0171k\u00f6d\u00e9si tartom\u00e1ny azt jelenti, hogy k\u00e9szen \u00e1ll b\u00e1rmilyen k\u00fclt\u00e9ri projektre. Az 5W COB chip er\u0151teljes, egyenletes f\u00e9nyt biztos\u00edt (Meleg vagy Hideg Feh\u00e9r) sz\u00e9les, 120\u00b0-os \u00e1rv\u00edzf\u00e9nyben, t\u00f6k\u00e9letes a j\u00e1rd\u00e1k, kert\u00e1gy\u00e1sok \u00e9s s\u00e9t\u00e1nyok megvil\u00e1g\u00edt\u00e1s\u00e1ra an\u00e9lk\u00fcl, hogy forr\u00f3 pontokat hozna l\u00e9tre.<\/p>\n<p>A legfontosabb jellemz\u0151je a rugalmas telep\u00edt\u00e9s. Ez az egys\u00e9g mind f\u00f6ldbe s\u00fcllyesztett, mind fel\u00fcletre szerelhet\u0151 alkalmaz\u00e1sokhoz tervezett, cs\u00f6kkentve a rakt\u00e1rozand\u00f3 SKU-k sz\u00e1m\u00e1t. Az er\u0151s AC85-265V bemenettel m\u0171k\u00f6d\u0151 \u00e9s 40 000 \u00f3r\u00e1s \u00e9lettartamra tervezett, CE\/RoHS tan\u00fas\u00edtv\u00e1nnyal rendelkez\u0151 l\u00e1mpa a teljes\u00edtm\u00e9nyre \u00e9s megb\u00edzhat\u00f3s\u00e1gra lett kialak\u00edtva. Gy\u00e1rpartnerk\u00e9nt nagykereskedelmi \u00e1rakat \u00e9s teljes testreszab\u00e1si lehet\u0151s\u00e9geket k\u00edn\u00e1lunk, hogy megfelelj\u00fcnk projektjei specifik\u00e1ci\u00f3inak.<\/p>","protected":false},"excerpt":{"rendered":"<p data-start=\"4422\" data-end=\"4915\">Szerezze be az 5W IP65 (120\u00b0 Sug\u00e1r) f\u00f6ldalatti l\u00e1mp\u00e1t k\u00f6zvetlen\u00fcl a gy\u00e1rt\u00f3t\u00f3l. Nagykereskedelmi besz\u00e1ll\u00edt\u00f3k\u00e9nt teljes egyedi (OEM) gy\u00e1rt\u00e1st k\u00edn\u00e1lunk B2B projektekhez.<\/p>","protected":false},"featured_media":37381,"comment_status":"open","ping_status":"closed","template":"","meta":[],"product_brand":[],"product_cat":[99,100,426,427,428,439,429,440,430,441,431,442,443,432,433,444,445,446,101,434,435,436,437],"product_tag":[102,103,76,111,77,110,115,104],"class_list":{"0":"post-38090","1":"product","2":"type-product","3":"status-publish","4":"has-post-thumbnail","6":"product_cat-039-series","7":"product_cat-aluminum-ground-light","8":"product_cat-ceiling-recessed","9":"product_cat-ceiling-surface","10":"product_cat-ceiling-suspended","11":"product_cat-commercial","12":"product_cat-drivers","13":"product_cat-education","14":"product_cat-freestanding-light","15":"product_cat-hospitality","16":"product_cat-industrial","17":"product_cat-infrastructure","18":"product_cat-landscape","19":"product_cat-landscaping","20":"product_cat-linear","21":"product_cat-office","22":"product_cat-residential","23":"product_cat-retail","24":"product_cat-sensor-ground-light","25":"product_cat-table-lamp","26":"product_cat-track","27":"product_cat-wall-recessed","28":"product_cat-wall-surface","29":"product_tag-039-series","30":"product_tag-aluminum-ground-light","31":"product_tag-aluminum-housing","32":"product_tag-garden-lighting","33":"product_tag-ground-light","34":"product_tag-landscape-light","35":"product_tag-recessed-light","36":"product_tag-sensor-ground-light","38":"first","39":"instock","40":"shipping-taxable","41":"product-type-simple"},"_links":{"self":[{"href":"https:\/\/ledsteplight.com\/hu\/wp-json\/wp\/v2\/product\/38090","targetHints":{"allow":["GET"]}}],"collection":[{"href":"https:\/\/ledsteplight.com\/hu\/wp-json\/wp\/v2\/product"}],"about":[{"href":"https:\/\/ledsteplight.com\/hu\/wp-json\/wp\/v2\/types\/product"}],"replies":[{"embeddable":true,"href":"https:\/\/ledsteplight.com\/hu\/wp-json\/wp\/v2\/comments?post=38090"}],"version-history":[{"count":3,"href":"https:\/\/ledsteplight.com\/hu\/wp-json\/wp\/v2\/product\/38090\/revisions"}],"predecessor-version":[{"id":38603,"href":"https:\/\/ledsteplight.com\/hu\/wp-json\/wp\/v2\/product\/38090\/revisions\/38603"}],"wp:featuredmedia":[{"embeddable":true,"href":"https:\/\/ledsteplight.com\/hu\/wp-json\/wp\/v2\/media\/37381"}],"wp:attachment":[{"href":"https:\/\/ledsteplight.com\/hu\/wp-json\/wp\/v2\/media?parent=38090"}],"wp:term":[{"taxonomy":"product_brand","embeddable":true,"href":"https:\/\/ledsteplight.com\/hu\/wp-json\/wp\/v2\/product_brand?post=38090"},{"taxonomy":"product_cat","embeddable":true,"href":"https:\/\/ledsteplight.com\/hu\/wp-json\/wp\/v2\/product_cat?post=38090"},{"taxonomy":"product_tag","embeddable":true,"href":"https:\/\/ledsteplight.com\/hu\/wp-json\/wp\/v2\/product_tag?post=38090"}],"curies":[{"name":"wp","href":"https:\/\/api.w.org\/{rel}","templated":true}]}}