{"id":38092,"date":"2025-09-08T13:04:28","date_gmt":"2025-09-08T13:04:28","guid":{"rendered":"https:\/\/ledsteplight.com\/import-placeholder-for-37284\/"},"modified":"2026-01-19T02:13:12","modified_gmt":"2026-01-19T02:13:12","slug":"wholesale-motion-sensor-led-in-ground-light-gyd039-18525-3w-aluminum-housing","status":"publish","type":"product","link":"https:\/\/ledsteplight.com\/hu\/wholesale-motion-sensor-led-in-ground-light-gyd039-18525-3w-aluminum-housing\/","title":{"rendered":"Nagykereskedelmi Mozg\u00e1s\u00e9rz\u00e9kel\u0151s LED F\u00f6ldalatti Vil\u00e1g\u00edt\u00e1s \u2013 GYD039-18525, 3W, Alum\u00ednium h\u00e1z"},"content":{"rendered":"<p id=\"\">karakterek:<\/p>\n<table class=\"OxEWNITQ\">\n<thead>\n<tr>\n<th><strong>Term\u00e9kk\u00f3d<\/strong><\/th>\n<th>MG-GYD039-18525<\/th>\n<\/tr>\n<\/thead>\n<tbody>\n<tr>\n<td><strong>Term\u00e9k m\u00e9rete<\/strong><\/td>\n<td>L185mm<em>W25mm<\/em>H60mm<\/td>\n<\/tr>\n<tr>\n<td><strong>V\u00e1g\u00e1si m\u00e9ret<\/strong><\/td>\n<td>Az \u00fczembe helyez\u00e9si diagramra hivatkozzon a m\u0171szaki adatok k\u00f6z\u00f6tt<\/td>\n<\/tr>\n<tr>\n<td><strong>Funkci\u00f3vez\u00e9rl\u00e9s<\/strong><\/td>\n<td>Ember <strong><a href=\"https:\/\/ledsteplight.com\/hu\/pir-sensor-step-light-top-advantages-for-safety\/\" class=\"waam-auto-link\" title=\"Mozg\u00e1s\u00e9rz\u00e9kel\u0151\">Mozg\u00e1s\u00e9rz\u00e9kel\u0151<\/a><\/strong><\/td>\n<\/tr>\n<tr>\n<td><strong>F\u00e9nyforr\u00e1s<\/strong><\/td>\n<td>OSRAM \/ CREE LED<\/td>\n<\/tr>\n<tr>\n<td><strong>Watt<\/strong><\/td>\n<td>3W (300mA)<\/td>\n<\/tr>\n<tr>\n<td><strong>S\u00faly<\/strong><\/td>\n<td>0,7KG<\/td>\n<\/tr>\n<tr>\n<td><strong>AC bemenet<\/strong><\/td>\n<td>100-240V, 50-60Hz<\/td>\n<\/tr>\n<tr>\n<td><strong>Vez\u00e9rl\u0151<\/strong><\/td>\n<td>N\/A (Nem megadott)<\/td>\n<\/tr>\n<tr>\n<td><strong>Reflektor sz\u00f6g<\/strong><\/td>\n<td>N\/A (Nem megadott)<\/td>\n<\/tr>\n<tr>\n<td><strong><strong><a href=\"https:\/\/ledsteplight.com\/hu\/dm36b-pro-honeycomb-anti-glare-led-in-ground-light-ip67-24v-dc\/\" class=\"waam-auto-link\" title=\"Sz\u00ednh\u0151m\u00e9rs\u00e9klet\">Sz\u00ednh\u0151m\u00e9rs\u00e9klet<\/a><\/strong><\/strong><\/td>\n<td>2700K, 3000K, 4000K, 6000K<\/td>\n<\/tr>\n<tr>\n<td><strong>Csatlakoztat\u00e1s (Vezet\u00e9kek\/Hossz\/Csatlakoz\u00f3k)<\/strong><\/td>\n<td>N\/A (Nem megadott)<\/td>\n<\/tr>\n<tr>\n<td><strong>Anyag<\/strong><\/td>\n<td>Alum\u00ednium<\/td>\n<\/tr>\n<tr>\n<td><strong>Sz\u00edn\/Bevonat<\/strong><\/td>\n<td>Homokfeh\u00e9r, Homokfekete<\/td>\n<\/tr>\n<tr>\n<td><strong>IP besorol\u00e1s<\/strong><\/td>\n<td>IP20<\/td>\n<\/tr>\n<tr>\n<td><strong>Szerel\u00e9si m\u00f3d<\/strong><\/td>\n<td>Rejtett be\u00e9p\u00edt\u00e9s (opcion\u00e1lis el\u0151re be\u00e1gyazott r\u00e9szekkel)<\/td>\n<\/tr>\n<\/tbody>\n<\/table>\n<p id=\"\">\n<p data-start=\"595\" data-end=\"962\"><strong data-start=\"599\" data-end=\"651\">MG-GYD039-18525 Mozg\u00e1s\u00e9rz\u00e9kel\u0151 Ultra-Ground L\u00e1mpa<\/strong> egy\u00fcttm\u0171k\u00f6dik az energiahat\u00e9konys\u00e1ggal \u00e9s az intelligens vez\u00e9rl\u00e9ssel, \u00edgy kiv\u00e1l\u00f3 v\u00e1laszt\u00e1s nagyobb k\u00fclt\u00e9ri \u00e9s \u00e9p\u00edt\u00e9szeti projektekhez. Jellemz\u0151je egy <strong data-start=\"799\" data-end=\"820\">3W OSRAM\/CREE LED<\/strong> \u00e9s t\u00f6bb sz\u00ednh\u0151m\u00e9rs\u00e9kleti lehet\u0151s\u00e9g (2700K, 3000K, 4000K, 6000K), sokoldal\u00fa vil\u00e1g\u00edt\u00e1si teljes\u00edtm\u00e9nyt ny\u00fajt k\u00fcl\u00f6nb\u00f6z\u0151 k\u00f6rnyezetekben.<\/p>\n<p data-start=\"964\" data-end=\"1329\">Kiv\u00e1l\u00f3 min\u0151s\u00e9g\u0171 <strong data-start=\"985\" data-end=\"1005\">alum\u00ednium h\u00e1z<\/strong> homokfeh\u00e9r vagy homokfekete fel\u00fcleteken ez a be\u00e9p\u00edtett l\u00e1mpa z\u00f6kken\u0151mentesen illeszkedik a modern kialak\u00edt\u00e1sokhoz. A <strong data-start=\"1113\" data-end=\"1136\">emberi mozg\u00e1s\u00e9rz\u00e9kel\u0151<\/strong> n\u00f6veli a biztons\u00e1got \u00e9s az energiatakar\u00e9koss\u00e1got, mik\u00f6zben a gy\u00e1ri k\u00f6zvetlen nagykereskedelmi ell\u00e1t\u00e1s k\u00f6lts\u00e9ghat\u00e9kony megold\u00e1sokat biztos\u00edt forgalmaz\u00f3k, kivitelez\u0151k \u00e9s projektv\u00e1s\u00e1rl\u00f3k sz\u00e1m\u00e1ra, akik t\u00f6meges LED f\u00f6ldi vil\u00e1g\u00edt\u00e1st keresnek. <strong><a href=\"https:\/\/ledsteplight.com\/hu\/ultimate-guide-to-landscape-inground-lighting-solutions\/\" class=\"waam-auto-link\" title=\"f\u00f6ldi vil\u00e1g\u00edt\u00e1s\">f\u00f6ldi vil\u00e1g\u00edt\u00e1s<\/a><\/strong>.<\/p>","protected":false},"excerpt":{"rendered":"<p><strong data-start=\"1373\" data-end=\"1430\">Nagykereskedelmi Mozg\u00e1s\u00e9rz\u00e9kel\u0151s LED F\u00f6ldvil\u00e1g\u00edt\u00e1s GYD039-18525<\/strong> \u2013 Gy\u00e1ri sz\u00e1ll\u00edt\u00e1s, <strong data-start=\"1449\" data-end=\"1526\">3W OSRAM\/CREE LED, be\u00e9p\u00edtett kialak\u00edt\u00e1s, 2700K\u20136000K opci\u00f3k, alum\u00ednium h\u00e1z<\/strong>, ide\u00e1lis t\u00f6meges k\u00fclt\u00e9ri vil\u00e1g\u00edt\u00e1si projektekhez.<\/p>","protected":false},"featured_media":37386,"comment_status":"open","ping_status":"closed","template":"","meta":[],"product_brand":[],"product_cat":[99,100,426,427,428,439,429,440,430,441,431,442,443,432,433,444,464,445,446,434,435,436,437],"product_tag":[102,103,76,77,110,109,114],"class_list":{"0":"post-38092","1":"product","2":"type-product","3":"status-publish","4":"has-post-thumbnail","6":"product_cat-039-series","7":"product_cat-aluminum-ground-light","8":"product_cat-ceiling-recessed","9":"product_cat-ceiling-surface","10":"product_cat-ceiling-suspended","11":"product_cat-commercial","12":"product_cat-drivers","13":"product_cat-education","14":"product_cat-freestanding-light","15":"product_cat-hospitality","16":"product_cat-industrial","17":"product_cat-infrastructure","18":"product_cat-landscape","19":"product_cat-landscaping","20":"product_cat-linear","21":"product_cat-office","22":"product_cat-c-outdoor-lighting","23":"product_cat-residential","24":"product_cat-retail","25":"product_cat-table-lamp","26":"product_cat-track","27":"product_cat-wall-recessed","28":"product_cat-wall-surface","29":"product_tag-039-series","30":"product_tag-aluminum-ground-light","31":"product_tag-aluminum-housing","32":"product_tag-ground-light","33":"product_tag-landscape-light","34":"product_tag-led-fixture","35":"product_tag-pathway-light","37":"first","38":"instock","39":"shipping-taxable","40":"product-type-simple"},"_links":{"self":[{"href":"https:\/\/ledsteplight.com\/hu\/wp-json\/wp\/v2\/product\/38092","targetHints":{"allow":["GET"]}}],"collection":[{"href":"https:\/\/ledsteplight.com\/hu\/wp-json\/wp\/v2\/product"}],"about":[{"href":"https:\/\/ledsteplight.com\/hu\/wp-json\/wp\/v2\/types\/product"}],"replies":[{"embeddable":true,"href":"https:\/\/ledsteplight.com\/hu\/wp-json\/wp\/v2\/comments?post=38092"}],"version-history":[{"count":3,"href":"https:\/\/ledsteplight.com\/hu\/wp-json\/wp\/v2\/product\/38092\/revisions"}],"predecessor-version":[{"id":38593,"href":"https:\/\/ledsteplight.com\/hu\/wp-json\/wp\/v2\/product\/38092\/revisions\/38593"}],"wp:featuredmedia":[{"embeddable":true,"href":"https:\/\/ledsteplight.com\/hu\/wp-json\/wp\/v2\/media\/37386"}],"wp:attachment":[{"href":"https:\/\/ledsteplight.com\/hu\/wp-json\/wp\/v2\/media?parent=38092"}],"wp:term":[{"taxonomy":"product_brand","embeddable":true,"href":"https:\/\/ledsteplight.com\/hu\/wp-json\/wp\/v2\/product_brand?post=38092"},{"taxonomy":"product_cat","embeddable":true,"href":"https:\/\/ledsteplight.com\/hu\/wp-json\/wp\/v2\/product_cat?post=38092"},{"taxonomy":"product_tag","embeddable":true,"href":"https:\/\/ledsteplight.com\/hu\/wp-json\/wp\/v2\/product_tag?post=38092"}],"curies":[{"name":"wp","href":"https:\/\/api.w.org\/{rel}","templated":true}]}}