{"id":38093,"date":"2025-09-08T13:04:28","date_gmt":"2025-09-08T13:04:28","guid":{"rendered":"https:\/\/ledsteplight.com\/import-placeholder-for-37294\/"},"modified":"2026-01-19T02:13:13","modified_gmt":"2026-01-19T02:13:13","slug":"ts50-01b-led-ground-light-ip67-waterproof-outdoor-lighting-factory-wholesale","status":"publish","type":"product","link":"https:\/\/ledsteplight.com\/hu\/ts50-01b-led-ground-light-ip67-waterproof-outdoor-lighting-factory-wholesale\/","title":{"rendered":"TS50-01B LED talajl\u00e1mpa \u2013 IP67 v\u00edz\u00e1ll\u00f3 k\u00fclt\u00e9ri vil\u00e1g\u00edt\u00e1s | Gy\u00e1ri nagykereskedelem"},"content":{"rendered":"<p>&nbsp;<\/p>\n<table class=\"OxEWNITQ\">\n<thead>\n<tr>\n<th><strong>Term\u00e9kk\u00f3d<\/strong><\/th>\n<th>MG-TS50-01B<\/th>\n<\/tr>\n<\/thead>\n<tbody>\n<tr>\n<td><strong>Term\u00e9k m\u00e9rete<\/strong><\/td>\n<td>\u00d850mm*H87<\/td>\n<\/tr>\n<tr>\n<td><strong>V\u00e1g\u00e1si m\u00e9ret<\/strong><\/td>\n<td>N\/A (Nem megadott)<\/td>\n<\/tr>\n<tr>\n<td><strong>Funkci\u00f3vez\u00e9rl\u00e9s<\/strong><\/td>\n<td>Dali, 0-10V, Be\/Ki<\/td>\n<\/tr>\n<tr>\n<td><strong>F\u00e9nyforr\u00e1s<\/strong><\/td>\n<td>DSP LED<\/td>\n<\/tr>\n<tr>\n<td><strong>Watt<\/strong><\/td>\n<td>3-10W<\/td>\n<\/tr>\n<tr>\n<td><strong>S\u00faly<\/strong><\/td>\n<td>0,6KG<\/td>\n<\/tr>\n<tr>\n<td><strong>AC bemenet<\/strong><\/td>\n<td>DC24V<\/td>\n<\/tr>\n<tr>\n<td><strong>Vez\u00e9rl\u0151<\/strong><\/td>\n<td>Be\u00e9p\u00edtett<\/td>\n<\/tr>\n<tr>\n<td><strong>Reflektor sz\u00f6g<\/strong><\/td>\n<td>15\/30\/45\/60 fok<\/td>\n<\/tr>\n<tr>\n<td><strong><strong><a href=\"https:\/\/ledsteplight.com\/hu\/dm36b-pro-honeycomb-anti-glare-led-in-ground-light-ip67-24v-dc\/\" class=\"waam-auto-link\" title=\"Sz\u00ednh\u0151m\u00e9rs\u00e9klet\">Sz\u00ednh\u0151m\u00e9rs\u00e9klet<\/a><\/strong><\/strong><\/td>\n<td>2700K, 3000K, 4000K<\/td>\n<\/tr>\n<tr>\n<td><strong>Csatlakoztat\u00e1s (Vezet\u00e9kek\/Hossz\/Csatlakoz\u00f3k)<\/strong><\/td>\n<td>N\/A (Nem megadott)<\/td>\n<\/tr>\n<tr>\n<td><strong>Anyag<\/strong><\/td>\n<td>Alum\u00ednium<\/td>\n<\/tr>\n<tr>\n<td><strong>Sz\u00edn\/Fel\u00fcletkezel\u00e9s<\/strong><\/td>\n<td>Festett (el\u00e9rhet\u0151 fekete, ez\u00fcst, sz\u00fcrke sz\u00ednben)<\/td>\n<\/tr>\n<tr>\n<td><strong>IP besorol\u00e1s<\/strong><\/td>\n<td>IP67<\/td>\n<\/tr>\n<tr>\n<td><strong>Szerel\u00e9si m\u00f3d<\/strong><\/td>\n<td>Csatlakoz\u00f3, Fel\u00fcletre szerelhet\u0151, Sz\u00edjjal r\u00f6gz\u00edthet\u0151<\/td>\n<\/tr>\n<\/tbody>\n<\/table>\n<p><strong data-start=\"132\" data-end=\"161\" data-is-only-node=\"\">TS50-01B LED <strong><a href=\"https:\/\/ledsteplight.com\/hu\/cree-bridgelux-chip-ip65-led-fixture-for-garden-facade-lighting\/\" class=\"waam-auto-link\" title=\"F\u00f6ldi f\u00e9ny\">F\u00f6ldi f\u00e9ny<\/a><\/strong><\/strong> k\u00fclt\u00e9ri megb\u00edzhat\u00f3s\u00e1gra \u00e9s \u00e9p\u00edt\u00e9szeti precizit\u00e1sra tervezve. Kompakt \u00d850 mm-es kialak\u00edt\u00e1ssal \u00e9s t\u00f6bb reflektor sz\u00f6ggel (15\u00b0, 30\u00b0, 45\u00b0, 60\u00b0) biztos\u00edt f\u00f3kusz\u00e1lt <strong><a href=\"https:\/\/ledsteplight.com\/hu\/pir-sensor-step-light-top-advantages-for-safety\/\" class=\"waam-auto-link\" title=\"megvil\u00e1g\u00edt\u00e1s\u00e9rt\">megvil\u00e1g\u00edt\u00e1s\u00e9rt<\/a><\/strong> s\u00e9t\u00e1nyokhoz, falakhoz \u00e9s kert\u00e9szeti kialak\u00edt\u00e1shoz. K\u00e9sz\u00fcl\u00e9kb\u0151l <strong data-start=\"397\" data-end=\"417\">strapab\u00edr\u00f3 alum\u00edniumb\u00f3l<\/strong> egy <strong data-start=\"425\" data-end=\"451\">festett fel\u00fcletkezel\u00e9ssel<\/strong> (fekete, ez\u00fcst vagy sz\u00fcrke), ez a l\u00e1mpa hossz\u00fa t\u00e1von biztos\u00edtja a tart\u00f3ss\u00e1got m\u00e9g zord k\u00f6r\u00fclm\u00e9nyek k\u00f6z\u00f6tt is.<br data-start=\"549\" data-end=\"552\" \/>Felszerelve <strong data-start=\"566\" data-end=\"588\">DSP LED technol\u00f3gi\u00e1val<\/strong> \u00e9s <strong data-start=\"593\" data-end=\"612\">be\u00e9p\u00edtett driver<\/strong>, hat\u00e9konyan m\u0171k\u00f6dik <strong data-start=\"641\" data-end=\"650\">DC24V<\/strong> teljes\u00edtm\u00e9nyen \u00e9s t\u00e1mogatja <strong data-start=\"670\" data-end=\"704\">DALI, 0\u201310V vagy Be\/Ki vez\u00e9rl\u00e9si lehet\u0151s\u00e9geket<\/strong> v\u00e1ltozatos vil\u00e1g\u00edt\u00e1si rendszerekhez. Becs\u00fclt <strong data-start=\"751\" data-end=\"759\">IP67<\/strong>, teljes k\u00f6r\u0171 v\u00e9delmet ny\u00fajt v\u00edz \u00e9s por ellen, \u00edgy ide\u00e1lis <strong data-start=\"839\" data-end=\"912\">k\u00fcls\u0151 \u00e9p\u00edt\u00e9szethez, kereskedelmi projektekhez \u00e9s lak\u00f3kertekhez<\/strong>.<br data-start=\"913\" data-end=\"916\" \/>El\u00e9rhet\u0151 <strong data-start=\"929\" data-end=\"939\">3W\u201310W<\/strong> be\u00e1ll\u00edt\u00e1sokkal <strong data-start=\"960\" data-end=\"1009\">2700K, 3000K \u00e9s 4000K sz\u00ednh\u0151m\u00e9rs\u00e9kletekkel<\/strong>, a TS50-01B st\u00edlust, tart\u00f3ss\u00e1got \u00e9s rugalmass\u00e1got \u00f6tv\u00f6z professzion\u00e1lis vil\u00e1g\u00edt\u00e1si alkalmaz\u00e1sokhoz.<\/p>","protected":false},"excerpt":{"rendered":"<p>Nagykereskedelem <strong data-start=\"1144\" data-end=\"1173\" data-is-only-node=\"\">TS50-01B LED F\u00f6ldvil\u00e1g\u00edt\u00e1s<\/strong> \u2013 IP67 v\u00edz\u00e1ll\u00f3 k\u00fclt\u00e9ri l\u00e1mpa DALI\/0\u201310V vez\u00e9rl\u00e9ssel, DSP LED forr\u00e1ssal \u00e9s alum\u00ednium h\u00e1zzal. Ide\u00e1lis \u00e9p\u00edt\u00e9szeti \u00e9s t\u00e1jvil\u00e1g\u00edt\u00e1shoz. Gy\u00e1ri k\u00f6zvetlen sz\u00e1ll\u00edt\u00e1s glob\u00e1lis forgalmaz\u00f3k \u00e9s vil\u00e1g\u00edt\u00e1si kivitelez\u0151k sz\u00e1m\u00e1ra.<\/p>","protected":false},"featured_media":37387,"comment_status":"open","ping_status":"closed","template":"","meta":[],"product_brand":[],"product_cat":[100,426,427,428,439,429,440,430,73,441,431,442,443,432,433,444,112,464,445,446,106,434,435,436,437],"product_tag":[103,76,140,77,113,78,108,141],"class_list":{"0":"post-38093","1":"product","2":"type-product","3":"status-publish","4":"has-post-thumbnail","6":"product_cat-aluminum-ground-light","7":"product_cat-ceiling-recessed","8":"product_cat-ceiling-surface","9":"product_cat-ceiling-suspended","10":"product_cat-commercial","11":"product_cat-drivers","12":"product_cat-education","13":"product_cat-freestanding-light","14":"product_cat-ground-light","15":"product_cat-hospitality","16":"product_cat-industrial","17":"product_cat-infrastructure","18":"product_cat-landscape","19":"product_cat-landscaping","20":"product_cat-linear","21":"product_cat-office","22":"product_cat-outdoor-ground-light","23":"product_cat-c-outdoor-lighting","24":"product_cat-residential","25":"product_cat-retail","26":"product_cat-round-ground-light","27":"product_cat-table-lamp","28":"product_cat-track","29":"product_cat-wall-recessed","30":"product_cat-wall-surface","31":"product_tag-aluminum-ground-light","32":"product_tag-aluminum-housing","33":"product_tag-flood-light","34":"product_tag-ground-light","35":"product_tag-outdoor-ground-light","36":"product_tag-outdoor-lighting","37":"product_tag-round-ground-light","38":"product_tag-tree-spot-light","40":"first","41":"instock","42":"shipping-taxable","43":"product-type-simple"},"_links":{"self":[{"href":"https:\/\/ledsteplight.com\/hu\/wp-json\/wp\/v2\/product\/38093","targetHints":{"allow":["GET"]}}],"collection":[{"href":"https:\/\/ledsteplight.com\/hu\/wp-json\/wp\/v2\/product"}],"about":[{"href":"https:\/\/ledsteplight.com\/hu\/wp-json\/wp\/v2\/types\/product"}],"replies":[{"embeddable":true,"href":"https:\/\/ledsteplight.com\/hu\/wp-json\/wp\/v2\/comments?post=38093"}],"version-history":[{"count":3,"href":"https:\/\/ledsteplight.com\/hu\/wp-json\/wp\/v2\/product\/38093\/revisions"}],"predecessor-version":[{"id":38594,"href":"https:\/\/ledsteplight.com\/hu\/wp-json\/wp\/v2\/product\/38093\/revisions\/38594"}],"wp:featuredmedia":[{"embeddable":true,"href":"https:\/\/ledsteplight.com\/hu\/wp-json\/wp\/v2\/media\/37387"}],"wp:attachment":[{"href":"https:\/\/ledsteplight.com\/hu\/wp-json\/wp\/v2\/media?parent=38093"}],"wp:term":[{"taxonomy":"product_brand","embeddable":true,"href":"https:\/\/ledsteplight.com\/hu\/wp-json\/wp\/v2\/product_brand?post=38093"},{"taxonomy":"product_cat","embeddable":true,"href":"https:\/\/ledsteplight.com\/hu\/wp-json\/wp\/v2\/product_cat?post=38093"},{"taxonomy":"product_tag","embeddable":true,"href":"https:\/\/ledsteplight.com\/hu\/wp-json\/wp\/v2\/product_tag?post=38093"}],"curies":[{"name":"wp","href":"https:\/\/api.w.org\/{rel}","templated":true}]}}