{"id":38094,"date":"2025-09-08T13:04:28","date_gmt":"2025-09-08T13:04:28","guid":{"rendered":"https:\/\/ledsteplight.com\/import-placeholder-for-37295\/"},"modified":"2026-01-19T02:13:13","modified_gmt":"2026-01-19T02:13:13","slug":"wholesale-ts50-01-a-5w-led-ground-lights-bulk-ip65-outdoor-garden-lighting","status":"publish","type":"product","link":"https:\/\/ledsteplight.com\/hu\/wholesale-ts50-01-a-5w-led-ground-lights-bulk-ip65-outdoor-garden-lighting\/","title":{"rendered":"Nagykereskedelmi TS50-01-A 5W LED F\u00f6ldvil\u00e1g\u00edt\u00f3k | Nagybani IP65 K\u00fclt\u00e9ri Kerti Vil\u00e1g\u00edt\u00e1s"},"content":{"rendered":"<table data-start=\"144\" data-end=\"1550\">\n<thead data-start=\"144\" data-end=\"226\">\n<tr data-start=\"144\" data-end=\"226\">\n<th data-start=\"144\" data-end=\"174\"><strong data-start=\"146\" data-end=\"159\">Param\u00e9ter<\/strong><\/th>\n<th data-start=\"174\" data-end=\"226\"><strong data-start=\"176\" data-end=\"187\">R\u00e9szletek<\/strong><\/th>\n<\/tr>\n<\/thead>\n<tbody data-start=\"310\" data-end=\"1550\">\n<tr data-start=\"310\" data-end=\"392\">\n<td><strong data-start=\"312\" data-end=\"321\">Modell<\/strong><\/td>\n<td>TS50-01-A<\/td>\n<\/tr>\n<tr data-start=\"393\" data-end=\"475\">\n<td><strong data-start=\"395\" data-end=\"404\">Teljes\u00edtm\u00e9ny<\/strong><\/td>\n<td>5W<\/td>\n<\/tr>\n<tr data-start=\"476\" data-end=\"558\">\n<td><strong data-start=\"478\" data-end=\"490\">LED T\u00edpus<\/strong><\/td>\n<td>COB LED<\/td>\n<\/tr>\n<tr data-start=\"559\" data-end=\"641\">\n<td><strong data-start=\"561\" data-end=\"578\">Bemeneti fesz\u00fclts\u00e9g<\/strong><\/td>\n<td>AC85-265V<\/td>\n<\/tr>\n<tr data-start=\"642\" data-end=\"723\">\n<td><strong data-start=\"644\" data-end=\"665\"><strong><a href=\"https:\/\/ledsteplight.com\/hu\/dm36b-pro-honeycomb-anti-glare-led-in-ground-light-ip67-24v-dc\/\" class=\"waam-auto-link\" title=\"Sz\u00ednh\u0151m\u00e9rs\u00e9klet\">Sz\u00ednh\u0151m\u00e9rs\u00e9klet<\/a><\/strong><\/strong><\/td>\n<td>3000K \/ 6000K (Meleg Feh\u00e9r \/ Hideg Feh\u00e9r)<\/td>\n<\/tr>\n<tr data-start=\"724\" data-end=\"806\">\n<td><strong data-start=\"726\" data-end=\"738\">\u00c9lettartam<\/strong><\/td>\n<td>40 000 \u00f3ra<\/td>\n<\/tr>\n<tr data-start=\"807\" data-end=\"888\">\n<td><strong data-start=\"809\" data-end=\"822\">IP besorol\u00e1s<\/strong><\/td>\n<td>IP65 (V\u00edz\u00e1ll\u00f3, Por\u00e1ll\u00f3)<\/td>\n<\/tr>\n<tr data-start=\"889\" data-end=\"971\">\n<td><strong data-start=\"891\" data-end=\"905\">F\u00e9nycs\u00f3va sz\u00f6ge<\/strong><\/td>\n<td>120\u00b0<\/td>\n<\/tr>\n<tr data-start=\"972\" data-end=\"1054\">\n<td><strong data-start=\"974\" data-end=\"999\">\u00dczemel\u00e9si h\u0151m\u00e9rs\u00e9klet<\/strong><\/td>\n<td>-20\u00b0C-t\u00f3l +40\u00b0C-ig<\/td>\n<\/tr>\n<tr data-start=\"1055\" data-end=\"1137\">\n<td><strong data-start=\"1057\" data-end=\"1078\">Telep\u00edt\u00e9si T\u00edpus<\/strong><\/td>\n<td>F\u00f6ldbe s\u00fcllyesztett \/ Fel\u00fcletre szerelhet\u0151<\/td>\n<\/tr>\n<tr data-start=\"1138\" data-end=\"1220\">\n<td><strong data-start=\"1140\" data-end=\"1152\">Garancia<\/strong><\/td>\n<td>3 \u00e9v<\/td>\n<\/tr>\n<tr data-start=\"1221\" data-end=\"1303\">\n<td><strong data-start=\"1223\" data-end=\"1240\">Tan\u00fas\u00edtv\u00e1ny<\/strong><\/td>\n<td>CE, RoHS<\/td>\n<\/tr>\n<tr data-start=\"1304\" data-end=\"1385\">\n<td><strong data-start=\"1306\" data-end=\"1321\">Alkalmaz\u00e1s<\/strong><\/td>\n<td>K\u00fclt\u00e9ri (Kert, \u00dat, S\u00e9ta\u00fat, Terasz)<\/td>\n<\/tr>\n<tr data-start=\"1386\" data-end=\"1467\">\n<td><strong data-start=\"1388\" data-end=\"1397\">Sz\u00edn<\/strong><\/td>\n<td>Ez\u00fcst \/ K\u00f6sz\u00f6r\u00fclt ez\u00fcst<\/td>\n<\/tr>\n<tr data-start=\"1468\" data-end=\"1550\">\n<td><strong data-start=\"1470\" data-end=\"1480\">S\u00faly<\/strong><\/td>\n<td>0,45 kg<\/td>\n<\/tr>\n<\/tbody>\n<\/table>\n<p>&nbsp;<\/p>\n<p>TS50-01-A, a <strong><a href=\"https:\/\/ledsteplight.com\/hu\/5w-led-in-ground-lights-ip65-waterproof-outdoor-driveway-garden-floor-lighting\/\" class=\"waam-auto-link\" title=\"5W COB LED\">5W COB LED<\/a><\/strong> <strong><a href=\"https:\/\/ledsteplight.com\/hu\/cree-bridgelux-chip-ip65-led-fixture-for-garden-facade-lighting\/\" class=\"waam-auto-link\" title=\"f\u00f6ldi vil\u00e1g\u00edt\u00e1s\">f\u00f6ldi vil\u00e1g\u00edt\u00e1s<\/a><\/strong> Komoly teljes\u00edtm\u00e9nyre tervezve. Ez nem csak egy m\u00e1sik kerti l\u00e1mpa; ez egy munkag\u00e9p. Egy massz\u00edv, IP65 besorol\u00e1s\u00fa v\u00edz- \u00e9s por\u00e1ll\u00f3 t\u00f6m\u00edt\u00e9ssel k\u00e9sz\u00fclt, amely k\u00e9pes kezelni a kem\u00e9ny k\u00fclt\u00e9ri k\u00f6r\u00fclm\u00e9nyeket, a -20\u00b0C-os fagyokt\u00f3l a +40\u00b0C-os h\u0151m\u00e9rs\u00e9kletig. A sz\u00e9les tartom\u00e1ny\u00fa AC85-265V bemenet \u00e9s a magas hat\u00e9konys\u00e1g\u00fa COB chip megb\u00edzhat\u00f3, k\u00f6vetkezetes m\u0171k\u00f6d\u00e9st biztos\u00edt <strong><a href=\"https:\/\/ledsteplight.com\/hu\/pir-sensor-step-light-top-advantages-for-safety\/\" class=\"waam-auto-link\" title=\"megvil\u00e1g\u00edt\u00e1s\u00e9rt\">megvil\u00e1g\u00edt\u00e1s\u00e9rt<\/a><\/strong> (Meleg vagy Hideg Feh\u00e9r) amit professzion\u00e1lis \u00fcgyfelei megb\u00edzhatnak.<\/p>\n<p>Ezt a term\u00e9ket 3 \u00e9ves j\u00f3t\u00e1ll\u00e1ssal \u00e9s 40 000 \u00f3r\u00e1s \u00e9lettartammal t\u00e1mogatjuk, \u00edgy kevesebb visszah\u00edv\u00e1st eredm\u00e9nyez \u00fcgyfelei sz\u00e1m\u00e1ra. Sokoldal\u00fa kialak\u00edt\u00e1sa mind f\u00f6ldbe s\u00fcllyesztett, mind fel\u00fcletre szerelhet\u0151 <strong><a href=\"https:\/\/ledsteplight.com\/hu\/ultimate-guide-to-landscape-inground-lighting-solutions\/\" class=\"waam-auto-link\" title=\"telep\u00edt\u00e9sekhez\">telep\u00edt\u00e9sekhez<\/a><\/strong>, \u00edgy rugalmas megold\u00e1st ny\u00fajt b\u00e1rmilyen j\u00e1rda, kert vagy terasz projektj\u00e9hez. Tiszta kef\u00e9s ez\u00fcst sz\u00ednben el\u00e9rhet\u0151, \u00e9s teljes k\u00f6r\u0171 CE\/RoHS tan\u00fas\u00edtv\u00e1nnyal rendelkezik, a TS50-01-A megb\u00edzhat\u00f3, praktikus <strong><a href=\"https:\/\/ledsteplight.com\/hu\/design-trends\/\" class=\"waam-auto-link\" title=\"vil\u00e1g\u00edt\u00f3test\">vil\u00e1g\u00edt\u00f3test<\/a><\/strong> amire nagykereskedelmi \u00fczleteinek sz\u00fcks\u00e9ge van.<\/p>","protected":false},"excerpt":{"rendered":"<p>Megb\u00edzhat\u00f3 5W COB LED f\u00f6ldvil\u00e1g\u00edt\u00e1sok (TS50-01-A) nagykereskedelemre. IP65 v\u00edz\u00e1ll\u00f3, 3 \u00e9v garancia, \u00e9s strapab\u00edr\u00f3 kivitel b\u00e1rmilyen t\u00e1j\u00e9p\u00edt\u00e9si projekthez. Rakt\u00e1rozzon \u00fcgyfelei sz\u00e1m\u00e1ra.<\/p>","protected":false},"featured_media":37389,"comment_status":"open","ping_status":"closed","template":"","meta":[],"product_brand":[],"product_cat":[100,426,427,428,439,429,440,430,441,431,442,443,432,433,444,112,464,445,446,106,434,435,436,437],"product_tag":[103,76,140,77,113,78,108,141],"class_list":{"0":"post-38094","1":"product","2":"type-product","3":"status-publish","4":"has-post-thumbnail","6":"product_cat-aluminum-ground-light","7":"product_cat-ceiling-recessed","8":"product_cat-ceiling-surface","9":"product_cat-ceiling-suspended","10":"product_cat-commercial","11":"product_cat-drivers","12":"product_cat-education","13":"product_cat-freestanding-light","14":"product_cat-hospitality","15":"product_cat-industrial","16":"product_cat-infrastructure","17":"product_cat-landscape","18":"product_cat-landscaping","19":"product_cat-linear","20":"product_cat-office","21":"product_cat-outdoor-ground-light","22":"product_cat-c-outdoor-lighting","23":"product_cat-residential","24":"product_cat-retail","25":"product_cat-round-ground-light","26":"product_cat-table-lamp","27":"product_cat-track","28":"product_cat-wall-recessed","29":"product_cat-wall-surface","30":"product_tag-aluminum-ground-light","31":"product_tag-aluminum-housing","32":"product_tag-flood-light","33":"product_tag-ground-light","34":"product_tag-outdoor-ground-light","35":"product_tag-outdoor-lighting","36":"product_tag-round-ground-light","37":"product_tag-tree-spot-light","39":"first","40":"instock","41":"shipping-taxable","42":"product-type-simple"},"_links":{"self":[{"href":"https:\/\/ledsteplight.com\/hu\/wp-json\/wp\/v2\/product\/38094","targetHints":{"allow":["GET"]}}],"collection":[{"href":"https:\/\/ledsteplight.com\/hu\/wp-json\/wp\/v2\/product"}],"about":[{"href":"https:\/\/ledsteplight.com\/hu\/wp-json\/wp\/v2\/types\/product"}],"replies":[{"embeddable":true,"href":"https:\/\/ledsteplight.com\/hu\/wp-json\/wp\/v2\/comments?post=38094"}],"version-history":[{"count":3,"href":"https:\/\/ledsteplight.com\/hu\/wp-json\/wp\/v2\/product\/38094\/revisions"}],"predecessor-version":[{"id":38595,"href":"https:\/\/ledsteplight.com\/hu\/wp-json\/wp\/v2\/product\/38094\/revisions\/38595"}],"wp:featuredmedia":[{"embeddable":true,"href":"https:\/\/ledsteplight.com\/hu\/wp-json\/wp\/v2\/media\/37389"}],"wp:attachment":[{"href":"https:\/\/ledsteplight.com\/hu\/wp-json\/wp\/v2\/media?parent=38094"}],"wp:term":[{"taxonomy":"product_brand","embeddable":true,"href":"https:\/\/ledsteplight.com\/hu\/wp-json\/wp\/v2\/product_brand?post=38094"},{"taxonomy":"product_cat","embeddable":true,"href":"https:\/\/ledsteplight.com\/hu\/wp-json\/wp\/v2\/product_cat?post=38094"},{"taxonomy":"product_tag","embeddable":true,"href":"https:\/\/ledsteplight.com\/hu\/wp-json\/wp\/v2\/product_tag?post=38094"}],"curies":[{"name":"wp","href":"https:\/\/api.w.org\/{rel}","templated":true}]}}