{"id":38095,"date":"2025-09-08T13:04:28","date_gmt":"2025-09-08T13:04:28","guid":{"rendered":"https:\/\/ledsteplight.com\/import-placeholder-for-37296\/"},"modified":"2026-01-19T02:13:14","modified_gmt":"2026-01-19T02:13:14","slug":"factory-direct-3w-ip20-recessed-mini-spotlight-bd035-50-wbc-bulk","status":"publish","type":"product","link":"https:\/\/ledsteplight.com\/hu\/factory-direct-3w-ip20-recessed-mini-spotlight-bd035-50-wbc-bulk\/","title":{"rendered":"Gy\u00e1ri K\u00f6zvetlen: 3W IP20 Be\u00e9p\u00edtett Mini Reflektor | BD035-50-WBc Nagykereskedelem"},"content":{"rendered":"<table class=\"OxEWNITQ\">\n<thead>\n<tr>\n<th><strong>Term\u00e9kk\u00f3d<\/strong><\/th>\n<th>BD035-50-WBc<\/th>\n<\/tr>\n<\/thead>\n<tbody>\n<tr>\n<td><strong>Term\u00e9k m\u00e9rete<\/strong><\/td>\n<td>Nyit\u00e1s D47mm*H75mm<\/td>\n<\/tr>\n<tr>\n<td><strong>V\u00e1g\u00e1si m\u00e9ret<\/strong><\/td>\n<td>Az \u00fczembe helyez\u00e9si diagramra hivatkozzon a m\u0171szaki adatok k\u00f6z\u00f6tt<\/td>\n<\/tr>\n<tr>\n<td><strong>Funkci\u00f3vez\u00e9rl\u00e9s<\/strong><\/td>\n<td>N\/A (Nem szerepel konkr\u00e9t funkci\u00f3vez\u00e9rl\u00e9s)<\/td>\n<\/tr>\n<tr>\n<td><strong>F\u00e9nyforr\u00e1s<\/strong><\/td>\n<td>OSRAM \/ CREE<\/td>\n<\/tr>\n<tr>\n<td><strong>Watt<\/strong><\/td>\n<td>3W (700mA)<\/td>\n<\/tr>\n<tr>\n<td><strong>S\u00faly<\/strong><\/td>\n<td>0,45kg<\/td>\n<\/tr>\n<tr>\n<td><strong>AC bemenet<\/strong><\/td>\n<td>100-240V, 50~60HZ<\/td>\n<\/tr>\n<tr>\n<td><strong>Vez\u00e9rl\u0151<\/strong><\/td>\n<td>N\/A (Nem megadott)<\/td>\n<\/tr>\n<tr>\n<td><strong>Reflektor sz\u00f6g<\/strong><\/td>\n<td>N\/A (Nem megadott)<\/td>\n<\/tr>\n<tr>\n<td><strong><strong><a href=\"https:\/\/ledsteplight.com\/hu\/dm36b-pro-honeycomb-anti-glare-led-in-ground-light-ip67-24v-dc\/\" class=\"waam-auto-link\" title=\"Sz\u00ednh\u0151m\u00e9rs\u00e9klet\">Sz\u00ednh\u0151m\u00e9rs\u00e9klet<\/a><\/strong><\/strong><\/td>\n<td>2700K, 3000K, 4000K, 6000K<\/td>\n<\/tr>\n<tr>\n<td><strong>Csatlakoztat\u00e1s (Vezet\u00e9kek\/Hossz\/Csatlakoz\u00f3k)<\/strong><\/td>\n<td>N\/A (Nem megadott)<\/td>\n<\/tr>\n<tr>\n<td><strong>Anyag<\/strong><\/td>\n<td>Alum\u00ednium v\u00e1ltozat \/ Rozsdamentes ac\u00e9l v\u00e1ltozat<\/td>\n<\/tr>\n<tr>\n<td><strong>Sz\u00edn\/Fel\u00fcletkezel\u00e9s<\/strong><\/td>\n<td>Feh\u00e9r, Fekete, Ez\u00fcst<\/td>\n<\/tr>\n<tr>\n<td><strong>IP besorol\u00e1s<\/strong><\/td>\n<td>IP20<\/td>\n<\/tr>\n<tr>\n<td><strong>Szerel\u00e9si m\u00f3d<\/strong><\/td>\n<td>Rejtett (opcion\u00e1lis be\u00e1gyazott alkatr\u00e9szekkel)<\/td>\n<\/tr>\n<\/tbody>\n<\/table>\n<p id=\"\">\n<p>A D035-50-WBc a megfelel\u0151 eszk\u00f6z a feladathoz. Ez nem egy szokv\u00e1nyos spotl\u00e1mpa; ez egy 3W-os \u00e9p\u00edt\u00e9szeti mini-spot, amelyet magas sz\u00ednvonal\u00fa hangs\u00faly- \u00e9s r\u00e9szletmunk\u00e1ra terveztek. Pr\u00e9mium OSRAM vagy CREE LED-ekkel \u00e9p\u00edtj\u00fck, biztos\u00edtva a vil\u00e1gklasszis sz\u00ednvisszaad\u00e1st \u00e9s a teljes megb\u00edzhat\u00f3s\u00e1got. Apr\u00f3, 47 mm-es (v\u00e1g\u00e1si m\u00e9ret) profilja t\u00f6k\u00e9letes megold\u00e1s diszkr\u00e9t telep\u00edt\u00e9shez kijelz\u0151szekr\u00e9nyekben, asztalosmunk\u00e1ban, polcokon vagy mint finom padl\u00f3-\/l\u00e9pcs\u0151jelz\u0151 b\u00e1rmilyen sz\u00e1raz (IP20) belt\u00e9ri helyen.<\/p>\n<p>Professzion\u00e1lis \u00fcgyfeleid sz\u00e1m\u00e1ra k\u00e9sz\u00fclt, ez a l\u00e1mpa mind er\u0151s alum\u00edniumb\u00f3l, mind pr\u00e9mium 316 rozsdamentes ac\u00e9lb\u00f3l el\u00e9rhet\u0151, feh\u00e9r, fekete vagy ez\u00fcst kivitelben, hogy b\u00e1rmilyen specifik\u00e1ci\u00f3hoz illeszkedjen. Teljes sz\u00ednh\u0151m\u00e9rs\u00e9kleti tartom\u00e1nnyal (2700K-t\u00f3l 6000K-ig) \u00e9s megb\u00edzhat\u00f3 700mA-es driverrel m\u0171k\u00f6dik, \u00edgy ny\u00fajtva a sz\u00fcks\u00e9ges rugalmass\u00e1got b\u00e1rmilyen kereskedelmi vagy lakoss\u00e1gi kialak\u00edt\u00e1shoz. Ez a magas sz\u00ednvonal\u00fa, alacsony profil\u00fa l\u00e1mpa hi\u00e1nyzik a k\u00e9szletb\u0151l. Vegye fel vel\u00fcnk a kapcsolatot B2B \u00e1rak\u00e9rt \u00e9s nagy t\u00e9telben t\u00f6rt\u00e9n\u0151 sz\u00e1ll\u00edt\u00e1s\u00e9rt.<\/p>","protected":false},"excerpt":{"rendered":"<p>Szerezzen gy\u00e1ri \u00e1rat a BD035-50-WBc 3W LED Be\u00e9p\u00edtett L\u00e1mpa eset\u00e9n. Kiv\u00e1l\u00f3 min\u0151s\u00e9g\u0171 OSRAM\/CREE LED-ekkel k\u00e9sz\u00fclt profi \u00e9p\u00edt\u00e9szeti projektekhez. K\u00e9rje nagykereskedelmi aj\u00e1nlat\u00e1t.<\/p>","protected":false},"featured_media":37391,"comment_status":"open","ping_status":"closed","template":"","meta":[],"product_brand":[],"product_cat":[105,100,426,427,428,439,429,440,118,430,441,431,442,443,432,433,444,464,445,446,106,434,435,436,437],"product_tag":[107,103,76,119,77,108,83],"class_list":{"0":"post-38095","1":"product","2":"type-product","3":"status-publish","4":"has-post-thumbnail","6":"product_cat-015-series","7":"product_cat-aluminum-ground-light","8":"product_cat-ceiling-recessed","9":"product_cat-ceiling-surface","10":"product_cat-ceiling-suspended","11":"product_cat-commercial","12":"product_cat-drivers","13":"product_cat-education","14":"product_cat-frameless-ground-light","15":"product_cat-freestanding-light","16":"product_cat-hospitality","17":"product_cat-industrial","18":"product_cat-infrastructure","19":"product_cat-landscape","20":"product_cat-landscaping","21":"product_cat-linear","22":"product_cat-office","23":"product_cat-c-outdoor-lighting","24":"product_cat-residential","25":"product_cat-retail","26":"product_cat-round-ground-light","27":"product_cat-table-lamp","28":"product_cat-track","29":"product_cat-wall-recessed","30":"product_cat-wall-surface","31":"product_tag-015-series","32":"product_tag-aluminum-ground-light","33":"product_tag-aluminum-housing","34":"product_tag-frameless-ground-light","35":"product_tag-ground-light","36":"product_tag-round-ground-light","37":"product_tag-waterproof-fixture","39":"first","40":"instock","41":"shipping-taxable","42":"product-type-simple"},"_links":{"self":[{"href":"https:\/\/ledsteplight.com\/hu\/wp-json\/wp\/v2\/product\/38095","targetHints":{"allow":["GET"]}}],"collection":[{"href":"https:\/\/ledsteplight.com\/hu\/wp-json\/wp\/v2\/product"}],"about":[{"href":"https:\/\/ledsteplight.com\/hu\/wp-json\/wp\/v2\/types\/product"}],"replies":[{"embeddable":true,"href":"https:\/\/ledsteplight.com\/hu\/wp-json\/wp\/v2\/comments?post=38095"}],"version-history":[{"count":3,"href":"https:\/\/ledsteplight.com\/hu\/wp-json\/wp\/v2\/product\/38095\/revisions"}],"predecessor-version":[{"id":38596,"href":"https:\/\/ledsteplight.com\/hu\/wp-json\/wp\/v2\/product\/38095\/revisions\/38596"}],"wp:featuredmedia":[{"embeddable":true,"href":"https:\/\/ledsteplight.com\/hu\/wp-json\/wp\/v2\/media\/37391"}],"wp:attachment":[{"href":"https:\/\/ledsteplight.com\/hu\/wp-json\/wp\/v2\/media?parent=38095"}],"wp:term":[{"taxonomy":"product_brand","embeddable":true,"href":"https:\/\/ledsteplight.com\/hu\/wp-json\/wp\/v2\/product_brand?post=38095"},{"taxonomy":"product_cat","embeddable":true,"href":"https:\/\/ledsteplight.com\/hu\/wp-json\/wp\/v2\/product_cat?post=38095"},{"taxonomy":"product_tag","embeddable":true,"href":"https:\/\/ledsteplight.com\/hu\/wp-json\/wp\/v2\/product_tag?post=38095"}],"curies":[{"name":"wp","href":"https:\/\/api.w.org\/{rel}","templated":true}]}}