{"id":38096,"date":"2025-09-08T13:04:28","date_gmt":"2025-09-08T13:04:28","guid":{"rendered":"https:\/\/ledsteplight.com\/import-placeholder-for-37300\/"},"modified":"2026-01-19T02:13:14","modified_gmt":"2026-01-19T02:13:14","slug":"wholesale-ts50-zt-ip67-led-in-ground-light-durable-dc24v-outdoor-lighting-with-dali-0-10v","status":"publish","type":"product","link":"https:\/\/ledsteplight.com\/hu\/wholesale-ts50-zt-ip67-led-in-ground-light-durable-dc24v-outdoor-lighting-with-dali-0-10v\/","title":{"rendered":"Nagykereskedelmi TS50-ZT IP67 LED f\u00f6ldbe s\u00fcllyesztett l\u00e1mpa | Tart\u00f3s DC24V k\u00fclt\u00e9ri vil\u00e1g\u00edt\u00e1s DALI\/0-10V vez\u00e9rl\u00e9ssel"},"content":{"rendered":"<table class=\"OxEWNITQ\">\n<thead>\n<tr>\n<th><strong>Term\u00e9kk\u00f3d<\/strong><\/th>\n<th>MG-TS50-ZT<\/th>\n<\/tr>\n<\/thead>\n<tbody>\n<tr>\n<td><strong>Term\u00e9k m\u00e9rete<\/strong><\/td>\n<td>\u00d850mm*H75<\/td>\n<\/tr>\n<tr>\n<td><strong>V\u00e1g\u00e1si m\u00e9ret<\/strong><\/td>\n<td>\/ (Nem megadott)<\/td>\n<\/tr>\n<tr>\n<td><strong>Funkci\u00f3vez\u00e9rl\u00e9s<\/strong><\/td>\n<td>Dali\/0-10V\/Be\/Kikapcsol<\/td>\n<\/tr>\n<tr>\n<td><strong>F\u00e9nyforr\u00e1s<\/strong><\/td>\n<td>DSP LED<\/td>\n<\/tr>\n<tr>\n<td><strong>Watt<\/strong><\/td>\n<td>3-7W<\/td>\n<\/tr>\n<tr>\n<td><strong>S\u00faly<\/strong><\/td>\n<td>0,6KG<\/td>\n<\/tr>\n<tr>\n<td><strong>AC bemenet<\/strong><\/td>\n<td>DC24V<\/td>\n<\/tr>\n<tr>\n<td><strong>Vez\u00e9rl\u0151<\/strong><\/td>\n<td>Be\u00e9p\u00edtett<\/td>\n<\/tr>\n<tr>\n<td><strong>Reflektor sz\u00f6g<\/strong><\/td>\n<td>15\/30\/45\/60 fok<\/td>\n<\/tr>\n<tr>\n<td><strong><strong><a href=\"https:\/\/ledsteplight.com\/hu\/dm36b-pro-honeycomb-anti-glare-led-in-ground-light-ip67-24v-dc\/\" class=\"waam-auto-link\" title=\"Sz\u00ednh\u0151m\u00e9rs\u00e9klet\">Sz\u00ednh\u0151m\u00e9rs\u00e9klet<\/a><\/strong><\/strong><\/td>\n<td>2700K\/3000K\/4000K<\/td>\n<\/tr>\n<tr>\n<td><strong>Csatlakoztat\u00e1s (Vezet\u00e9kek\/Hossz\/Csatlakoz\u00f3k)<\/strong><\/td>\n<td>\/ (Nem megadott)<\/td>\n<\/tr>\n<tr>\n<td><strong>Anyag<\/strong><\/td>\n<td>Alum\u00ednium<\/td>\n<\/tr>\n<tr>\n<td><strong>Sz\u00edn\/Fel\u00fcletkezel\u00e9s<\/strong><\/td>\n<td>Festett\/Fekete\/Ez\u00fcst\/Sz\u00fcrke<\/td>\n<\/tr>\n<tr>\n<td><strong>IP besorol\u00e1s<\/strong><\/td>\n<td>IP67<\/td>\n<\/tr>\n<tr>\n<td><strong>Szerel\u00e9si m\u00f3d<\/strong><\/td>\n<td>Csatlakoz\u00f3aljzat\/Padl\u00f3ra szerelhet\u0151\/F\u00fcggeszt\u0151 sz\u00edjjal szerelhet\u0151<\/td>\n<\/tr>\n<\/tbody>\n<\/table>\n<p id=\"\">\n<p>Amikor a projekted k\u00fclt\u00e9ri ig\u00e9nyeket t\u00e1maszt <strong><a href=\"https:\/\/ledsteplight.com\/hu\/5w-led-in-ground-lights-ip65-waterproof-outdoor-driveway-garden-floor-lighting\/\" class=\"waam-auto-link\" title=\"f\u00f6ldi vil\u00e1g\u00edt\u00e1s\">f\u00f6ldi vil\u00e1g\u00edt\u00e1s<\/a><\/strong> amelyek tart\u00f3sak, a TS50-ZT a megold\u00e1sod. Ez a l\u00e1mpa egy igazi munkag\u00e9p, strapab\u00edr\u00f3 alum\u00edniumb\u00f3l k\u00e9sz\u00fclt, IP67-es besorol\u00e1ssal, hogy garant\u00e1lja a teljes\u00edtm\u00e9nyt nedves \u00e9s poros k\u00f6rnyezetben. Professzion\u00e1lis alacsony fesz\u00fclts\u00e9g\u0171 (DC24V) <strong><a href=\"https:\/\/ledsteplight.com\/hu\/ultimate-guide-to-landscape-inground-lighting-solutions\/\" class=\"waam-auto-link\" title=\"rendszerek\">rendszerek<\/a><\/strong> \u00e9s teljes kompatibilit\u00e1st k\u00edn\u00e1l fejlett vez\u00e9rl\u00e9si m\u00f3dszerekkel, bele\u00e9rtve a DALI-t \u00e9s az 0-10V-t, \u00edgy okos v\u00e1laszt\u00e1s \u00f6sszetett t\u00e1j- \u00e9s \u00e9p\u00edt\u00e9szeti tervekhez. T\u00f6bb sug\u00e1rir\u00e1ny \u00e9s sz\u00ednh\u0151m\u00e9rs\u00e9klet (2700K-4000K) el\u00e9rhet\u0151, \u00edgy pontosan azt a vil\u00e1g\u00edt\u00e1si hat\u00e1st kapja, amire sz\u00fcks\u00e9ge van.<\/p>\n<p>Mint k\u00f6zvetlen <b>gy\u00e1rt\u00f3<\/b>, mi fel\u00fcgyelj\u00fck az eg\u00e9sz <b>gy\u00e1rt\u00e1si<\/b> folyamatot, ami lehet\u0151v\u00e9 teszi, hogy val\u00f3di <b>nagykereskedelmet k\u00edn\u00e1lunk<\/b> \u00e1rakat k\u00edn\u00e1ljunk B2B partnereinknek. Nemcsak \u00e9rt\u00e9kes\u00edt\u00fcnk; \u00e9p\u00edt\u00fcnk. Ha projektje speci\u00e1lis m\u00f3dos\u00edt\u00e1sokat ig\u00e9nyel, a <b>gy\u00e1r<\/b> csapata szakosodott <b>egyedi ig\u00e9nyekre<\/b>, egy\u00fcttm\u0171k\u00f6dve veled, hogy olyan term\u00e9ket sz\u00e1ll\u00edtsunk, amely megfelel az \u00d6n pontos specifik\u00e1ci\u00f3inak. B\u00edzz meg minket a magas teljes\u00edtm\u00e9ny\u0171 term\u00e9kek megb\u00edzhat\u00f3, nagy t\u00e9telben t\u00f6rt\u00e9n\u0151 sz\u00e1ll\u00edt\u00e1s\u00e1ban. <strong><a href=\"https:\/\/ledsteplight.com\/hu\/cree-bridgelux-chip-ip65-led-fixture-for-garden-facade-lighting\/\" class=\"waam-auto-link\" title=\"k\u00fclt\u00e9ri vil\u00e1g\u00edt\u00e1s\">k\u00fclt\u00e9ri vil\u00e1g\u00edt\u00e1s<\/a><\/strong>.<\/p>","protected":false},"excerpt":{"rendered":"<p>Gy\u00e1ri k\u00f6zvetlen nagykereskedelem a TS50-ZT IP67 LED f\u00f6ldvil\u00e1g\u00edt\u00f3hoz. Tart\u00f3s DC24V, DALI\/0-10V. Gy\u00e1rt\u00f3k\u00e9nt teljes testreszab\u00e1st k\u00edn\u00e1lunk. K\u00e9rje B2B \u00e1raj\u00e1nlat\u00e1t.<\/p>","protected":false},"featured_media":37393,"comment_status":"open","ping_status":"closed","template":"","meta":[],"product_brand":[],"product_cat":[100,426,427,428,439,429,440,430,441,431,442,443,432,433,444,112,464,445,446,106,434,435,436,437],"product_tag":[103,76,140,77,113,78,108,141],"class_list":{"0":"post-38096","1":"product","2":"type-product","3":"status-publish","4":"has-post-thumbnail","6":"product_cat-aluminum-ground-light","7":"product_cat-ceiling-recessed","8":"product_cat-ceiling-surface","9":"product_cat-ceiling-suspended","10":"product_cat-commercial","11":"product_cat-drivers","12":"product_cat-education","13":"product_cat-freestanding-light","14":"product_cat-hospitality","15":"product_cat-industrial","16":"product_cat-infrastructure","17":"product_cat-landscape","18":"product_cat-landscaping","19":"product_cat-linear","20":"product_cat-office","21":"product_cat-outdoor-ground-light","22":"product_cat-c-outdoor-lighting","23":"product_cat-residential","24":"product_cat-retail","25":"product_cat-round-ground-light","26":"product_cat-table-lamp","27":"product_cat-track","28":"product_cat-wall-recessed","29":"product_cat-wall-surface","30":"product_tag-aluminum-ground-light","31":"product_tag-aluminum-housing","32":"product_tag-flood-light","33":"product_tag-ground-light","34":"product_tag-outdoor-ground-light","35":"product_tag-outdoor-lighting","36":"product_tag-round-ground-light","37":"product_tag-tree-spot-light","39":"first","40":"instock","41":"shipping-taxable","42":"product-type-simple"},"_links":{"self":[{"href":"https:\/\/ledsteplight.com\/hu\/wp-json\/wp\/v2\/product\/38096","targetHints":{"allow":["GET"]}}],"collection":[{"href":"https:\/\/ledsteplight.com\/hu\/wp-json\/wp\/v2\/product"}],"about":[{"href":"https:\/\/ledsteplight.com\/hu\/wp-json\/wp\/v2\/types\/product"}],"replies":[{"embeddable":true,"href":"https:\/\/ledsteplight.com\/hu\/wp-json\/wp\/v2\/comments?post=38096"}],"version-history":[{"count":3,"href":"https:\/\/ledsteplight.com\/hu\/wp-json\/wp\/v2\/product\/38096\/revisions"}],"predecessor-version":[{"id":38597,"href":"https:\/\/ledsteplight.com\/hu\/wp-json\/wp\/v2\/product\/38096\/revisions\/38597"}],"wp:featuredmedia":[{"embeddable":true,"href":"https:\/\/ledsteplight.com\/hu\/wp-json\/wp\/v2\/media\/37393"}],"wp:attachment":[{"href":"https:\/\/ledsteplight.com\/hu\/wp-json\/wp\/v2\/media?parent=38096"}],"wp:term":[{"taxonomy":"product_brand","embeddable":true,"href":"https:\/\/ledsteplight.com\/hu\/wp-json\/wp\/v2\/product_brand?post=38096"},{"taxonomy":"product_cat","embeddable":true,"href":"https:\/\/ledsteplight.com\/hu\/wp-json\/wp\/v2\/product_cat?post=38096"},{"taxonomy":"product_tag","embeddable":true,"href":"https:\/\/ledsteplight.com\/hu\/wp-json\/wp\/v2\/product_tag?post=38096"}],"curies":[{"name":"wp","href":"https:\/\/api.w.org\/{rel}","templated":true}]}}