{"id":38097,"date":"2025-09-08T13:04:28","date_gmt":"2025-09-08T13:04:28","guid":{"rendered":"https:\/\/ledsteplight.com\/import-placeholder-for-37305\/"},"modified":"2026-01-19T02:13:15","modified_gmt":"2026-01-19T02:13:15","slug":"wholesale-bd035-50sd-1w-led-marker-light-ip65-polarized-beam-factory-direct","status":"publish","type":"product","link":"https:\/\/ledsteplight.com\/hu\/wholesale-bd035-50sd-1w-led-marker-light-ip65-polarized-beam-factory-direct\/","title":{"rendered":"Nagykereskedelmi BD035-50SD 1W LED Jelz\u0151f\u00e9ny | IP65, Polariz\u00e1lt Sug\u00e1r | Gy\u00e1ri K\u00f6zvetlen"},"content":{"rendered":"<table class=\"OxEWNITQ\" style=\"font-family: var(--global-body-font-family)\">\n<thead>\n<tr>\n<th>Param\u00e9ter<\/th>\n<th>\u00c9rt\u00e9k\/Le\u00edr\u00e1s<\/th>\n<\/tr>\n<\/thead>\n<tbody>\n<tr>\n<td><strong>Modell<\/strong><\/td>\n<td>MG-BD035-50SD<\/td>\n<\/tr>\n<tr>\n<td><strong>Term\u00e9k m\u00e9rete<\/strong><\/td>\n<td>\u03c650*H35mm (K\u00f6r)<\/td>\n<\/tr>\n<tr>\n<td><strong>V\u00e1g\u00e1si m\u00e9ret<\/strong><\/td>\n<td>\u03c646*H75mm (El\u0151re be\u00e1gyazott dobozzal)<\/td>\n<\/tr>\n<tr>\n<td><strong>Funkci\u00f3vez\u00e9rl\u00e9s<\/strong><\/td>\n<td>Nem megadott<\/td>\n<\/tr>\n<tr>\n<td><strong>F\u00e9nyforr\u00e1s<\/strong><\/td>\n<td>OSRAM \/ CREE \/ 3014 SMD LED<\/td>\n<\/tr>\n<tr>\n<td><strong>Watt<\/strong><\/td>\n<td>1W (350mA)<\/td>\n<\/tr>\n<tr>\n<td><strong>S\u00faly<\/strong><\/td>\n<td>0,45kg<\/td>\n<\/tr>\n<tr>\n<td><strong>AC bemenet<\/strong><\/td>\n<td>100-240V, 50~60HZ \/ DC12\/24V<\/td>\n<\/tr>\n<tr>\n<td><strong>Vez\u00e9rl\u0151<\/strong><\/td>\n<td>Nem megadott<\/td>\n<\/tr>\n<tr>\n<td><strong>Reflektor sz\u00f6g<\/strong><\/td>\n<td>P-polariz\u00e1lt f\u00e9ny<\/td>\n<\/tr>\n<tr>\n<td><strong><strong><a href=\"https:\/\/ledsteplight.com\/hu\/dm36b-pro-honeycomb-anti-glare-led-in-ground-light-ip67-24v-dc\/\" class=\"waam-auto-link\" title=\"Sz\u00ednh\u0151m\u00e9rs\u00e9klet\">Sz\u00ednh\u0151m\u00e9rs\u00e9klet<\/a><\/strong><\/strong><\/td>\n<td>3000K, 4000K, 5700K<\/td>\n<\/tr>\n<tr>\n<td><strong>Anyag<\/strong><\/td>\n<td>Alum\u00ednium<\/td>\n<\/tr>\n<tr>\n<td><strong>Sz\u00edn\/Bevonat<\/strong><\/td>\n<td>Feh\u00e9r, Fekete<\/td>\n<\/tr>\n<tr>\n<td><strong>IP besorol\u00e1s<\/strong><\/td>\n<td>IP65<\/td>\n<\/tr>\n<tr>\n<td><strong>Telep\u00edt\u00e9s<\/strong><\/td>\n<td>Rejtett Be\u00e9p\u00edt\u00e9s (Opcion\u00e1lis El\u0151re be\u00e1gyazott doboz)<\/td>\n<\/tr>\n<\/tbody>\n<\/table>\n<p>A BD035-50SD nem egy \u00e1tlagos <strong><a href=\"https:\/\/ledsteplight.com\/hu\/cree-bridgelux-chip-ip65-led-fixture-for-garden-facade-lighting\/\" class=\"waam-auto-link\" title=\"f\u00f6ldi vil\u00e1g\u00edt\u00e1s\">f\u00f6ldi vil\u00e1g\u00edt\u00e1s<\/a><\/strong>; ez egy prec\u00edzen \u00e9p\u00edtett 1W LED jelz\u0151f\u00e9ny, amelyet modern \u00e9p\u00edt\u00e9szeti terekhez terveztek. F\u0151 jellemz\u0151je a P-polariz\u00e1lt f\u00e9ny sz\u00f6g, amely \u00fagy van kialak\u00edtva, hogy ir\u00e1ny\u00edtsa <strong><a href=\"https:\/\/ledsteplight.com\/hu\/pir-sensor-step-light-top-advantages-for-safety\/\" class=\"waam-auto-link\" title=\"megvil\u00e1g\u00edt\u00e1s\u00e9rt\">megvil\u00e1g\u00edt\u00e1s\u00e9rt<\/a><\/strong> pontosan oda, ahol sz\u00fcks\u00e9g van r\u00e1\u2014t\u00f6k\u00e9letes \u00fatvonalakhoz, l\u00e9pcs\u0151kh\u00f6z \u00e9s falak hangs\u00falyoz\u00e1s\u00e1hoz an\u00e9lk\u00fcl, hogy er\u0151s vak\u00edt\u00f3 f\u00e9nyt keltene. Els\u0151 oszt\u00e1ly\u00fa OSRAM vagy CREE LED-ekkel k\u00e9sz\u00fclt, ez a kompakt alum\u00ednium l\u00e1mpa megb\u00edzhat\u00f3, alacsony energiafogyaszt\u00e1s\u00fa teljes\u00edtm\u00e9nyt ny\u00fajt. Az IP65 besorol\u00e1s biztos\u00edtja, hogy b\u00e1rmilyen belt\u00e9ri vagy k\u00fclt\u00e9ri projektbe be\u00e9p\u00edthet\u0151 legyen.<\/p>\n<p>Mi nem csup\u00e1n egy besz\u00e1ll\u00edt\u00f3 vagyunk; mi vagyunk a <b>gy\u00e1rt\u00f3<\/b>Mi nem csup\u00e1n besz\u00e1ll\u00edt\u00f3k vagyunk; mi vagyunk a <b>gy\u00e1rt\u00e1si<\/b> . Az eg\u00e9sz <b>gy\u00e1r<\/b>folyamatot saj\u00e1t <b>nagykereskedelmet k\u00edn\u00e1lunk<\/b> ir\u00e1ny\u00edtva, garant\u00e1lhatjuk a min\u0151s\u00e9get \u00e9s versenyk\u00e9pes <b>egyedi ig\u00e9nyekre<\/b>\u00e1rakat k\u00edn\u00e1lhatunk B2B partnereinknek. Ez a k\u00f6zvetlen gy\u00e1ri modell azt is jelenti, hogy kiv\u00e1l\u00f3ak vagyunk a<\/p>","protected":false},"excerpt":{"rendered":"<p data-start=\"4178\" data-end=\"4601\">Nagykereskedelmi BD035-50SD 1W LED Jelz\u0151f\u00e9ny. IP65, polariz\u00e1lt sug\u00e1r a vak\u00edt\u00e1s szab\u00e1lyoz\u00e1s\u00e1ra. K\u00f6zvetlen gy\u00e1ri gy\u00e1rt\u00e1s \u00e9s testreszab\u00e1s. K\u00e9rje B2B \u00e1raj\u00e1nlat\u00e1t.<\/p>","protected":false},"featured_media":37395,"comment_status":"open","ping_status":"closed","template":"","meta":[],"product_brand":[],"product_cat":[100,426,427,428,439,429,440,430,441,431,442,443,432,433,444,112,464,445,446,106,434,435,128,436,437],"product_tag":[103,76,110,109,113,78,108,129],"class_list":{"0":"post-38097","1":"product","2":"type-product","3":"status-publish","4":"has-post-thumbnail","6":"product_cat-aluminum-ground-light","7":"product_cat-ceiling-recessed","8":"product_cat-ceiling-surface","9":"product_cat-ceiling-suspended","10":"product_cat-commercial","11":"product_cat-drivers","12":"product_cat-education","13":"product_cat-freestanding-light","14":"product_cat-hospitality","15":"product_cat-industrial","16":"product_cat-infrastructure","17":"product_cat-landscape","18":"product_cat-landscaping","19":"product_cat-linear","20":"product_cat-office","21":"product_cat-outdoor-ground-light","22":"product_cat-c-outdoor-lighting","23":"product_cat-residential","24":"product_cat-retail","25":"product_cat-round-ground-light","26":"product_cat-table-lamp","27":"product_cat-track","28":"product_cat-wall-light-series","29":"product_cat-wall-recessed","30":"product_cat-wall-surface","31":"product_tag-aluminum-ground-light","32":"product_tag-aluminum-housing","33":"product_tag-landscape-light","34":"product_tag-led-fixture","35":"product_tag-outdoor-ground-light","36":"product_tag-outdoor-lighting","37":"product_tag-round-ground-light","38":"product_tag-wall-light-series","40":"first","41":"instock","42":"featured","43":"downloadable","44":"shipping-taxable","45":"product-type-simple"},"_links":{"self":[{"href":"https:\/\/ledsteplight.com\/hu\/wp-json\/wp\/v2\/product\/38097","targetHints":{"allow":["GET"]}}],"collection":[{"href":"https:\/\/ledsteplight.com\/hu\/wp-json\/wp\/v2\/product"}],"about":[{"href":"https:\/\/ledsteplight.com\/hu\/wp-json\/wp\/v2\/types\/product"}],"replies":[{"embeddable":true,"href":"https:\/\/ledsteplight.com\/hu\/wp-json\/wp\/v2\/comments?post=38097"}],"version-history":[{"count":3,"href":"https:\/\/ledsteplight.com\/hu\/wp-json\/wp\/v2\/product\/38097\/revisions"}],"predecessor-version":[{"id":38598,"href":"https:\/\/ledsteplight.com\/hu\/wp-json\/wp\/v2\/product\/38097\/revisions\/38598"}],"wp:featuredmedia":[{"embeddable":true,"href":"https:\/\/ledsteplight.com\/hu\/wp-json\/wp\/v2\/media\/37395"}],"wp:attachment":[{"href":"https:\/\/ledsteplight.com\/hu\/wp-json\/wp\/v2\/media?parent=38097"}],"wp:term":[{"taxonomy":"product_brand","embeddable":true,"href":"https:\/\/ledsteplight.com\/hu\/wp-json\/wp\/v2\/product_brand?post=38097"},{"taxonomy":"product_cat","embeddable":true,"href":"https:\/\/ledsteplight.com\/hu\/wp-json\/wp\/v2\/product_cat?post=38097"},{"taxonomy":"product_tag","embeddable":true,"href":"https:\/\/ledsteplight.com\/hu\/wp-json\/wp\/v2\/product_tag?post=38097"}],"curies":[{"name":"wp","href":"https:\/\/api.w.org\/{rel}","templated":true}]}}