{"id":38098,"date":"2025-09-08T13:04:28","date_gmt":"2025-09-08T13:04:28","guid":{"rendered":"https:\/\/ledsteplight.com\/import-placeholder-for-37316\/"},"modified":"2026-01-19T02:13:15","modified_gmt":"2026-01-19T02:13:15","slug":"ts50-zt-sq-led-step-light-custom-ground-lighting-manufacturer-wholesale-supplier","status":"publish","type":"product","link":"https:\/\/ledsteplight.com\/hu\/ts50-zt-sq-led-step-light-custom-ground-lighting-manufacturer-wholesale-supplier\/","title":{"rendered":"TS50-ZT-SQ LED l\u00e9pcs\u0151f\u00e9ny | Egyedi padl\u00f3vil\u00e1g\u00edt\u00e1s gy\u00e1rt\u00f3 \u00e9s nagykereskedelmi besz\u00e1ll\u00edt\u00f3"},"content":{"rendered":"<table class=\"OxEWNITQ\">\n<thead>\n<tr>\n<th><strong>Term\u00e9kk\u00f3d<\/strong><\/th>\n<th><strong>TS50-ZT-SQ<\/strong><\/th>\n<\/tr>\n<\/thead>\n<tbody>\n<tr>\n<td><strong>M\u00e9ret<\/strong><\/td>\n<td>L50*W50MM<\/td>\n<\/tr>\n<tr>\n<td><strong>V\u00e1g\u00e1si m\u00e9ret<\/strong><\/td>\n<td>\/<\/td>\n<\/tr>\n<tr>\n<td><strong>Funkci\u00f3vez\u00e9rl\u00e9s<\/strong><\/td>\n<td>dali\/0-10v\/kapcsol\u00f3\/ki-be<\/td>\n<\/tr>\n<tr>\n<td><strong>F\u00e9nyforr\u00e1s<\/strong><\/td>\n<td>DSP LED<\/td>\n<\/tr>\n<tr>\n<td><strong>Watt<\/strong><\/td>\n<td>3-7W<\/td>\n<\/tr>\n<tr>\n<td><strong>S\u00faly<\/strong><\/td>\n<td>0,6KG<\/td>\n<\/tr>\n<tr>\n<td><strong>Bemeneti fesz\u00fclts\u00e9g<\/strong><\/td>\n<td>DC24V<\/td>\n<\/tr>\n<tr>\n<td><strong>Vez\u00e9rl\u0151<\/strong><\/td>\n<td>Be\u00e9p\u00edtett<\/td>\n<\/tr>\n<tr>\n<td><strong>Reflektor sz\u00f6g<\/strong><\/td>\n<td>15\/30\/45\/60<\/td>\n<\/tr>\n<tr>\n<td><strong><strong><a href=\"https:\/\/ledsteplight.com\/hu\/dm36b-pro-honeycomb-anti-glare-led-in-ground-light-ip67-24v-dc\/\" class=\"waam-auto-link\" title=\"Sz\u00ednh\u0151m\u00e9rs\u00e9klet\">Sz\u00ednh\u0151m\u00e9rs\u00e9klet<\/a><\/strong><\/strong><\/td>\n<td>Nem megadott<\/td>\n<\/tr>\n<tr>\n<td><strong>Anyag<\/strong><\/td>\n<td>Nem megadott<\/td>\n<\/tr>\n<tr>\n<td><strong>Sz\u00edn\/Bevonat<\/strong><\/td>\n<td>Nem megadott<\/td>\n<\/tr>\n<tr>\n<td><strong>IP besorol\u00e1s<\/strong><\/td>\n<td>Nem megadott<\/td>\n<\/tr>\n<tr>\n<td><strong>Telep\u00edt\u00e9s<\/strong><\/td>\n<td>Nem megadott<\/td>\n<\/tr>\n<\/tbody>\n<\/table>\n<p data-start=\"113\" data-end=\"537\">Vil\u00e1g\u00edtsd az utadat magabiztosan \u2014 a <strong data-start=\"184\" data-end=\"213\">TS50-ZT-SQ LED l\u00e9pcs\u0151f\u00e9ny<\/strong> \u00e9l\u00e9nk, hat\u00e9kony <strong><a href=\"https:\/\/ledsteplight.com\/hu\/ultimate-guide-to-landscape-inground-lighting-solutions\/\" class=\"waam-auto-link\" title=\"f\u00f6ldi vil\u00e1g\u00edt\u00e1s\">f\u00f6ldi vil\u00e1g\u00edt\u00e1s<\/a><\/strong> egy kompakt 50\u00d750mm-es testben. \u00datvonalakhoz, kertekhez \u00e9s \u00e9p\u00edt\u00e9szeti l\u00e9pcs\u0151kh\u00f6z tervezt\u00e9k, eleg\u00e1ns megjelen\u00e9st \u00e9s praktikus teljes\u00edtm\u00e9nyt \u00f6tv\u00f6zve. A haszn\u00e1lat\u00e1val <strong data-start=\"399\" data-end=\"421\">DSP LED technol\u00f3gi\u00e1val<\/strong>, tiszta, stabil <strong><a href=\"https:\/\/ledsteplight.com\/hu\/pir-sensor-step-light-top-advantages-for-safety\/\" class=\"waam-auto-link\" title=\"megvil\u00e1g\u00edt\u00e1s\u00e9rt\">megvil\u00e1g\u00edt\u00e1s\u00e9rt<\/a><\/strong> t\u00f6bb <strong data-start=\"474\" data-end=\"507\">sug\u00e1rz\u00e1si sz\u00f6ggel (15\u00b0\/30\u00b0\/45\u00b0\/60\u00b0)<\/strong> a t\u00e9r kialak\u00edt\u00e1s\u00e1hoz igaz\u00edtva.<\/p>\n<p data-start=\"539\" data-end=\"755\">t\u00e1pl\u00e1l\u00e1s\u00e1val <strong data-start=\"552\" data-end=\"571\">be\u00e9p\u00edtett driver<\/strong> \u00e9s <strong data-start=\"576\" data-end=\"591\">DC24V bemenet<\/strong>, ez a l\u00e9pcs\u0151f\u00e9ny z\u00f6kken\u0151mentesen m\u0171k\u00f6dik <strong data-start=\"631\" data-end=\"673\">DALI, 0-10V vagy Kapcsol\u00f3\/ki-be vez\u00e9rl\u0151 rendszerekkel<\/strong>, rugalmas vil\u00e1g\u00edt\u00e1svez\u00e9rl\u00e9st biztos\u00edt mind lakoss\u00e1gi, mind kereskedelmi projektekhez.<\/p>\n<p data-start=\"757\" data-end=\"1068\">Mint <strong data-start=\"762\" data-end=\"785\">k\u00f6zvetlen gy\u00e1rt\u00f3<\/strong>, t\u00e1mogatjuk <strong data-start=\"798\" data-end=\"854\">egyedi tervez\u00e9st, nagy t\u00e9telben t\u00f6rt\u00e9n\u0151 rendel\u00e9st \u00e9s OEM\/ODM szolg\u00e1ltat\u00e1sokat<\/strong>. Ak\u00e1r egyedi fel\u00fcletet, v\u00edz\u00e1ll\u00f3s\u00e1gi besorol\u00e1st vagy telep\u00edt\u00e9si m\u00f3dot keres, seg\u00edt\u00fcnk a f\u00e9ny testreszab\u00e1s\u00e1ban a projekt ig\u00e9nyei szerint \u2014 <strong data-start=\"990\" data-end=\"1066\">gy\u00e1ri k\u00f6zvetlen min\u0151s\u00e9g, nagykereskedelmi \u00e1rak \u00e9s glob\u00e1lis sz\u00e1ll\u00edt\u00e1s bele\u00e9rtve.<\/strong><\/p>","protected":false},"excerpt":{"rendered":"<p>Megb\u00edzhat\u00f3 LED l\u00e9pcs\u0151f\u00e9nyeket keres? A <strong data-start=\"1148\" data-end=\"1162\">TS50-ZT-SQ<\/strong> egy kompakt, testreszabhat\u00f3 talajf\u00e9ny, ide\u00e1lis j\u00e1rd\u00e1khoz \u00e9s \u00e9p\u00edt\u00e9szeti megold\u00e1sokhoz. Gy\u00e1ri k\u00f6zvetlen LED vil\u00e1g\u00edt\u00e1s gy\u00e1rt\u00f3 OEM\/ODM, nagykereskedelmi ell\u00e1t\u00e1s \u00e9s glob\u00e1lis sz\u00e1ll\u00edt\u00e1s k\u00edn\u00e1lat\u00e1val.<\/p>","protected":false},"featured_media":37397,"comment_status":"open","ping_status":"closed","template":"","meta":[],"product_brand":[],"product_cat":[100,426,427,428,439,429,440,430,441,431,442,443,432,433,444,112,464,445,446,106,434,435,436,437],"product_tag":[103,76,140,77,113,78,108,141],"class_list":{"0":"post-38098","1":"product","2":"type-product","3":"status-publish","4":"has-post-thumbnail","6":"product_cat-aluminum-ground-light","7":"product_cat-ceiling-recessed","8":"product_cat-ceiling-surface","9":"product_cat-ceiling-suspended","10":"product_cat-commercial","11":"product_cat-drivers","12":"product_cat-education","13":"product_cat-freestanding-light","14":"product_cat-hospitality","15":"product_cat-industrial","16":"product_cat-infrastructure","17":"product_cat-landscape","18":"product_cat-landscaping","19":"product_cat-linear","20":"product_cat-office","21":"product_cat-outdoor-ground-light","22":"product_cat-c-outdoor-lighting","23":"product_cat-residential","24":"product_cat-retail","25":"product_cat-round-ground-light","26":"product_cat-table-lamp","27":"product_cat-track","28":"product_cat-wall-recessed","29":"product_cat-wall-surface","30":"product_tag-aluminum-ground-light","31":"product_tag-aluminum-housing","32":"product_tag-flood-light","33":"product_tag-ground-light","34":"product_tag-outdoor-ground-light","35":"product_tag-outdoor-lighting","36":"product_tag-round-ground-light","37":"product_tag-tree-spot-light","39":"first","40":"instock","41":"shipping-taxable","42":"product-type-simple"},"_links":{"self":[{"href":"https:\/\/ledsteplight.com\/hu\/wp-json\/wp\/v2\/product\/38098","targetHints":{"allow":["GET"]}}],"collection":[{"href":"https:\/\/ledsteplight.com\/hu\/wp-json\/wp\/v2\/product"}],"about":[{"href":"https:\/\/ledsteplight.com\/hu\/wp-json\/wp\/v2\/types\/product"}],"replies":[{"embeddable":true,"href":"https:\/\/ledsteplight.com\/hu\/wp-json\/wp\/v2\/comments?post=38098"}],"version-history":[{"count":3,"href":"https:\/\/ledsteplight.com\/hu\/wp-json\/wp\/v2\/product\/38098\/revisions"}],"predecessor-version":[{"id":38599,"href":"https:\/\/ledsteplight.com\/hu\/wp-json\/wp\/v2\/product\/38098\/revisions\/38599"}],"wp:featuredmedia":[{"embeddable":true,"href":"https:\/\/ledsteplight.com\/hu\/wp-json\/wp\/v2\/media\/37397"}],"wp:attachment":[{"href":"https:\/\/ledsteplight.com\/hu\/wp-json\/wp\/v2\/media?parent=38098"}],"wp:term":[{"taxonomy":"product_brand","embeddable":true,"href":"https:\/\/ledsteplight.com\/hu\/wp-json\/wp\/v2\/product_brand?post=38098"},{"taxonomy":"product_cat","embeddable":true,"href":"https:\/\/ledsteplight.com\/hu\/wp-json\/wp\/v2\/product_cat?post=38098"},{"taxonomy":"product_tag","embeddable":true,"href":"https:\/\/ledsteplight.com\/hu\/wp-json\/wp\/v2\/product_tag?post=38098"}],"curies":[{"name":"wp","href":"https:\/\/api.w.org\/{rel}","templated":true}]}}