{"id":38099,"date":"2025-10-26T13:04:28","date_gmt":"2025-10-26T13:04:28","guid":{"rendered":"https:\/\/ledsteplight.com\/import-placeholder-for-37317\/"},"modified":"2026-01-19T02:13:10","modified_gmt":"2026-01-19T02:13:10","slug":"outdoor-landscape-led-spot-light-bd50-aluminum-ip65-garden-lighting-fixture","status":"publish","type":"product","link":"https:\/\/ledsteplight.com\/hu\/outdoor-landscape-led-spot-light-bd50-aluminum-ip65-garden-lighting-fixture\/","title":{"rendered":"K\u00fclt\u00e9ri T\u00e1j LED Reflektor BD50 | Alum\u00ednium IP65 Kerti Vil\u00e1g\u00edt\u00e1si L\u00e1mpa"},"content":{"rendered":"<table class=\"OxEWNITQ\">\n<thead>\n<tr>\n<th>Param\u00e9ter<\/th>\n<th>\u00c9rt\u00e9k\/Le\u00edr\u00e1s<\/th>\n<\/tr>\n<\/thead>\n<tbody>\n<tr>\n<td><strong>Modell<\/strong><\/td>\n<td>MG-BD50<\/td>\n<\/tr>\n<tr>\n<td><strong>Term\u00e9k m\u00e9rete<\/strong><\/td>\n<td>D50*H135mm (\u00c1tm\u00e9r\u0151 50mm, Magass\u00e1g 135mm)<\/td>\n<\/tr>\n<tr>\n<td><strong>V\u00e1g\u00e1si m\u00e9ret<\/strong><\/td>\n<td>Nem megadott (fel\u00fcletre szerelhet\u0151)<\/td>\n<\/tr>\n<tr>\n<td><strong>Funkci\u00f3vez\u00e9rl\u00e9s<\/strong><\/td>\n<td>Kapcsol\u00f3vez\u00e9rl\u00e9s (Be\/Ki)<\/td>\n<\/tr>\n<tr>\n<td><strong>F\u00e9nyforr\u00e1s<\/strong><\/td>\n<td>Bridgelux\/CREE LED<\/td>\n<\/tr>\n<tr>\n<td><strong>Watt<\/strong><\/td>\n<td>3W \/ 2\u00d73W (Kett\u0151s modul lehet\u0151s\u00e9g)<\/td>\n<\/tr>\n<tr>\n<td><strong>S\u00faly<\/strong><\/td>\n<td>1,2kg<\/td>\n<\/tr>\n<tr>\n<td><strong>AC bemenet<\/strong><\/td>\n<td>100-240V, 50~60HZ \/ DC12\/24V<\/td>\n<\/tr>\n<tr>\n<td><strong>Vez\u00e9rl\u0151<\/strong><\/td>\n<td>KG<\/td>\n<\/tr>\n<tr>\n<td><strong>Reflektor sz\u00f6g<\/strong><\/td>\n<td>15\u00b0, 24\u00b0, 36\u00b0, 60\u00b0<\/td>\n<\/tr>\n<tr>\n<td><strong><strong><a href=\"https:\/\/ledsteplight.com\/hu\/dm36b-pro-honeycomb-anti-glare-led-in-ground-light-ip67-24v-dc\/\" class=\"waam-auto-link\" title=\"Sz\u00ednh\u0151m\u00e9rs\u00e9klet\">Sz\u00ednh\u0151m\u00e9rs\u00e9klet<\/a><\/strong><\/strong><\/td>\n<td>3000K, 4000K, 5700K<\/td>\n<\/tr>\n<tr>\n<td><strong>Anyag<\/strong><\/td>\n<td>Alum\u00ednium<\/td>\n<\/tr>\n<tr>\n<td><strong>Sz\u00edn\/Bevonat<\/strong><\/td>\n<td>Feh\u00e9r, Fekete<\/td>\n<\/tr>\n<tr>\n<td><strong>IP besorol\u00e1s<\/strong><\/td>\n<td>IP65<\/td>\n<\/tr>\n<tr>\n<td><strong>Telep\u00edt\u00e9s<\/strong><\/td>\n<td>Fel\u00fcletre szerelhet\u0151<\/td>\n<\/tr>\n<\/tbody>\n<\/table>\n<p data-start=\"643\" data-end=\"936\"><strong data-start=\"670\" data-end=\"705\">MG-BD50 LED Kert <strong><a href=\"https:\/\/ledsteplight.com\/hu\/5w-led-in-ground-lights-ip65-waterproof-outdoor-driveway-garden-floor-lighting\/\" class=\"waam-auto-link\" title=\"F\u00f6ldi f\u00e9ny\">F\u00f6ldi f\u00e9ny<\/a><\/strong><\/strong> a modern k\u00fclt\u00e9ri t\u00e1jk\u00e9pekhez tervezt\u00e9k, er\u0151teljes <strong><a href=\"https:\/\/ledsteplight.com\/hu\/pir-sensor-step-light-top-advantages-for-safety\/\" class=\"waam-auto-link\" title=\"megvil\u00e1g\u00edt\u00e1s\u00e9rt\">megvil\u00e1g\u00edt\u00e1s\u00e9rt<\/a><\/strong> egy tart\u00f3s alum\u00ednium testtel. Az IP65 v\u00e9delemmel megb\u00edzhat\u00f3an m\u0171k\u00f6dik minden id\u0151j\u00e1r\u00e1si k\u00f6r\u00fclm\u00e9ny k\u00f6z\u00f6tt\u2014ide\u00e1lis kertekhez, s\u00e9t\u00e1nyokhoz \u00e9s <strong><a href=\"https:\/\/ledsteplight.com\/hu\/cree-bridgelux-chip-ip65-led-fixture-for-garden-facade-lighting\/\" class=\"waam-auto-link\" title=\"\u00e9p\u00edt\u00e9szeti vil\u00e1g\u00edt\u00e1st\">\u00e9p\u00edt\u00e9szeti vil\u00e1g\u00edt\u00e1st<\/a><\/strong>.<\/p>\n<p data-start=\"938\" data-end=\"956\"><strong data-start=\"938\" data-end=\"954\">F\u0151 Jellemz\u0151k<\/strong><\/p>\n<ul data-start=\"957\" data-end=\"1763\">\n<li data-start=\"957\" data-end=\"1093\">\n<p data-start=\"959\" data-end=\"1093\"><strong data-start=\"959\" data-end=\"991\">Magas Teljes\u00edtm\u00e9ny\u0171 LED Forr\u00e1s:<\/strong> Felszerelve <strong data-start=\"1006\" data-end=\"1031\">Bridgelux vagy CREE LED<\/strong>, amely vil\u00e1gos, hat\u00e9kony \u00e9s \u00e1lland\u00f3 f\u00e9nykibocs\u00e1t\u00e1st biztos\u00edt.<\/p>\n<\/li>\n<li data-start=\"1094\" data-end=\"1192\">\n<p data-start=\"1096\" data-end=\"1192\"><strong data-start=\"1096\" data-end=\"1123\">Rugalmas \u00c1ramell\u00e1t\u00e1si Lehet\u0151s\u00e9gek:<\/strong> El\u00e9rhet\u0151 <strong data-start=\"1137\" data-end=\"1150\">3W egyedi<\/strong> or <strong data-start=\"1154\" data-end=\"1174\">2\u00d73W kett\u0151s modul<\/strong> be\u00e1ll\u00edt\u00e1sok.<\/p>\n<\/li>\n<li data-start=\"1193\" data-end=\"1307\">\n<p data-start=\"1195\" data-end=\"1307\"><strong data-start=\"1195\" data-end=\"1219\">Pontos Sug\u00e1rsz\u00f6gek:<\/strong> V\u00e1lasszon <strong data-start=\"1232\" data-end=\"1257\">15\u00b0, 24\u00b0, 36\u00b0 vagy 60\u00b0<\/strong> reflektor sz\u00f6gek szem\u00e9lyre szabott vil\u00e1g\u00edt\u00e1si hat\u00e1sokhoz.<\/p>\n<\/li>\n<li data-start=\"1308\" data-end=\"1427\">\n<p data-start=\"1310\" data-end=\"1427\"><strong data-start=\"1310\" data-end=\"1333\">Sz\u00ednh\u0151m\u00e9rs\u00e9kletek:<\/strong> El\u00e9rhet\u0151 <strong data-start=\"1347\" data-end=\"1369\">3000K (Meleg Feh\u00e9r)<\/strong>, <strong data-start=\"1371\" data-end=\"1396\">4000K (Semleges Feh\u00e9r)<\/strong>, \u00e9s <strong data-start=\"1402\" data-end=\"1424\">5700K (Hideg Feh\u00e9r)<\/strong>.<\/p>\n<\/li>\n<li data-start=\"1428\" data-end=\"1513\">\n<p data-start=\"1430\" data-end=\"1513\"><strong data-start=\"1430\" data-end=\"1450\">IP65 V\u00edz\u00e1ll\u00f3:<\/strong> Biztos\u00edtja a k\u00fclt\u00e9ri tart\u00f3ss\u00e1got por, es\u0151 \u00e9s p\u00e1ratartalom ellen.<\/p>\n<\/li>\n<li data-start=\"1514\" data-end=\"1648\">\n<p data-start=\"1516\" data-end=\"1648\"><strong data-start=\"1516\" data-end=\"1538\">Anyag &amp; Fel\u00fclet:<\/strong> K\u00e9sz\u00fcl <strong data-start=\"1549\" data-end=\"1572\">magas min\u0151s\u00e9g\u0171 alum\u00edniumb\u00f3l<\/strong>, el\u00e9rhet\u0151 <strong data-start=\"1587\" data-end=\"1605\">fekete vagy feh\u00e9r<\/strong> porfest\u00e9ssel a korr\u00f3zi\u00f3\u00e1ll\u00f3s\u00e1g\u00e9rt.<\/p>\n<\/li>\n<li data-start=\"1649\" data-end=\"1763\">\n<p data-start=\"1651\" data-end=\"1763\"><strong data-start=\"1651\" data-end=\"1673\">tervez\u00e9shez.<\/strong> Fel\u00fcletre szerelt kialak\u00edt\u00e1s megk\u00f6nny\u00edti a telep\u00edt\u00e9st mind lakoss\u00e1gi, mind kereskedelmi k\u00f6rnyezetben.<\/p>\n<\/li>\n<\/ul>","protected":false},"excerpt":{"rendered":"<p data-start=\"1063\" data-end=\"1512\">Magas teljes\u00edtm\u00e9ny\u0171 BD50 LED kertf\u00f6ldl\u00e1mpa CREE\/Bridgelux LED-ekkel, IP65 v\u00edz\u00e1ll\u00f3 alum\u00ednium h\u00e1z, 3W\/6W teljes\u00edtm\u00e9ny, ide\u00e1lis k\u00fclt\u00e9ri t\u00e1jvil\u00e1g\u00edt\u00e1shoz.<\/p>","protected":false},"featured_media":37400,"comment_status":"open","ping_status":"closed","template":"","meta":[],"product_brand":[],"product_cat":[100,426,427,428,439,429,440,430,441,431,442,443,432,433,444,112,464,445,446,106,434,435,128,436,437],"product_tag":[103,76,142,77,113,78,108,129],"class_list":{"0":"post-38099","1":"product","2":"type-product","3":"status-publish","4":"has-post-thumbnail","6":"product_cat-aluminum-ground-light","7":"product_cat-ceiling-recessed","8":"product_cat-ceiling-surface","9":"product_cat-ceiling-suspended","10":"product_cat-commercial","11":"product_cat-drivers","12":"product_cat-education","13":"product_cat-freestanding-light","14":"product_cat-hospitality","15":"product_cat-industrial","16":"product_cat-infrastructure","17":"product_cat-landscape","18":"product_cat-landscaping","19":"product_cat-linear","20":"product_cat-office","21":"product_cat-outdoor-ground-light","22":"product_cat-c-outdoor-lighting","23":"product_cat-residential","24":"product_cat-retail","25":"product_cat-round-ground-light","26":"product_cat-table-lamp","27":"product_cat-track","28":"product_cat-wall-light-series","29":"product_cat-wall-recessed","30":"product_cat-wall-surface","31":"product_tag-aluminum-ground-light","32":"product_tag-aluminum-housing","33":"product_tag-die-cast-aluminum","34":"product_tag-ground-light","35":"product_tag-outdoor-ground-light","36":"product_tag-outdoor-lighting","37":"product_tag-round-ground-light","38":"product_tag-wall-light-series","40":"first","41":"instock","42":"featured","43":"shipping-taxable","44":"product-type-simple"},"_links":{"self":[{"href":"https:\/\/ledsteplight.com\/hu\/wp-json\/wp\/v2\/product\/38099","targetHints":{"allow":["GET"]}}],"collection":[{"href":"https:\/\/ledsteplight.com\/hu\/wp-json\/wp\/v2\/product"}],"about":[{"href":"https:\/\/ledsteplight.com\/hu\/wp-json\/wp\/v2\/types\/product"}],"replies":[{"embeddable":true,"href":"https:\/\/ledsteplight.com\/hu\/wp-json\/wp\/v2\/comments?post=38099"}],"version-history":[{"count":3,"href":"https:\/\/ledsteplight.com\/hu\/wp-json\/wp\/v2\/product\/38099\/revisions"}],"predecessor-version":[{"id":38587,"href":"https:\/\/ledsteplight.com\/hu\/wp-json\/wp\/v2\/product\/38099\/revisions\/38587"}],"wp:featuredmedia":[{"embeddable":true,"href":"https:\/\/ledsteplight.com\/hu\/wp-json\/wp\/v2\/media\/37400"}],"wp:attachment":[{"href":"https:\/\/ledsteplight.com\/hu\/wp-json\/wp\/v2\/media?parent=38099"}],"wp:term":[{"taxonomy":"product_brand","embeddable":true,"href":"https:\/\/ledsteplight.com\/hu\/wp-json\/wp\/v2\/product_brand?post=38099"},{"taxonomy":"product_cat","embeddable":true,"href":"https:\/\/ledsteplight.com\/hu\/wp-json\/wp\/v2\/product_cat?post=38099"},{"taxonomy":"product_tag","embeddable":true,"href":"https:\/\/ledsteplight.com\/hu\/wp-json\/wp\/v2\/product_tag?post=38099"}],"curies":[{"name":"wp","href":"https:\/\/api.w.org\/{rel}","templated":true}]}}