{"id":38130,"date":"2025-09-08T13:04:35","date_gmt":"2025-09-08T13:04:35","guid":{"rendered":"https:\/\/ledsteplight.com\/import-placeholder-for-37318\/"},"modified":"2026-01-19T02:13:11","modified_gmt":"2026-01-19T02:13:11","slug":"bd035-42-led-in-ground-light-5w-ip65-wholesale-supplier","status":"publish","type":"product","link":"https:\/\/ledsteplight.com\/hu\/bd035-42-led-in-ground-light-5w-ip65-wholesale-supplier\/","title":{"rendered":"BD035-42 LED F\u00f6ldbe S\u00fcllyesztett Vil\u00e1g\u00edt\u00e1s 5W, IP65 | Nagykereskedelmi Sz\u00e1ll\u00edt\u00f3"},"content":{"rendered":"<table class=\"OxEWNITQ\">\n<thead>\n<tr>\n<th>Param\u00e9ter<\/th>\n<th>\u00c9rt\u00e9k\/Le\u00edr\u00e1s<\/th>\n<\/tr>\n<\/thead>\n<tbody>\n<tr>\n<td><strong>Modell<\/strong><\/td>\n<td>MG-BD035-42<\/td>\n<\/tr>\n<tr>\n<td><strong>M\u00e9ret<\/strong><\/td>\n<td>\u03c642*H405mm<\/td>\n<\/tr>\n<tr>\n<td><strong>V\u00e1g\u00e1si m\u00e9ret<\/strong><\/td>\n<td>(\u03c640*H75mm)<\/td>\n<\/tr>\n<tr>\n<td><strong>Funkci\u00f3vez\u00e9rl\u00e9s<\/strong><\/td>\n<td>Nem megadott<\/td>\n<\/tr>\n<tr>\n<td><strong>F\u00e9nyforr\u00e1s<\/strong><\/td>\n<td>OSRAM \/ CREE \/ 3014 SMD<\/td>\n<\/tr>\n<tr>\n<td><strong>Watt<\/strong><\/td>\n<td>1W (350mA)<\/td>\n<\/tr>\n<tr>\n<td><strong>S\u00faly<\/strong><\/td>\n<td>0,45kg<\/td>\n<\/tr>\n<tr>\n<td><strong>AC bemenet<\/strong><\/td>\n<td>100-240V, 50~60HZ \/ DC12\/24V<\/td>\n<\/tr>\n<tr>\n<td><strong>Vez\u00e9rl\u0151<\/strong><\/td>\n<td>Nem megadott<\/td>\n<\/tr>\n<tr>\n<td><strong>Reflektor sz\u00f6g<\/strong><\/td>\n<td>Nem megadott<\/td>\n<\/tr>\n<tr>\n<td><strong><strong><a href=\"https:\/\/ledsteplight.com\/hu\/dm36b-pro-honeycomb-anti-glare-led-in-ground-light-ip67-24v-dc\/\" class=\"waam-auto-link\" title=\"Sz\u00ednh\u0151m\u00e9rs\u00e9klet\">Sz\u00ednh\u0151m\u00e9rs\u00e9klet<\/a><\/strong><\/strong><\/td>\n<td>3000K, 4000K, 5700K<\/td>\n<\/tr>\n<tr>\n<td><strong>Csatlakoz\u00e1s (Vezet\u00e9k\/Hossz\/Csatlakoz\u00f3)<\/strong><\/td>\n<td>Nem megadott<\/td>\n<\/tr>\n<tr>\n<td><strong>Anyag<\/strong><\/td>\n<td>Alum\u00ednium<\/td>\n<\/tr>\n<tr>\n<td><strong>Sz\u00edn\/Fel\u00fcletkezel\u00e9s<\/strong><\/td>\n<td>Feh\u00e9r, Fekete<\/td>\n<\/tr>\n<tr>\n<td><strong>IP besorol\u00e1s<\/strong><\/td>\n<td><strong><a href=\"https:\/\/ledsteplight.com\/hu\/cree-bridgelux-chip-ip65-led-fixture-for-garden-facade-lighting\/\" class=\"waam-auto-link\" title=\"IP65\">IP65<\/a><\/strong><\/td>\n<\/tr>\n<tr>\n<td><strong>Telep\u00edt\u00e9s<\/strong><\/td>\n<td>Rejtett Be\u00e9p\u00edt\u00e9s (Opcion\u00e1lis El\u0151re be\u00e1gyazott doboz)<\/td>\n<\/tr>\n<\/tbody>\n<\/table>\n<p data-start=\"1089\" data-end=\"1452\"><strong data-start=\"1093\" data-end=\"1105\">BD035-42<\/strong> egy strapab\u00edr\u00f3 kis munkag\u00e9p \u2014 egy 5W-os f\u00f6ldbe s\u00fcllyesztett LED, amely megb\u00edzhat\u00f3 marad nedves, k\u00fclt\u00e9ri k\u00f6rnyezetben is a <strong data-start=\"1222\" data-end=\"1241\">IP65 v\u00edz\u00e1ll\u00f3<\/strong> \u00e9rt\u00e9kel\u00e9s. Tiszta, k\u00f6vetkezetes <strong><a href=\"https:\/\/ledsteplight.com\/hu\/pir-sensor-step-light-top-advantages-for-safety\/\" class=\"waam-auto-link\" title=\"megvil\u00e1g\u00edt\u00e1s\u00e9rt\">megvil\u00e1g\u00edt\u00e1s\u00e9rt<\/a><\/strong> az utakat, t\u00e1jk\u00e9pi d\u00edsz\u00edt\u0151elemeket \u00e9s alacsony profil\u00fa fel\u00fcleti vil\u00e1g\u00edt\u00e1st biztos\u00edt, mik\u00f6zben kis l\u00e1bnyommal rendelkezik, amely csendesen elrejt\u0151zik a f\u00f6ldben, \u00e9s lehet\u0151v\u00e9 teszi a jelenet sz\u00e1m\u00e1ra, hogy besz\u00e9ljen.<\/p>\n<p data-start=\"1454\" data-end=\"1758\">V\u00e1llalkoz\u00f3knak \u00e9s v\u00e1s\u00e1rl\u00f3knak k\u00e9sz\u00fclt, akik \u00e9rt\u00e9kelik a kisz\u00e1m\u00edthat\u00f3 sz\u00e1ll\u00edt\u00e1st, ez az egys\u00e9g gy\u00e1rilag k\u00e9sz \u00e9s OEM-bar\u00e1t \u2014 mint\u00e1k, egyedi fel\u00fcletek \u00e9s nagy t\u00e9tel\u0171 \u00e1rak el\u00e9rhet\u0151k. Mondja el nek\u00fcnk projektje m\u00e9ret\u00e9t \u00e9s specifik\u00e1ci\u00f3it, \u00e9s \u00f6ssze\u00e1ll\u00edtunk egy gy\u00e1ri \u00e1raj\u00e1nlatot, sz\u00e1ll\u00edt\u00e1si id\u0151t \u00e9s b\u00e1rmilyen teszt dokument\u00e1ci\u00f3t, amire sz\u00fcks\u00e9ge van.<\/p>","protected":false},"excerpt":{"rendered":"<p>V\u00e1s\u00e1roljon BD035-42 IP65 5W LED f\u00f6ldalatti l\u00e1mp\u00e1t a gy\u00e1rt\u00f3t\u00f3l. Mint\u00e1k, egyedi m\u00e1rk\u00e1z\u00e1s \u00e9s projekt\u00e1rak el\u00e9rhet\u0151k. Vegye fel a kapcsolatot az \u00e9rt\u00e9kes\u00edt\u00e9ssel gyors nagy t\u00e9tel \u00e1rak\u00e9rt.<\/p>","protected":false},"featured_media":37403,"comment_status":"open","ping_status":"closed","template":"","meta":[],"product_brand":[],"product_cat":[69,100,426,427,428,439,429,440,430,441,431,442,443,432,433,444,112,464,445,446,106,434,435,128,436,437],"product_tag":[74,103,76,77,113,78,108,129],"class_list":{"0":"post-38130","1":"product","2":"type-product","3":"status-publish","4":"has-post-thumbnail","6":"product_cat-5w","7":"product_cat-aluminum-ground-light","8":"product_cat-ceiling-recessed","9":"product_cat-ceiling-surface","10":"product_cat-ceiling-suspended","11":"product_cat-commercial","12":"product_cat-drivers","13":"product_cat-education","14":"product_cat-freestanding-light","15":"product_cat-hospitality","16":"product_cat-industrial","17":"product_cat-infrastructure","18":"product_cat-landscape","19":"product_cat-landscaping","20":"product_cat-linear","21":"product_cat-office","22":"product_cat-outdoor-ground-light","23":"product_cat-c-outdoor-lighting","24":"product_cat-residential","25":"product_cat-retail","26":"product_cat-round-ground-light","27":"product_cat-table-lamp","28":"product_cat-track","29":"product_cat-wall-light-series","30":"product_cat-wall-recessed","31":"product_cat-wall-surface","32":"product_tag-5w-led","33":"product_tag-aluminum-ground-light","34":"product_tag-aluminum-housing","35":"product_tag-ground-light","36":"product_tag-outdoor-ground-light","37":"product_tag-outdoor-lighting","38":"product_tag-round-ground-light","39":"product_tag-wall-light-series","41":"first","42":"instock","43":"featured","44":"downloadable","45":"shipping-taxable","46":"product-type-simple"},"_links":{"self":[{"href":"https:\/\/ledsteplight.com\/hu\/wp-json\/wp\/v2\/product\/38130","targetHints":{"allow":["GET"]}}],"collection":[{"href":"https:\/\/ledsteplight.com\/hu\/wp-json\/wp\/v2\/product"}],"about":[{"href":"https:\/\/ledsteplight.com\/hu\/wp-json\/wp\/v2\/types\/product"}],"replies":[{"embeddable":true,"href":"https:\/\/ledsteplight.com\/hu\/wp-json\/wp\/v2\/comments?post=38130"}],"version-history":[{"count":3,"href":"https:\/\/ledsteplight.com\/hu\/wp-json\/wp\/v2\/product\/38130\/revisions"}],"predecessor-version":[{"id":38589,"href":"https:\/\/ledsteplight.com\/hu\/wp-json\/wp\/v2\/product\/38130\/revisions\/38589"}],"wp:featuredmedia":[{"embeddable":true,"href":"https:\/\/ledsteplight.com\/hu\/wp-json\/wp\/v2\/media\/37403"}],"wp:attachment":[{"href":"https:\/\/ledsteplight.com\/hu\/wp-json\/wp\/v2\/media?parent=38130"}],"wp:term":[{"taxonomy":"product_brand","embeddable":true,"href":"https:\/\/ledsteplight.com\/hu\/wp-json\/wp\/v2\/product_brand?post=38130"},{"taxonomy":"product_cat","embeddable":true,"href":"https:\/\/ledsteplight.com\/hu\/wp-json\/wp\/v2\/product_cat?post=38130"},{"taxonomy":"product_tag","embeddable":true,"href":"https:\/\/ledsteplight.com\/hu\/wp-json\/wp\/v2\/product_tag?post=38130"}],"curies":[{"name":"wp","href":"https:\/\/api.w.org\/{rel}","templated":true}]}}