{"id":38132,"date":"2025-09-08T13:04:35","date_gmt":"2025-09-08T13:04:35","guid":{"rendered":"https:\/\/ledsteplight.com\/import-placeholder-for-37335\/"},"modified":"2026-01-19T02:13:12","modified_gmt":"2026-01-19T02:13:12","slug":"mg-sn015-s-led-ground-light-supplier-ip65-rated-3w-recessed-pathway-lighting","status":"publish","type":"product","link":"https:\/\/ledsteplight.com\/hu\/mg-sn015-s-led-ground-light-supplier-ip65-rated-3w-recessed-pathway-lighting\/","title":{"rendered":"MG-SN015-S LED f\u00f6ldvil\u00e1g\u00edt\u00f3 l\u00e1mpa besz\u00e1ll\u00edt\u00f3 \u2013 IP65 besorol\u00e1s, 3W be\u00e9p\u00edtett \u00fatjelz\u0151 vil\u00e1g\u00edt\u00e1s"},"content":{"rendered":"<table class=\"OxEWNITQ\">\n<thead>\n<tr>\n<th>Param\u00e9ter<\/th>\n<th>\u00c9rt\u00e9k\/Le\u00edr\u00e1s<\/th>\n<\/tr>\n<\/thead>\n<tbody>\n<tr>\n<td><strong>Modell<\/strong><\/td>\n<td>MG-SN015-S<\/td>\n<\/tr>\n<tr>\n<td><strong>Term\u00e9k m\u00e9rete<\/strong><\/td>\n<td>\u00d870mm*H42mm (K\u00f6r)<\/td>\n<\/tr>\n<tr>\n<td><strong>V\u00e1g\u00e1si m\u00e9ret<\/strong><\/td>\n<td>\u00d865mm*H65mm (K\u00f6r)<\/td>\n<\/tr>\n<tr>\n<td><strong>Funkci\u00f3vez\u00e9rl\u00e9s<\/strong><\/td>\n<td>Nem megadott<\/td>\n<\/tr>\n<tr>\n<td><strong>F\u00e9nyforr\u00e1s<\/strong><\/td>\n<td><strong><a href=\"https:\/\/ledsteplight.com\/hu\/cree-bridgelux-chip-ip65-led-fixture-for-garden-facade-lighting\/\" class=\"waam-auto-link\" title=\"Bridgelux LED\">Bridgelux LED<\/a><\/strong><\/td>\n<\/tr>\n<tr>\n<td><strong>Watt<\/strong><\/td>\n<td>3W (700mA)<\/td>\n<\/tr>\n<tr>\n<td><strong>S\u00faly<\/strong><\/td>\n<td>0,45kg<\/td>\n<\/tr>\n<tr>\n<td><strong>AC bemenet<\/strong><\/td>\n<td>100-240V, 50~60HZ \/ DC24V<\/td>\n<\/tr>\n<tr>\n<td><strong>Vez\u00e9rl\u0151<\/strong><\/td>\n<td>Nem megadott<\/td>\n<\/tr>\n<tr>\n<td><strong>Reflektor sz\u00f6g<\/strong><\/td>\n<td>Nem megadott<\/td>\n<\/tr>\n<tr>\n<td><strong><strong><a href=\"https:\/\/ledsteplight.com\/hu\/dm36b-pro-honeycomb-anti-glare-led-in-ground-light-ip67-24v-dc\/\" class=\"waam-auto-link\" title=\"Sz\u00ednh\u0151m\u00e9rs\u00e9klet\">Sz\u00ednh\u0151m\u00e9rs\u00e9klet<\/a><\/strong><\/strong><\/td>\n<td>3000K, 4000K, 5700K<\/td>\n<\/tr>\n<tr>\n<td><strong>Anyag<\/strong><\/td>\n<td>Alum\u00ednium<\/td>\n<\/tr>\n<tr>\n<td><strong>Sz\u00edn\/Bevonat<\/strong><\/td>\n<td>Feh\u00e9r, Fekete, Ez\u00fcst<\/td>\n<\/tr>\n<tr>\n<td><strong>IP besorol\u00e1s<\/strong><\/td>\n<td>IP54\/IP65<\/td>\n<\/tr>\n<tr>\n<td><strong>Telep\u00edt\u00e9s<\/strong><\/td>\n<td>Rejtett Be\u00e9p\u00edt\u00e9s (Opcion\u00e1lis El\u0151re be\u00e1gyazott doboz)<\/td>\n<\/tr>\n<\/tbody>\n<\/table>\n<p data-start=\"574\" data-end=\"890\"><strong data-start=\"578\" data-end=\"622\">SN015-S 3W LED <strong><a href=\"https:\/\/ledsteplight.com\/hu\/5w-led-in-ground-lights-ip65-waterproof-outdoor-driveway-garden-floor-lighting\/\" class=\"waam-auto-link\" title=\"F\u00f6ldi f\u00e9ny\">F\u00f6ldi f\u00e9ny<\/a><\/strong> (MG-SN015-S)<\/strong> az tart\u00f3ss\u00e1gra \u00e9s teljes\u00edtm\u00e9nyre lett tervezve k\u00fclt\u00e9ri projektekhez. Egy <strong data-start=\"700\" data-end=\"726\">\u00d870mm alum\u00ednium h\u00e1z<\/strong> \u00e9s el\u00e9rhet\u0151 feh\u00e9r, fekete vagy ez\u00fcst kivitelben, ez a be\u00e9p\u00edtett l\u00e1mpa eleg\u00e1ns megjelen\u00e9st ny\u00fajt, mik\u00f6zben er\u0151s v\u00e9delmet biztos\u00edt az <strong data-start=\"861\" data-end=\"887\">IP65 v\u00edz\u00e1ll\u00f3 besorol\u00e1s<\/strong>.<\/p>\n<p data-start=\"892\" data-end=\"1307\">t\u00e1pl\u00e1l\u00e1s\u00e1val <strong data-start=\"905\" data-end=\"925\">3W Bridgelux LED<\/strong>, a SN015-S megb\u00edzhat\u00f3 f\u00e9nyer\u0151t biztos\u00edt <strong data-start=\"971\" data-end=\"1024\">t\u00f6bb sz\u00ednh\u0151m\u00e9rs\u00e9kleten (3000K, 4000K, 5700K)<\/strong>, ami sokoldal\u00fa v\u00e1laszt\u00e1ss\u00e1 teszi mind lakoss\u00e1gi, mind kereskedelmi vil\u00e1g\u00edt\u00e1si alkalmaz\u00e1sokhoz. Gy\u00e1ri k\u00f6zvetlen ell\u00e1t\u00e1ssal \u00e9s nagy t\u00e9telben rendelhet\u0151 opci\u00f3kkal kiv\u00e1l\u00f3 megold\u00e1s forgalmaz\u00f3k, kivitelez\u0151k \u00e9s nagykeresked\u0151k sz\u00e1m\u00e1ra, akik magas min\u0151s\u00e9g\u0171 <strong><a href=\"https:\/\/ledsteplight.com\/hu\/mistakes-to-avoid-when-installing-in-ground-driveway-lights\/\" class=\"waam-auto-link\" title=\"be\u00e9p\u00edtett f\u00f6ld alatti l\u00e1mp\u00e1k\">be\u00e9p\u00edtett f\u00f6ld alatti l\u00e1mp\u00e1k<\/a><\/strong> versenyk\u00e9pes \u00e1rakon.<\/p>","protected":false},"excerpt":{"rendered":"<p id=\"\"><strong data-start=\"1351\" data-end=\"1392\">SN015-S 3W LED F\u00f6ldvil\u00e1g\u00edt\u00f3 nagykereskedelem<\/strong> \u2013 Gy\u00e1r k\u00f6zvetlen sz\u00e1ll\u00edt\u00e1ssal <strong data-start=\"1422\" data-end=\"1483\">Bridgelux LED, IP65 v\u00edz\u00e1ll\u00f3, 3000K\/4000K\/5700K opci\u00f3k<\/strong>, ide\u00e1lis <strong data-start=\"1495\" data-end=\"1520\">t\u00f6meges k\u00fclt\u00e9ri projektekhez<\/strong>.<\/p>","protected":false},"featured_media":37410,"comment_status":"open","ping_status":"closed","template":"","meta":[],"product_brand":[],"product_cat":[105,100,426,427,428,439,429,440,430,73,441,431,442,443,432,433,444,112,464,445,446,106,434,435,436,437],"product_tag":[107,82,103,76,77,113,78,108],"class_list":{"0":"post-38132","1":"product","2":"type-product","3":"status-publish","4":"has-post-thumbnail","6":"product_cat-015-series","7":"product_cat-aluminum-ground-light","8":"product_cat-ceiling-recessed","9":"product_cat-ceiling-surface","10":"product_cat-ceiling-suspended","11":"product_cat-commercial","12":"product_cat-drivers","13":"product_cat-education","14":"product_cat-freestanding-light","15":"product_cat-ground-light","16":"product_cat-hospitality","17":"product_cat-industrial","18":"product_cat-infrastructure","19":"product_cat-landscape","20":"product_cat-landscaping","21":"product_cat-linear","22":"product_cat-office","23":"product_cat-outdoor-ground-light","24":"product_cat-c-outdoor-lighting","25":"product_cat-residential","26":"product_cat-retail","27":"product_cat-round-ground-light","28":"product_cat-table-lamp","29":"product_cat-track","30":"product_cat-wall-recessed","31":"product_cat-wall-surface","32":"product_tag-015-series","33":"product_tag-3w-led","34":"product_tag-aluminum-ground-light","35":"product_tag-aluminum-housing","36":"product_tag-ground-light","37":"product_tag-outdoor-ground-light","38":"product_tag-outdoor-lighting","39":"product_tag-round-ground-light","41":"first","42":"instock","43":"featured","44":"downloadable","45":"shipping-taxable","46":"product-type-simple"},"_links":{"self":[{"href":"https:\/\/ledsteplight.com\/hu\/wp-json\/wp\/v2\/product\/38132","targetHints":{"allow":["GET"]}}],"collection":[{"href":"https:\/\/ledsteplight.com\/hu\/wp-json\/wp\/v2\/product"}],"about":[{"href":"https:\/\/ledsteplight.com\/hu\/wp-json\/wp\/v2\/types\/product"}],"replies":[{"embeddable":true,"href":"https:\/\/ledsteplight.com\/hu\/wp-json\/wp\/v2\/comments?post=38132"}],"version-history":[{"count":3,"href":"https:\/\/ledsteplight.com\/hu\/wp-json\/wp\/v2\/product\/38132\/revisions"}],"predecessor-version":[{"id":38591,"href":"https:\/\/ledsteplight.com\/hu\/wp-json\/wp\/v2\/product\/38132\/revisions\/38591"}],"wp:featuredmedia":[{"embeddable":true,"href":"https:\/\/ledsteplight.com\/hu\/wp-json\/wp\/v2\/media\/37410"}],"wp:attachment":[{"href":"https:\/\/ledsteplight.com\/hu\/wp-json\/wp\/v2\/media?parent=38132"}],"wp:term":[{"taxonomy":"product_brand","embeddable":true,"href":"https:\/\/ledsteplight.com\/hu\/wp-json\/wp\/v2\/product_brand?post=38132"},{"taxonomy":"product_cat","embeddable":true,"href":"https:\/\/ledsteplight.com\/hu\/wp-json\/wp\/v2\/product_cat?post=38132"},{"taxonomy":"product_tag","embeddable":true,"href":"https:\/\/ledsteplight.com\/hu\/wp-json\/wp\/v2\/product_tag?post=38132"}],"curies":[{"name":"wp","href":"https:\/\/api.w.org\/{rel}","templated":true}]}}