{"id":37975,"date":"2025-09-08T13:04:10","date_gmt":"2025-09-08T13:04:10","guid":{"rendered":"https:\/\/ledsteplight.com\/import-placeholder-for-37089\/"},"modified":"2025-12-17T09:31:15","modified_gmt":"2025-12-17T09:31:15","slug":"wholesale-1w-3w-surface-mount-led-ground-light-ip65-304-stainless-steel","status":"publish","type":"product","link":"https:\/\/ledsteplight.com\/it\/wholesale-1w-3w-surface-mount-led-ground-light-ip65-304-stainless-steel\/","title":{"rendered":"Luce a terra LED da montaggio superficiale da 1W\/3W all'ingrosso | IP65 Acciaio inossidabile 304"},"content":{"rendered":"<table data-start=\"222\" data-end=\"1285\">\n<thead data-start=\"222\" data-end=\"292\">\n<tr data-start=\"222\" data-end=\"292\">\n<th data-start=\"222\" data-end=\"249\"><strong data-start=\"224\" data-end=\"237\">Parametro<\/strong><\/th>\n<th data-start=\"249\" data-end=\"292\"><strong data-start=\"251\" data-end=\"262\">Dettagli<\/strong><\/th>\n<\/tr>\n<\/thead>\n<tbody data-start=\"364\" data-end=\"1285\">\n<tr data-start=\"364\" data-end=\"434\">\n<td><strong data-start=\"366\" data-end=\"375\">Modello<\/strong><\/td>\n<td>MG-SN010<\/td>\n<\/tr>\n<tr data-start=\"435\" data-end=\"505\">\n<td><strong data-start=\"437\" data-end=\"448\">Potenza<\/strong><\/td>\n<td>1W \/ 3W<\/td>\n<\/tr>\n<tr data-start=\"506\" data-end=\"576\">\n<td><strong data-start=\"508\" data-end=\"529\"><strong><a href=\"https:\/\/ledsteplight.com\/it\/dm36b-pro-honeycomb-anti-glare-led-in-ground-light-ip67-24v-dc\/\" class=\"waam-auto-link\" title=\"Temperatura colore\">Temperatura colore<\/a><\/strong><\/strong><\/td>\n<td>Regolabile (3000K\/6000K)<\/td>\n<\/tr>\n<tr data-start=\"577\" data-end=\"647\">\n<td><strong data-start=\"579\" data-end=\"600\">Classificazione di Protezione<\/strong><\/td>\n<td>IP65<\/td>\n<\/tr>\n<tr data-start=\"648\" data-end=\"718\">\n<td><strong data-start=\"650\" data-end=\"662\">Durata di vita<\/strong><\/td>\n<td>40.000 ore<\/td>\n<\/tr>\n<tr data-start=\"719\" data-end=\"788\">\n<td><strong data-start=\"721\" data-end=\"733\">Materiale<\/strong><\/td>\n<td>Acciaio inossidabile 304 \/ Lega di alluminio<\/td>\n<\/tr>\n<tr data-start=\"789\" data-end=\"859\">\n<td><strong data-start=\"791\" data-end=\"803\">Garanzia<\/strong><\/td>\n<td>3 anni<\/td>\n<\/tr>\n<tr data-start=\"860\" data-end=\"930\">\n<td><strong data-start=\"862\" data-end=\"876\">Angolo del fascio<\/strong><\/td>\n<td>120\u00b0<\/td>\n<\/tr>\n<tr data-start=\"931\" data-end=\"1001\">\n<td><strong data-start=\"933\" data-end=\"944\">Tensione<\/strong><\/td>\n<td>100-230V<\/td>\n<\/tr>\n<tr data-start=\"1002\" data-end=\"1072\">\n<td><strong data-start=\"1004\" data-end=\"1016\">Tipo di LED<\/strong><\/td>\n<td><strong><a href=\"https:\/\/ledsteplight.com\/it\/cree-bridgelux-chip-ip65-led-fixture-for-garden-facade-lighting\/\" class=\"waam-auto-link\" title=\"CREE LED\">CREE LED<\/a><\/strong><\/td>\n<\/tr>\n<tr data-start=\"1073\" data-end=\"1143\">\n<td><strong data-start=\"1075\" data-end=\"1095\">Funzione di Dimming<\/strong><\/td>\n<td>No<\/td>\n<\/tr>\n<tr data-start=\"1144\" data-end=\"1214\">\n<td><strong data-start=\"1146\" data-end=\"1164\">Certificazioni<\/strong><\/td>\n<td>CE, RoHS<\/td>\n<\/tr>\n<tr data-start=\"1215\" data-end=\"1285\">\n<td><strong data-start=\"1217\" data-end=\"1233\">Installazione<\/strong><\/td>\n<td>Montaggio superficiale<\/td>\n<\/tr>\n<\/tbody>\n<\/table>\n<p>MG-SN010 \u00e8 progettato per progetti esterni di fascia alta dove la durata e la facilit\u00e0 di installazione sono le priorit\u00e0 principali. A differenza dei tradizionali <strong><a href=\"https:\/\/ledsteplight.com\/it\/ip67-waterproof-led-ground-lights-easy-garden-lighting-solutions\/\" class=\"waam-auto-link\" title=\"faretti da incasso\">faretti da incasso<\/a><\/strong>Questo apparecchio presenta un design intelligente da montare su superficie\u2014il che significa che non sono necessari scavi o lavori complessi. Realizzato in acciaio inossidabile 304 di alta qualit\u00e0 e con un corpo in lega di alluminio robusta, \u00e8 progettato per resistere all'aria salmastra, all'umidit\u00e0 e alle aree ad alto traffico senza perdere la finitura. Con una classificazione IP65 impermeabile e una durata stimata di 40.000 ore, questa \u00e8 la luce \"imposta e dimentica\" che riduce le chiamate di manutenzione per i tuoi clienti.<\/p>","protected":false},"excerpt":{"rendered":"<p data-start=\"5152\" data-end=\"5513\">Luci a terra LED CREE da 1W\/3W all'ingrosso (SN010). Caratterizzate da corpo in acciaio inossidabile 304 e facile montaggio superficiale. Richiedi subito il preventivo di fabbrica per ordini all'ingrosso e personalizzati.<\/p>","protected":false},"featured_media":37186,"comment_status":"open","ping_status":"closed","template":"","meta":[],"product_brand":[],"product_cat":[85,100,426,427,428,439,429,440,430,441,431,442,443,432,433,444,445,446,434,435,436,437],"product_tag":[89,82,103,76,77,83],"class_list":{"0":"post-37975","1":"product","2":"type-product","3":"status-publish","4":"has-post-thumbnail","6":"product_cat-1w","7":"product_cat-aluminum-ground-light","8":"product_cat-ceiling-recessed","9":"product_cat-ceiling-surface","10":"product_cat-ceiling-suspended","11":"product_cat-commercial","12":"product_cat-drivers","13":"product_cat-education","14":"product_cat-freestanding-light","15":"product_cat-hospitality","16":"product_cat-industrial","17":"product_cat-infrastructure","18":"product_cat-landscape","19":"product_cat-landscaping","20":"product_cat-linear","21":"product_cat-office","22":"product_cat-residential","23":"product_cat-retail","24":"product_cat-table-lamp","25":"product_cat-track","26":"product_cat-wall-recessed","27":"product_cat-wall-surface","28":"product_tag-1w-led","29":"product_tag-3w-led","30":"product_tag-aluminum-ground-light","31":"product_tag-aluminum-housing","32":"product_tag-ground-light","33":"product_tag-waterproof-fixture","35":"first","36":"instock","37":"shipping-taxable","38":"product-type-simple"},"_links":{"self":[{"href":"https:\/\/ledsteplight.com\/it\/wp-json\/wp\/v2\/product\/37975","targetHints":{"allow":["GET"]}}],"collection":[{"href":"https:\/\/ledsteplight.com\/it\/wp-json\/wp\/v2\/product"}],"about":[{"href":"https:\/\/ledsteplight.com\/it\/wp-json\/wp\/v2\/types\/product"}],"replies":[{"embeddable":true,"href":"https:\/\/ledsteplight.com\/it\/wp-json\/wp\/v2\/comments?post=37975"}],"version-history":[{"count":3,"href":"https:\/\/ledsteplight.com\/it\/wp-json\/wp\/v2\/product\/37975\/revisions"}],"predecessor-version":[{"id":38686,"href":"https:\/\/ledsteplight.com\/it\/wp-json\/wp\/v2\/product\/37975\/revisions\/38686"}],"wp:featuredmedia":[{"embeddable":true,"href":"https:\/\/ledsteplight.com\/it\/wp-json\/wp\/v2\/media\/37186"}],"wp:attachment":[{"href":"https:\/\/ledsteplight.com\/it\/wp-json\/wp\/v2\/media?parent=37975"}],"wp:term":[{"taxonomy":"product_brand","embeddable":true,"href":"https:\/\/ledsteplight.com\/it\/wp-json\/wp\/v2\/product_brand?post=37975"},{"taxonomy":"product_cat","embeddable":true,"href":"https:\/\/ledsteplight.com\/it\/wp-json\/wp\/v2\/product_cat?post=37975"},{"taxonomy":"product_tag","embeddable":true,"href":"https:\/\/ledsteplight.com\/it\/wp-json\/wp\/v2\/product_tag?post=37975"}],"curies":[{"name":"wp","href":"https:\/\/api.w.org\/{rel}","templated":true}]}}