{"id":38010,"date":"2025-09-08T13:04:16","date_gmt":"2025-09-08T13:04:16","guid":{"rendered":"https:\/\/ledsteplight.com\/import-placeholder-for-37107\/"},"modified":"2025-12-11T22:30:19","modified_gmt":"2025-12-11T22:30:19","slug":"5w-led-in-ground-lights-ip65-waterproof-outdoor-driveway-garden-floor-lighting","status":"publish","type":"product","link":"https:\/\/ledsteplight.com\/it\/5w-led-in-ground-lights-ip65-waterproof-outdoor-driveway-garden-floor-lighting\/","title":{"rendered":"Luci da incasso a LED 5W IP65 impermeabili | Illuminazione da esterno per vialetti e pavimenti del giardino"},"content":{"rendered":"<h3 data-start=\"133\" data-end=\"168\"><strong data-start=\"137\" data-end=\"168\">Tabella delle Specifiche del Prodotto<\/strong><\/h3>\n<table data-start=\"170\" data-end=\"1361\">\n<thead data-start=\"170\" data-end=\"241\">\n<tr data-start=\"170\" data-end=\"241\">\n<th data-start=\"170\" data-end=\"192\"><strong data-start=\"172\" data-end=\"189\">Specifiche<\/strong><\/th>\n<th data-start=\"192\" data-end=\"241\">Dettagli<\/th>\n<\/tr>\n<\/thead>\n<tbody data-start=\"316\" data-end=\"1361\">\n<tr data-start=\"316\" data-end=\"390\">\n<td><strong data-start=\"318\" data-end=\"327\">Modello<\/strong><\/td>\n<td>MG-BD035-50<\/td>\n<\/tr>\n<tr data-start=\"391\" data-end=\"465\">\n<td><strong data-start=\"393\" data-end=\"405\">Tipo di LED<\/strong><\/td>\n<td>LED COB da 5W<\/td>\n<\/tr>\n<tr data-start=\"466\" data-end=\"540\">\n<td><strong data-start=\"468\" data-end=\"479\">Tensione<\/strong><\/td>\n<td>85-265V<\/td>\n<\/tr>\n<tr data-start=\"541\" data-end=\"615\">\n<td><strong data-start=\"543\" data-end=\"564\"><strong><a href=\"https:\/\/ledsteplight.com\/it\/dm36b-pro-honeycomb-anti-glare-led-in-ground-light-ip67-24v-dc\/\" class=\"waam-auto-link\" title=\"Temperatura colore\">Temperatura colore<\/a><\/strong><\/strong><\/td>\n<td>3000K \/ 6000K<\/td>\n<\/tr>\n<tr data-start=\"616\" data-end=\"690\">\n<td><strong data-start=\"618\" data-end=\"631\">Classificazione IP<\/strong><\/td>\n<td>IP65<\/td>\n<\/tr>\n<tr data-start=\"691\" data-end=\"765\">\n<td><strong data-start=\"693\" data-end=\"710\">Flusso Luminoso<\/strong><\/td>\n<td>(Opzionale)<\/td>\n<\/tr>\n<tr data-start=\"766\" data-end=\"840\">\n<td><strong data-start=\"768\" data-end=\"777\">Potenza<\/strong><\/td>\n<td>5W<\/td>\n<\/tr>\n<tr data-start=\"841\" data-end=\"915\">\n<td><strong data-start=\"843\" data-end=\"855\">Durata di vita<\/strong><\/td>\n<td>40.000 ore<\/td>\n<\/tr>\n<tr data-start=\"916\" data-end=\"988\">\n<td><strong data-start=\"918\" data-end=\"934\">Installazione<\/strong><\/td>\n<td>Installazione a superficie o incorporata<\/td>\n<\/tr>\n<tr data-start=\"989\" data-end=\"1062\">\n<td><strong data-start=\"991\" data-end=\"1003\">Materiale<\/strong><\/td>\n<td>Alluminio pressofuso<\/td>\n<\/tr>\n<tr data-start=\"1063\" data-end=\"1137\">\n<td><strong data-start=\"1065\" data-end=\"1079\">Dimensioni<\/strong><\/td>\n<td>(Opzionale)<\/td>\n<\/tr>\n<tr data-start=\"1138\" data-end=\"1212\">\n<td><strong data-start=\"1140\" data-end=\"1152\">Garanzia<\/strong><\/td>\n<td>3 anni<\/td>\n<\/tr>\n<tr data-start=\"1213\" data-end=\"1287\">\n<td><strong data-start=\"1215\" data-end=\"1225\">Peso<\/strong><\/td>\n<td>(Opzionale)<\/td>\n<\/tr>\n<tr data-start=\"1288\" data-end=\"1361\">\n<td><strong data-start=\"1290\" data-end=\"1305\">Ambiente<\/strong><\/td>\n<td>Esterno \/ Ambiente umido<\/td>\n<\/tr>\n<\/tbody>\n<\/table>\n<p>&nbsp;<\/p>\n<p data-path-to-node=\"14\"><b>Panoramica:<\/b> Illumina i tuoi spazi esterni con sicurezza e stile usando il <b>Modello MG-BD035-50 LED <strong><a href=\"https:\/\/ledsteplight.com\/it\/cree-bridgelux-chip-ip65-led-fixture-for-garden-facade-lighting\/\" class=\"waam-auto-link\" title=\"Luce da Terra\">Luce da Terra<\/a><\/strong><\/b>. Progettato per durabilit\u00e0 e alte prestazioni, questa lampada da 5W \u00e8 la soluzione perfetta per proprietari di case e appaltatori che cercano affidabilit\u00e0 <b>esterno <strong><a href=\"https:\/\/ledsteplight.com\/it\/ultimate-guide-to-landscape-inground-lighting-solutions\/\" class=\"waam-auto-link\" title=\"illuminazione a terra\">illuminazione a terra<\/a><\/strong><\/b>. Che tu stia illuminando un vialetto, un percorso nel giardino o caratteristiche architettoniche, questa luce offre una luminosit\u00e0 costante in ogni condizione atmosferica.<\/p>","protected":false},"excerpt":{"rendered":"<p data-start=\"5050\" data-end=\"5399\">Rinnova il tuo paesaggio con il nostro <b>Luce da Terra a LED COB da 5W<\/b>. Dotata di <b>Grado di impermeabilit\u00e0 IP65<\/b> valutazione, corpo in alluminio pressofuso resistente e ampia tensione di 85-265V. Perfetta per vialetti e camminamenti. Garanzia di 3 anni!<\/p>","protected":false},"featured_media":37198,"comment_status":"open","ping_status":"closed","template":"","meta":[],"product_brand":[],"product_cat":[100,426,427,428,439,429,440,430,441,431,442,443,432,433,444,112,445,446,106,434,435,128,436,437],"product_tag":[103,76,77,113,78,108,129,83],"class_list":{"0":"post-38010","1":"product","2":"type-product","3":"status-publish","4":"has-post-thumbnail","6":"product_cat-aluminum-ground-light","7":"product_cat-ceiling-recessed","8":"product_cat-ceiling-surface","9":"product_cat-ceiling-suspended","10":"product_cat-commercial","11":"product_cat-drivers","12":"product_cat-education","13":"product_cat-freestanding-light","14":"product_cat-hospitality","15":"product_cat-industrial","16":"product_cat-infrastructure","17":"product_cat-landscape","18":"product_cat-landscaping","19":"product_cat-linear","20":"product_cat-office","21":"product_cat-outdoor-ground-light","22":"product_cat-residential","23":"product_cat-retail","24":"product_cat-round-ground-light","25":"product_cat-table-lamp","26":"product_cat-track","27":"product_cat-wall-light-series","28":"product_cat-wall-recessed","29":"product_cat-wall-surface","30":"product_tag-aluminum-ground-light","31":"product_tag-aluminum-housing","32":"product_tag-ground-light","33":"product_tag-outdoor-ground-light","34":"product_tag-outdoor-lighting","35":"product_tag-round-ground-light","36":"product_tag-wall-light-series","37":"product_tag-waterproof-fixture","39":"first","40":"instock","41":"featured","42":"downloadable","43":"shipping-taxable","44":"product-type-simple"},"_links":{"self":[{"href":"https:\/\/ledsteplight.com\/it\/wp-json\/wp\/v2\/product\/38010","targetHints":{"allow":["GET"]}}],"collection":[{"href":"https:\/\/ledsteplight.com\/it\/wp-json\/wp\/v2\/product"}],"about":[{"href":"https:\/\/ledsteplight.com\/it\/wp-json\/wp\/v2\/types\/product"}],"replies":[{"embeddable":true,"href":"https:\/\/ledsteplight.com\/it\/wp-json\/wp\/v2\/comments?post=38010"}],"version-history":[{"count":4,"href":"https:\/\/ledsteplight.com\/it\/wp-json\/wp\/v2\/product\/38010\/revisions"}],"predecessor-version":[{"id":38642,"href":"https:\/\/ledsteplight.com\/it\/wp-json\/wp\/v2\/product\/38010\/revisions\/38642"}],"wp:featuredmedia":[{"embeddable":true,"href":"https:\/\/ledsteplight.com\/it\/wp-json\/wp\/v2\/media\/37198"}],"wp:attachment":[{"href":"https:\/\/ledsteplight.com\/it\/wp-json\/wp\/v2\/media?parent=38010"}],"wp:term":[{"taxonomy":"product_brand","embeddable":true,"href":"https:\/\/ledsteplight.com\/it\/wp-json\/wp\/v2\/product_brand?post=38010"},{"taxonomy":"product_cat","embeddable":true,"href":"https:\/\/ledsteplight.com\/it\/wp-json\/wp\/v2\/product_cat?post=38010"},{"taxonomy":"product_tag","embeddable":true,"href":"https:\/\/ledsteplight.com\/it\/wp-json\/wp\/v2\/product_tag?post=38010"}],"curies":[{"name":"wp","href":"https:\/\/api.w.org\/{rel}","templated":true}]}}