{"id":38014,"date":"2025-09-08T13:04:16","date_gmt":"2025-09-08T13:04:16","guid":{"rendered":"https:\/\/ledsteplight.com\/import-placeholder-for-37124\/"},"modified":"2026-01-19T02:15:17","modified_gmt":"2026-01-19T02:15:17","slug":"cree-bridgelux-chip-ip65-led-fixture-for-garden-facade-lighting","status":"publish","type":"product","link":"https:\/\/ledsteplight.com\/it\/cree-bridgelux-chip-ip65-led-fixture-for-garden-facade-lighting\/","title":{"rendered":"Corpo LED con chip CREE\/Bridgelux IP65 per illuminazione di giardini e facciate"},"content":{"rendered":"<table data-path-to-node=\"10\">\n<thead>\n<tr>\n<td><strong>Parametro<\/strong><\/td>\n<td><strong>Specifiche<\/strong><\/td>\n<td><strong>Note<\/strong><\/td>\n<\/tr>\n<\/thead>\n<tbody>\n<tr>\n<td><span data-path-to-node=\"10,1,0,0\"><b>Modello del prodotto<\/b><\/span><\/td>\n<td><span data-path-to-node=\"10,1,1,0\"><b>MG-MZ100<\/b><\/span><\/td>\n<td><span data-path-to-node=\"10,1,2,0\">SKU professionale ad alta riconoscibilit\u00e0.<\/span><\/td>\n<\/tr>\n<tr>\n<td><span data-path-to-node=\"10,2,0,0\"><b>Installazione<\/b><\/span><\/td>\n<td><span data-path-to-node=\"10,2,1,0\"><b>Montaggio a superficie<\/b><\/span><\/td>\n<td><span data-path-to-node=\"10,2,2,0\">Installazione facile su pareti, gradini o pavimento.<\/span><\/td>\n<\/tr>\n<tr>\n<td><span data-path-to-node=\"10,3,0,0\"><b>Dimensione del prodotto<\/b><\/span><\/td>\n<td><span data-path-to-node=\"10,3,1,0\"><span class=\"math-inline\" data-math=\"phi 100 times H 35text{mm}\">$phi 100 volte H 35testo{mm}$<\/span><\/span><\/td>\n<td><span data-path-to-node=\"10,3,2,0\">Design compatto e basso profilo.<\/span><\/td>\n<\/tr>\n<tr>\n<td><span data-path-to-node=\"10,4,0,0\"><b>Sorgente luminosa<\/b><\/span><\/td>\n<td><span data-path-to-node=\"10,4,1,0\">Bridgelux \/ CREE<\/span><\/td>\n<td><span data-path-to-node=\"10,4,2,0\">Chip LED di marca internazionale per alte prestazioni.<\/span><\/td>\n<\/tr>\n<tr>\n<td><span data-path-to-node=\"10,5,0,0\"><b>Watt<\/b><\/span><\/td>\n<td><span data-path-to-node=\"10,5,1,0\"><span class=\"math-inline\" data-math=\"text{3W (300mA)}\">$testo{3W (300mA)}$<\/span><\/span><\/td>\n<td><span data-path-to-node=\"10,5,2,0\">LED ad alta potenza a risparmio energetico.<\/span><\/td>\n<\/tr>\n<tr>\n<td><span data-path-to-node=\"10,6,0,0\"><b>Ingresso AC<\/b><\/span><\/td>\n<td><span data-path-to-node=\"10,6,1,0\"><span class=\"math-inline\" data-math=\"text{100-240V, 50\/60HZ}\">$testo{100-240V, 50\/60HZ}$<\/span> \/ <span class=\"math-inline\" data-math=\"text{DC12\/24V}\">$testo{DC12\/24V}$<\/span><\/span><\/td>\n<td><span data-path-to-node=\"10,6,2,0\">Opzioni di ingresso a doppia tensione per vari progetti.<\/span><\/td>\n<\/tr>\n<tr>\n<td><span data-path-to-node=\"10,7,0,0\"><b>Driver<\/b><\/span><\/td>\n<td><span data-path-to-node=\"10,7,1,0\">CAIJIE<\/span><\/td>\n<td><span data-path-to-node=\"10,7,2,0\">Alimentatore affidabile per corrente stabile.<\/span><\/td>\n<\/tr>\n<tr>\n<td><span data-path-to-node=\"10,8,0,0\"><b>Angolo del riflettore<\/b><\/span><\/td>\n<td><span data-path-to-node=\"10,8,1,0\"><i>Fisso (Diretto <strong><a href=\"https:\/\/ledsteplight.com\/it\/pir-sensor-step-light-top-advantages-for-safety\/\" class=\"waam-auto-link\" title=\"Illuminazione\">Illuminazione<\/a><\/strong>)<\/i><\/span><\/td>\n<td><span data-path-to-node=\"10,8,2,0\">Ottimo per illuminazione d'accento e di graffiatura.<\/span><\/td>\n<\/tr>\n<tr>\n<td><span data-path-to-node=\"10,9,0,0\"><b><strong><a href=\"https:\/\/ledsteplight.com\/it\/dm36b-pro-honeycomb-anti-glare-led-in-ground-light-ip67-24v-dc\/\" class=\"waam-auto-link\" title=\"Temperatura colore\">Temperatura colore<\/a><\/strong><\/b><\/span><\/td>\n<td><span data-path-to-node=\"10,9,1,0\"><span class=\"math-inline\" data-math=\"text{3000K}\">$testo{3000K}$<\/span> (Bianco caldo), <span class=\"math-inline\" data-math=\"text{4000K}\">$testo{4000K}$<\/span> (Bianco Naturale), <span class=\"math-inline\" data-math=\"text{5700K}\">$testo{5700K}$<\/span> (Bianco Freddo)<\/span><\/td>\n<td><span data-path-to-node=\"10,9,2,0\">Opzioni CCT versatili.<\/span><\/td>\n<\/tr>\n<tr>\n<td><span data-path-to-node=\"10,10,0,0\"><b>Materiale<\/b><\/span><\/td>\n<td><span data-path-to-node=\"10,10,1,0\">Alluminio<\/span><\/td>\n<td><span data-path-to-node=\"10,10,2,0\">Eccellente dissipazione del calore e resistenza alla corrosione.<\/span><\/td>\n<\/tr>\n<tr>\n<td><span data-path-to-node=\"10,11,0,0\"><b>Colore del Corpo<\/b><\/span><\/td>\n<td><span data-path-to-node=\"10,11,1,0\">Bianco, Nero<\/span><\/td>\n<td><span data-path-to-node=\"10,11,2,0\">Colori neutri per abbinarsi all'architettura moderna.<\/span><\/td>\n<\/tr>\n<tr>\n<td><span data-path-to-node=\"10,12,0,0\"><b>Classificazione IP<\/b><\/span><\/td>\n<td><span data-path-to-node=\"10,12,1,0\"><b>IP65<\/b><\/span><\/td>\n<td><span data-path-to-node=\"10,12,2,0\">Protezione di alto livello contro polvere e getti d'acqua.<\/span><\/td>\n<\/tr>\n<tr>\n<td><span data-path-to-node=\"10,13,0,0\"><b>Peso<\/b><\/span><\/td>\n<td><span data-path-to-node=\"10,13,1,0\"><span class=\"math-inline\" data-math=\"text{0.65kg}\">$testo{0.65kg}$<\/span><\/span><\/td>\n<td><span data-path-to-node=\"10,13,2,0\">Costruzione solida e durevole.<\/span><\/td>\n<\/tr>\n<tr>\n<td><span data-path-to-node=\"10,14,0,0\"><b>Controllo<\/b><\/span><\/td>\n<td><span data-path-to-node=\"10,14,1,0\">Controllo Interruttore<\/span><\/td>\n<td><span data-path-to-node=\"10,14,2,0\">Funzione semplice e affidabile.<\/span><\/p>\n<p>&nbsp;<\/td>\n<\/tr>\n<\/tbody>\n<\/table>\n<ul>\n<li>\n<p data-path-to-node=\"16,0,0\"><b>Durata eccezionale (Classificazione IP65):<\/b> Realizzato in alluminio di alta qualit\u00e0, il MG-MZ100 \u00e8 progettato con un <b>Classificazione impermeabile IP65<\/b>, garantendo la massima protezione contro pioggia intensa, polvere e elementi atmosferici aggressivi.<\/p>\n<\/li>\n<li>\n<p data-path-to-node=\"16,1,0\"><b>Fonte LED di marca:<\/b> Utilizzando chip di alta qualit\u00e0 <b>CREE o Bridgelux<\/b> chip, questo <strong><a href=\"https:\/\/ledsteplight.com\/it\/furniture\/\" class=\"waam-auto-link\" title=\"apparecchio di illuminazione\">apparecchio di illuminazione<\/a><\/strong> offre un'illuminazione stabile e ad alta potenza con un'elevata efficienza <span class=\"math-inline\" data-math=\"text{3W}\">$testo{3W}$<\/span> consumo, garantendo prestazioni a lungo termine e costi di manutenzione ridotti.<\/p>\n<\/li>\n<li>\n<p data-path-to-node=\"16,2,0\"><b>Ingresso di alimentazione flessibile:<\/b> Con entrambi <b><span class=\"math-inline\" data-math=\"text{100-240V AC}\">$testo{100-240V AC}$<\/span><\/b> e basse tensioni <b><span class=\"math-inline\" data-math=\"text{DC12\/24V}\">$testo{DC12\/24V}$<\/span><\/b> opzioni, il MG-MZ100 si integra perfettamente in diversi schemi di illuminazione, dai giardini residenziali ai grandi complessi commerciali.<\/p>\n<\/li>\n<li>\n<p data-path-to-node=\"16,3,0\"><b>Selezione CCT versatile:<\/b> Disponibile in <span class=\"math-inline\" data-math=\"text{3000K}\">$testo{3000K}$<\/span>, <span class=\"math-inline\" data-math=\"text{4000K}\">$testo{4000K}$<\/span>, e <span class=\"math-inline\" data-math=\"text{5700K}\">$testo{5700K}$<\/span>, puoi adattare perfettamente l'atmosfera dell'illuminazione\u2014da un bagliore caldo e accogliente a una luce bianca moderna e nitida.<\/p>\n<\/li>\n<li>\n<p data-path-to-node=\"16,4,0\"><b>Design minimalista:<\/b> Il corpo basso e rotondo <span class=\"math-inline\" data-math=\"phi 100 times H 35text{mm}\">$phi 100 volte H 35testo{mm}$<\/span> \u00e8 disponibile nelle finiture standard bianco e nero, integrandosi esteticamente con qualsiasi materiale edilizio contemporaneo.<\/p>\n<\/li>\n<\/ul>\n<p>&nbsp;<\/p>","protected":false},"excerpt":{"rendered":"<p><b>MG-MZ100<\/b> MG-MZ100 \u00e8 un apparecchio LED da 3W altamente versatile e robusto, progettato per progetti di illuminazione esterni e interni di alta qualit\u00e0. Come unit\u00e0 a incasso superficiale, elimina la necessit\u00e0 di tagli complessi, offrendo un'eccezionale flessibilit\u00e0 per l'installazione su pontili, terrazze, gradini, facciate e vialetti.<\/p>","protected":false},"featured_media":37214,"comment_status":"open","ping_status":"closed","template":"","meta":[],"product_brand":[],"product_cat":[100,426,427,428,439,429,440,430,441,431,442,443,432,433,444,112,464,445,446,106,434,435,128,436,437],"product_tag":[103,76,77,113,78,108,129],"class_list":{"0":"post-38014","1":"product","2":"type-product","3":"status-publish","4":"has-post-thumbnail","6":"product_cat-aluminum-ground-light","7":"product_cat-ceiling-recessed","8":"product_cat-ceiling-surface","9":"product_cat-ceiling-suspended","10":"product_cat-commercial","11":"product_cat-drivers","12":"product_cat-education","13":"product_cat-freestanding-light","14":"product_cat-hospitality","15":"product_cat-industrial","16":"product_cat-infrastructure","17":"product_cat-landscape","18":"product_cat-landscaping","19":"product_cat-linear","20":"product_cat-office","21":"product_cat-outdoor-ground-light","22":"product_cat-c-outdoor-lighting","23":"product_cat-residential","24":"product_cat-retail","25":"product_cat-round-ground-light","26":"product_cat-table-lamp","27":"product_cat-track","28":"product_cat-wall-light-series","29":"product_cat-wall-recessed","30":"product_cat-wall-surface","31":"product_tag-aluminum-ground-light","32":"product_tag-aluminum-housing","33":"product_tag-ground-light","34":"product_tag-outdoor-ground-light","35":"product_tag-outdoor-lighting","36":"product_tag-round-ground-light","37":"product_tag-wall-light-series","39":"first","40":"instock","41":"featured","42":"downloadable","43":"shipping-taxable","44":"product-type-simple"},"_links":{"self":[{"href":"https:\/\/ledsteplight.com\/it\/wp-json\/wp\/v2\/product\/38014","targetHints":{"allow":["GET"]}}],"collection":[{"href":"https:\/\/ledsteplight.com\/it\/wp-json\/wp\/v2\/product"}],"about":[{"href":"https:\/\/ledsteplight.com\/it\/wp-json\/wp\/v2\/types\/product"}],"replies":[{"embeddable":true,"href":"https:\/\/ledsteplight.com\/it\/wp-json\/wp\/v2\/comments?post=38014"}],"version-history":[{"count":3,"href":"https:\/\/ledsteplight.com\/it\/wp-json\/wp\/v2\/product\/38014\/revisions"}],"predecessor-version":[{"id":38644,"href":"https:\/\/ledsteplight.com\/it\/wp-json\/wp\/v2\/product\/38014\/revisions\/38644"}],"wp:featuredmedia":[{"embeddable":true,"href":"https:\/\/ledsteplight.com\/it\/wp-json\/wp\/v2\/media\/37214"}],"wp:attachment":[{"href":"https:\/\/ledsteplight.com\/it\/wp-json\/wp\/v2\/media?parent=38014"}],"wp:term":[{"taxonomy":"product_brand","embeddable":true,"href":"https:\/\/ledsteplight.com\/it\/wp-json\/wp\/v2\/product_brand?post=38014"},{"taxonomy":"product_cat","embeddable":true,"href":"https:\/\/ledsteplight.com\/it\/wp-json\/wp\/v2\/product_cat?post=38014"},{"taxonomy":"product_tag","embeddable":true,"href":"https:\/\/ledsteplight.com\/it\/wp-json\/wp\/v2\/product_tag?post=38014"}],"curies":[{"name":"wp","href":"https:\/\/api.w.org\/{rel}","templated":true}]}}