{"id":38022,"date":"2025-09-08T13:04:17","date_gmt":"2025-09-08T13:04:17","guid":{"rendered":"https:\/\/ledsteplight.com\/import-placeholder-for-37156\/"},"modified":"2026-01-19T02:15:14","modified_gmt":"2026-01-19T02:15:14","slug":"low-voltage-led-landscape-lighting-motion-sensor-ground-light","status":"publish","type":"product","link":"https:\/\/ledsteplight.com\/it\/low-voltage-led-landscape-lighting-motion-sensor-ground-light\/","title":{"rendered":"Illuminazione paesaggistica a LED a bassa tensione | Luce a terra con sensore di movimento"},"content":{"rendered":"<table data-start=\"123\" data-end=\"992\">\n<thead data-start=\"123\" data-end=\"182\">\n<tr data-start=\"123\" data-end=\"182\">\n<th data-start=\"123\" data-end=\"144\">Specifiche<\/th>\n<th data-start=\"144\" data-end=\"182\">Dettagli<\/th>\n<\/tr>\n<\/thead>\n<tbody data-start=\"240\" data-end=\"992\">\n<tr data-start=\"240\" data-end=\"297\">\n<td><strong data-start=\"242\" data-end=\"251\">Potenza<\/strong><\/td>\n<td>3W \/ 5W<\/td>\n<\/tr>\n<tr data-start=\"298\" data-end=\"355\">\n<td><strong data-start=\"300\" data-end=\"316\">Sorgente luminosa<\/strong><\/td>\n<td><strong><a href=\"https:\/\/ledsteplight.com\/it\/cree-bridgelux-chip-ip65-led-fixture-for-garden-facade-lighting\/\" class=\"waam-auto-link\" title=\"CREE LED\">CREE LED<\/a><\/strong><\/td>\n<\/tr>\n<tr data-start=\"356\" data-end=\"413\">\n<td><strong data-start=\"358\" data-end=\"375\">Tensione di ingresso<\/strong><\/td>\n<td>AC85-265V \/ DC12V \/ DC24V<\/td>\n<\/tr>\n<tr data-start=\"414\" data-end=\"471\">\n<td><strong data-start=\"416\" data-end=\"437\"><strong><a href=\"https:\/\/ledsteplight.com\/it\/dm36b-pro-honeycomb-anti-glare-led-in-ground-light-ip67-24v-dc\/\" class=\"waam-auto-link\" title=\"Temperatura colore\">Temperatura colore<\/a><\/strong><\/strong><\/td>\n<td>3000K \/ 4000K \/ 6000K<\/td>\n<\/tr>\n<tr data-start=\"472\" data-end=\"527\">\n<td><strong data-start=\"474\" data-end=\"497\">Efficienza luminosa<\/strong><\/td>\n<td>90-110LM\/W<\/td>\n<\/tr>\n<tr data-start=\"528\" data-end=\"585\">\n<td><strong data-start=\"530\" data-end=\"544\">Angolo del fascio<\/strong><\/td>\n<td>30\u00b0 \/ 45\u00b0<\/td>\n<\/tr>\n<tr data-start=\"586\" data-end=\"645\">\n<td><strong data-start=\"588\" data-end=\"600\">Materiale<\/strong><\/td>\n<td>Alluminio pressofuso + Vetro temperato<\/td>\n<\/tr>\n<tr data-start=\"646\" data-end=\"703\">\n<td><strong data-start=\"648\" data-end=\"661\">Classificazione IP<\/strong><\/td>\n<td>IP67 (Impermeabile e Antipolvere)<\/td>\n<\/tr>\n<tr data-start=\"704\" data-end=\"761\">\n<td><strong data-start=\"706\" data-end=\"729\">Metodo di installazione<\/strong><\/td>\n<td>A incasso \/ Interrato<\/td>\n<\/tr>\n<tr data-start=\"762\" data-end=\"819\">\n<td><strong data-start=\"764\" data-end=\"776\">Durata di vita<\/strong><\/td>\n<td>40.000 ore<\/td>\n<\/tr>\n<tr data-start=\"820\" data-end=\"877\">\n<td><strong data-start=\"822\" data-end=\"830\">Dimensione<\/strong><\/td>\n<td>Diametro 70mm<\/td>\n<\/tr>\n<tr data-start=\"878\" data-end=\"934\">\n<td><strong data-start=\"880\" data-end=\"898\">Certificazioni<\/strong><\/td>\n<td>CE, RoHS<\/td>\n<\/tr>\n<tr data-start=\"935\" data-end=\"992\">\n<td><strong data-start=\"937\" data-end=\"949\">Garanzia<\/strong><\/td>\n<td>3 Anni<\/td>\n<\/tr>\n<\/tbody>\n<\/table>\n<p data-path-to-node=\"14\">\n<ul data-path-to-node=\"16\">\n<li>\n<p data-path-to-node=\"16,0,0\"><b>Tecnologia Smart Motion:<\/b> Progettato come reattivo <b>illuminazione sotterranea<\/b> soluzione, il sensore attiva la luce solo quando necessario. Questo \u00e8 perfetto per illuminare passaggi pedonali bui o agire come <b><strong><a href=\"https:\/\/ledsteplight.com\/it\/30w-linear-in-ground-light-narrow-frame-outdoor-led-floor-lamp\/\" class=\"waam-auto-link\" title=\"lampade per vialetti a terra\">lampade per vialetti a terra<\/a><\/strong><\/b> per guidare il tuo veicolo in sicurezza di notte.<\/p>\n<\/li>\n<li>\n<p data-path-to-node=\"16,1,0\"><b>IP67 Impermeabile e resistente:<\/b> Costruito con alluminio pressofuso resistente e vetro temperato, questi <b>luci da pavimento per esterni<\/b> sono completamente sigillati contro pioggia, neve e polvere. Soddisfano standard elevati per <b>impermeabilit\u00e0 <strong><a href=\"https:\/\/ledsteplight.com\/it\/mistakes-to-avoid-when-installing-in-ground-driveway-lights\/\" class=\"waam-auto-link\" title=\"l&#039;illuminazione paesaggistica\">l'illuminazione paesaggistica<\/a><\/strong><\/b>, garantendo la longevit\u00e0 anche in ambienti difficili.<\/p>\n<\/li>\n<li>\n<p data-path-to-node=\"16,2,0\"><b>Opzioni di tensione versatili:<\/b> Sia che tu stia ammodernando un sistema esistente o iniziandone uno nuovo, offriamo ingressi per AC85-265V o <b>bassa tensione <strong><a href=\"https:\/\/ledsteplight.com\/it\/the-ultimate-guide-to-led-landscape-lighting-design-installation-and-costs\/\" class=\"waam-auto-link\" title=\"illuminazione paesaggistica a LED\">illuminazione paesaggistica a LED<\/a><\/strong><\/b> (DC12V\/24V). Questa flessibilit\u00e0 li rende un'alternativa pi\u00f9 sicura ai sistemi ad alta tensione e pi\u00f9 affidabile dei modelli base <b>luci solari da terra<\/b>.<\/p>\n<\/li>\n<li>\n<p data-path-to-node=\"16,3,0\"><b>LED CREE Premium:<\/b> Dotato di una sorgente luminosa CREE da 3W\/5W, con efficienza di 90-110LM\/W. Scegli tra 3000K, 4000K o 6000K per abbinare il tuo <b>contemporaneo <strong><a href=\"https:\/\/ledsteplight.com\/it\/low-voltage-landscape-lighting-effective-outdoor-solutions\/\" class=\"waam-auto-link\" title=\"l&#039;illuminazione paesaggistica\">l'illuminazione paesaggistica<\/a><\/strong><\/b> design.<\/p>\n<\/li>\n<\/ul>\n<p data-path-to-node=\"18\">Questi <b>luci nel terreno<\/b> sono abbastanza versatili per varie applicazioni:<\/p>\n<ul data-path-to-node=\"19\">\n<li>\n<p data-path-to-node=\"19,0,0\"><b>Sicurezza sui Percorsi:<\/b> Installare come <b>illuminazione del percorso<\/b> lungo i camminamenti del giardino.<\/p>\n<\/li>\n<li>\n<p data-path-to-node=\"19,1,0\"><b>Tavolo e Gradino:<\/b> Utilizzare come luci da incasso <b>per gradini a terra<\/b> per prevenire rischi di inciampo.<\/p>\n<\/li>\n<li>\n<p data-path-to-node=\"19,2,0\"><b>Vialetti di accesso:<\/b> Costruzione robusta che permette loro di fungere da <b>lucine da vialetto<\/b>.<\/p>\n<\/li>\n<li>\n<p data-path-to-node=\"19,3,0\"><b><strong><a href=\"https:\/\/ledsteplight.com\/it\/decoration\/\" class=\"waam-auto-link\" title=\"Illuminazione d&#039;accento\">Illuminazione d'accento<\/a><\/strong>:<\/b> Perfette come <b>luci verso l'alto per paesaggi<\/b> per evidenziare pareti architettoniche o alberi.<\/p>\n<\/li>\n<\/ul>","protected":false},"excerpt":{"rendered":"<p>Negozio di luci da terra con sensore di movimento impermeabili IP67. Luci da esterno di alta qualit\u00e0 con LED CREE da 3W\/5W per gradini, vialetti e illuminazione di percorsi paesaggistici. Opzioni disponibili a 12V\/24V.<\/p>","protected":false},"featured_media":37243,"comment_status":"open","ping_status":"closed","template":"","meta":[],"product_brand":[],"product_cat":[100,426,427,428,439,429,440,430,441,431,442,443,432,433,444,464,445,446,101,434,435,436,437],"product_tag":[103,76,111,77,110,109,104],"class_list":{"0":"post-38022","1":"product","2":"type-product","3":"status-publish","4":"has-post-thumbnail","6":"product_cat-aluminum-ground-light","7":"product_cat-ceiling-recessed","8":"product_cat-ceiling-surface","9":"product_cat-ceiling-suspended","10":"product_cat-commercial","11":"product_cat-drivers","12":"product_cat-education","13":"product_cat-freestanding-light","14":"product_cat-hospitality","15":"product_cat-industrial","16":"product_cat-infrastructure","17":"product_cat-landscape","18":"product_cat-landscaping","19":"product_cat-linear","20":"product_cat-office","21":"product_cat-c-outdoor-lighting","22":"product_cat-residential","23":"product_cat-retail","24":"product_cat-sensor-ground-light","25":"product_cat-table-lamp","26":"product_cat-track","27":"product_cat-wall-recessed","28":"product_cat-wall-surface","29":"product_tag-aluminum-ground-light","30":"product_tag-aluminum-housing","31":"product_tag-garden-lighting","32":"product_tag-ground-light","33":"product_tag-landscape-light","34":"product_tag-led-fixture","35":"product_tag-sensor-ground-light","37":"first","38":"instock","39":"shipping-taxable","40":"product-type-simple"},"_links":{"self":[{"href":"https:\/\/ledsteplight.com\/it\/wp-json\/wp\/v2\/product\/38022","targetHints":{"allow":["GET"]}}],"collection":[{"href":"https:\/\/ledsteplight.com\/it\/wp-json\/wp\/v2\/product"}],"about":[{"href":"https:\/\/ledsteplight.com\/it\/wp-json\/wp\/v2\/types\/product"}],"replies":[{"embeddable":true,"href":"https:\/\/ledsteplight.com\/it\/wp-json\/wp\/v2\/comments?post=38022"}],"version-history":[{"count":3,"href":"https:\/\/ledsteplight.com\/it\/wp-json\/wp\/v2\/product\/38022\/revisions"}],"predecessor-version":[{"id":38640,"href":"https:\/\/ledsteplight.com\/it\/wp-json\/wp\/v2\/product\/38022\/revisions\/38640"}],"wp:featuredmedia":[{"embeddable":true,"href":"https:\/\/ledsteplight.com\/it\/wp-json\/wp\/v2\/media\/37243"}],"wp:attachment":[{"href":"https:\/\/ledsteplight.com\/it\/wp-json\/wp\/v2\/media?parent=38022"}],"wp:term":[{"taxonomy":"product_brand","embeddable":true,"href":"https:\/\/ledsteplight.com\/it\/wp-json\/wp\/v2\/product_brand?post=38022"},{"taxonomy":"product_cat","embeddable":true,"href":"https:\/\/ledsteplight.com\/it\/wp-json\/wp\/v2\/product_cat?post=38022"},{"taxonomy":"product_tag","embeddable":true,"href":"https:\/\/ledsteplight.com\/it\/wp-json\/wp\/v2\/product_tag?post=38022"}],"curies":[{"name":"wp","href":"https:\/\/api.w.org\/{rel}","templated":true}]}}