{"id":38086,"date":"2025-09-08T13:04:27","date_gmt":"2025-09-08T13:04:27","guid":{"rendered":"https:\/\/ledsteplight.com\/import-placeholder-for-37256\/"},"modified":"2025-12-11T15:30:06","modified_gmt":"2025-12-11T15:30:06","slug":"wholesale-2w-led-86-box-step-light-gyd038-plus-ip65-motion-sensor","status":"publish","type":"product","link":"https:\/\/ledsteplight.com\/it\/wholesale-2w-led-86-box-step-light-gyd038-plus-ip65-motion-sensor\/","title":{"rendered":"Vendita all'ingrosso di 2W LED 86 Box Step Light (GYD038-PLUS) | IP65 e sensore di movimento"},"content":{"rendered":"<table class=\"OxEWNITQ\" style=\"font-family: var(--global-body-font-family)\">\n<thead>\n<tr>\n<th><strong>Parametro<\/strong><\/th>\n<th><strong>Dettagli<\/strong><\/th>\n<\/tr>\n<\/thead>\n<tbody>\n<tr>\n<td><strong>Modello del prodotto<\/strong><\/td>\n<td>Serie MG-GYD038-PLUS<\/td>\n<\/tr>\n<tr>\n<td><strong>Dimensione del prodotto<\/strong><\/td>\n<td>L87 \u00d7 P87 \u00d7 A30mm<\/td>\n<\/tr>\n<tr>\n<td><strong>Dimensione di taglio<\/strong><\/td>\n<td>Scatola Incassata da 86mm (Taglio standard di tipo 86)<\/td>\n<\/tr>\n<tr>\n<td><strong>Controllo funzione<\/strong><\/td>\n<td><strong><a href=\"https:\/\/ledsteplight.com\/it\/pir-sensor-step-light-top-advantages-for-safety\/\" class=\"waam-auto-link\" title=\"Sensore di movimento\">Sensore di movimento<\/a><\/strong> \/ Controllo Movimento + Luce (Modalit\u00e0 Duale)<\/td>\n<\/tr>\n<tr>\n<td><strong>Sorgente luminosa<\/strong><\/td>\n<td>LED OSRAM \/ CRI &gt;90<\/td>\n<\/tr>\n<tr>\n<td><strong>Potenza<\/strong><\/td>\n<td>2W (Driver da 600mA)<\/td>\n<\/tr>\n<tr>\n<td><strong>Peso<\/strong><\/td>\n<td>0,5kg<\/td>\n<\/tr>\n<tr>\n<td><strong>Ingresso AC<\/strong><\/td>\n<td>100-240V, 50\/60Hz<\/td>\n<\/tr>\n<tr>\n<td><strong>Driver<\/strong><\/td>\n<td>Driver a Corrente Costante integrato<\/td>\n<\/tr>\n<tr>\n<td><strong>Angolo del riflettore<\/strong><\/td>\n<td>[Lasciato vuoto nei dati originali]<\/td>\n<\/tr>\n<tr>\n<td><strong><strong><a href=\"https:\/\/ledsteplight.com\/it\/dm36b-pro-honeycomb-anti-glare-led-in-ground-light-ip67-24v-dc\/\" class=\"waam-auto-link\" title=\"Temperatura colore\">Temperatura colore<\/a><\/strong> (CCT)<\/strong><\/td>\n<td>3000K (Bianco Caldo), 4000K (Bianco Neutro), 5700K (Bianco Freddo)<\/td>\n<\/tr>\n<tr>\n<td><strong>Metodo di Connessione<\/strong><\/td>\n<td>[Lasciato vuoto nei dati originali]<\/td>\n<\/tr>\n<tr>\n<td><strong>Materiale<\/strong><\/td>\n<td>Alluminio Lega<\/td>\n<\/tr>\n<tr>\n<td><strong>Opzioni di colore<\/strong><\/td>\n<td>Bianco Opaco, Nero Spazzolato, Argento Spazzolato (<em>Oro\/Grigio Spazzolato personalizzabile<\/em>)<\/td>\n<\/tr>\n<tr>\n<td><strong>Classificazione IP<\/strong><\/td>\n<td><strong><a href=\"https:\/\/ledsteplight.com\/it\/cree-bridgelux-chip-ip65-led-fixture-for-garden-facade-lighting\/\" class=\"waam-auto-link\" title=\"IP65\">IP65<\/a><\/strong> (Impermeabile e antipolvere)<\/td>\n<\/tr>\n<tr>\n<td><strong>Installazione<\/strong><\/td>\n<td>Installazione Incassata (Compatibile con scatola incassata standard da 86mm)<\/td>\n<\/tr>\n<\/tbody>\n<\/table>\n<p>Presentiamo il MG-GYD038-PLUS. Questo non \u00e8 solo un'altra piccola luce da esterno; \u00e8 un workhorse intelligente da 2W progettato per professionisti. L'abbiamo progettato intorno a una scatola incassata standard da 86mm, rendendo l'installazione rapida e pulita per qualsiasi applicazione a incasso\u2014nessun taglio personalizzato, nessun lavoro extra. Il corpo \u00e8 in lega di alluminio solido con una vera classificazione IP65 impermeabile, pronto per qualsiasi condizione atmosferica. All'interno, un chip OSRAM di alta qualit\u00e0 (CRI &gt;90) fornisce una luce pulita e precisa, alimentato da un driver affidabile integrato da 100-240V.<\/p>\n<p>Il vero valore per i tuoi clienti \u00e8 l'intelligenza integrata. Questo modello presenta un sensore di movimento e luce a doppia modalit\u00e0, offrendo sicurezza e risparmio energetico senza cablaggi aggiuntivi. \u00c8 il corpo illuminante perfetto, senza fronzoli, per percorsi commerciali, scale di hotel o ponti residenziali. Come fabbrica, lo stocchiamo in bianco opaco, nero spazzolato e argento spazzolato\u2014e offriamo personalizzazioni complete, inclusi colori personalizzati (come oro spazzolato) e servizi di private label per i tuoi ordini all'ingrosso.<\/p>","protected":false},"excerpt":{"rendered":"<p>Acquista direttamente dalla **fabbrica** la luce sensore da esterno 2W IP65. Il modello GYD038-PLUS si adatta a scatole da 86. Offriamo soluzioni all'ingrosso **all'ingrosso** e **personalizzate** (OEM) per partner B2B.<\/p>","protected":false},"featured_media":37370,"comment_status":"open","ping_status":"closed","template":"","meta":[],"product_brand":[],"product_cat":[116,99,100,426,427,428,439,429,440,430,441,431,442,443,432,433,444,112,445,446,101,434,435,436,437],"product_tag":[117,102,103,76,113,78,104,83],"class_list":{"0":"post-38086","1":"product","2":"type-product","3":"status-publish","4":"has-post-thumbnail","6":"product_cat-038-series","7":"product_cat-039-series","8":"product_cat-aluminum-ground-light","9":"product_cat-ceiling-recessed","10":"product_cat-ceiling-surface","11":"product_cat-ceiling-suspended","12":"product_cat-commercial","13":"product_cat-drivers","14":"product_cat-education","15":"product_cat-freestanding-light","16":"product_cat-hospitality","17":"product_cat-industrial","18":"product_cat-infrastructure","19":"product_cat-landscape","20":"product_cat-landscaping","21":"product_cat-linear","22":"product_cat-office","23":"product_cat-outdoor-ground-light","24":"product_cat-residential","25":"product_cat-retail","26":"product_cat-sensor-ground-light","27":"product_cat-table-lamp","28":"product_cat-track","29":"product_cat-wall-recessed","30":"product_cat-wall-surface","31":"product_tag-038-series","32":"product_tag-039-series","33":"product_tag-aluminum-ground-light","34":"product_tag-aluminum-housing","35":"product_tag-outdoor-ground-light","36":"product_tag-outdoor-lighting","37":"product_tag-sensor-ground-light","38":"product_tag-waterproof-fixture","40":"first","41":"instock","42":"shipping-taxable","43":"product-type-simple"},"_links":{"self":[{"href":"https:\/\/ledsteplight.com\/it\/wp-json\/wp\/v2\/product\/38086","targetHints":{"allow":["GET"]}}],"collection":[{"href":"https:\/\/ledsteplight.com\/it\/wp-json\/wp\/v2\/product"}],"about":[{"href":"https:\/\/ledsteplight.com\/it\/wp-json\/wp\/v2\/types\/product"}],"replies":[{"embeddable":true,"href":"https:\/\/ledsteplight.com\/it\/wp-json\/wp\/v2\/comments?post=38086"}],"version-history":[{"count":3,"href":"https:\/\/ledsteplight.com\/it\/wp-json\/wp\/v2\/product\/38086\/revisions"}],"predecessor-version":[{"id":38612,"href":"https:\/\/ledsteplight.com\/it\/wp-json\/wp\/v2\/product\/38086\/revisions\/38612"}],"wp:featuredmedia":[{"embeddable":true,"href":"https:\/\/ledsteplight.com\/it\/wp-json\/wp\/v2\/media\/37370"}],"wp:attachment":[{"href":"https:\/\/ledsteplight.com\/it\/wp-json\/wp\/v2\/media?parent=38086"}],"wp:term":[{"taxonomy":"product_brand","embeddable":true,"href":"https:\/\/ledsteplight.com\/it\/wp-json\/wp\/v2\/product_brand?post=38086"},{"taxonomy":"product_cat","embeddable":true,"href":"https:\/\/ledsteplight.com\/it\/wp-json\/wp\/v2\/product_cat?post=38086"},{"taxonomy":"product_tag","embeddable":true,"href":"https:\/\/ledsteplight.com\/it\/wp-json\/wp\/v2\/product_tag?post=38086"}],"curies":[{"name":"wp","href":"https:\/\/api.w.org\/{rel}","templated":true}]}}