{"id":38090,"date":"2025-09-08T13:04:27","date_gmt":"2025-09-08T13:04:27","guid":{"rendered":"https:\/\/ledsteplight.com\/import-placeholder-for-37282\/"},"modified":"2025-12-11T13:30:17","modified_gmt":"2025-12-11T13:30:17","slug":"wholesale-5w-led-ground-light-gyd039-150-ip65-in-ground-surface-mount","status":"publish","type":"product","link":"https:\/\/ledsteplight.com\/it\/wholesale-5w-led-ground-light-gyd039-150-ip65-in-ground-surface-mount\/","title":{"rendered":"Luce da terra a LED da 5W all'ingrosso (GYD039-150) | IP65 Montaggio in-ground\/superficiale"},"content":{"rendered":"<table data-start=\"138\" data-end=\"1548\">\n<thead data-start=\"138\" data-end=\"220\">\n<tr data-start=\"138\" data-end=\"220\">\n<th data-start=\"138\" data-end=\"168\"><strong data-start=\"140\" data-end=\"153\">Parametro<\/strong><\/th>\n<th data-start=\"168\" data-end=\"220\"><strong data-start=\"170\" data-end=\"181\">Dettagli<\/strong><\/th>\n<\/tr>\n<\/thead>\n<tbody data-start=\"304\" data-end=\"1548\">\n<tr data-start=\"304\" data-end=\"386\">\n<td><strong data-start=\"306\" data-end=\"315\">Modello<\/strong><\/td>\n<td>MG-GYD039-150<\/td>\n<\/tr>\n<tr data-start=\"387\" data-end=\"469\">\n<td><strong data-start=\"389\" data-end=\"398\">Potenza<\/strong><\/td>\n<td>5W<\/td>\n<\/tr>\n<tr data-start=\"470\" data-end=\"552\">\n<td><strong data-start=\"472\" data-end=\"484\">Tipo di LED<\/strong><\/td>\n<td>LED COB<\/td>\n<\/tr>\n<tr data-start=\"553\" data-end=\"635\">\n<td><strong data-start=\"555\" data-end=\"572\">Tensione di ingresso<\/strong><\/td>\n<td>AC85-265V<\/td>\n<\/tr>\n<tr data-start=\"636\" data-end=\"718\">\n<td><strong data-start=\"638\" data-end=\"659\"><strong><a href=\"https:\/\/ledsteplight.com\/it\/dm36b-pro-honeycomb-anti-glare-led-in-ground-light-ip67-24v-dc\/\" class=\"waam-auto-link\" title=\"Temperatura colore\">Temperatura colore<\/a><\/strong><\/strong><\/td>\n<td>3000K \/ 6000K (Bianco caldo \/ Bianco freddo)<\/td>\n<\/tr>\n<tr data-start=\"719\" data-end=\"801\">\n<td><strong data-start=\"721\" data-end=\"733\">Durata di vita<\/strong><\/td>\n<td>40.000 ore<\/td>\n<\/tr>\n<tr data-start=\"802\" data-end=\"884\">\n<td><strong data-start=\"804\" data-end=\"817\">Classificazione IP<\/strong><\/td>\n<td>IP65 (Impermeabile, Antipolvere)<\/td>\n<\/tr>\n<tr data-start=\"885\" data-end=\"967\">\n<td><strong data-start=\"887\" data-end=\"901\">Angolo del fascio<\/strong><\/td>\n<td>120\u00b0<\/td>\n<\/tr>\n<tr data-start=\"968\" data-end=\"1050\">\n<td><strong data-start=\"970\" data-end=\"995\">Temperatura di Funzionamento<\/strong><\/td>\n<td>-20\u00b0C a +40\u00b0C<\/td>\n<\/tr>\n<tr data-start=\"1051\" data-end=\"1133\">\n<td><strong data-start=\"1053\" data-end=\"1074\">Tipo di installazione<\/strong><\/td>\n<td>In-Ground \/ Montaggio superficiale<\/td>\n<\/tr>\n<tr data-start=\"1134\" data-end=\"1216\">\n<td><strong data-start=\"1136\" data-end=\"1148\">Garanzia<\/strong><\/td>\n<td>3 anni<\/td>\n<\/tr>\n<tr data-start=\"1217\" data-end=\"1299\">\n<td><strong data-start=\"1219\" data-end=\"1236\">Certificazione<\/strong><\/td>\n<td>CE, RoHS<\/td>\n<\/tr>\n<tr data-start=\"1300\" data-end=\"1382\">\n<td><strong data-start=\"1302\" data-end=\"1317\">Applicazione<\/strong><\/td>\n<td>Esterno (Giardino, Percorso, Passaggio, Deck)<\/td>\n<\/tr>\n<tr data-start=\"1383\" data-end=\"1465\">\n<td><strong data-start=\"1385\" data-end=\"1394\">Colore<\/strong><\/td>\n<td>Acciaio Inox \/ Argento Spazzolato<\/td>\n<\/tr>\n<tr data-start=\"1466\" data-end=\"1548\">\n<td><strong data-start=\"1468\" data-end=\"1478\">Peso<\/strong><\/td>\n<td>0,48 kg<\/td>\n<\/tr>\n<\/tbody>\n<\/table>\n<p>&nbsp;<\/p>\n<p>MG-GYD039-150 \u00e8 il versatile, affidabile <strong><a href=\"https:\/\/ledsteplight.com\/it\/cree-bridgelux-chip-ip65-led-fixture-for-garden-facade-lighting\/\" class=\"waam-auto-link\" title=\"luce a terra\">luce a terra<\/a><\/strong> I tuoi clienti B2B hanno richiesto questo. Abbiamo realizzato questa plafoniera COB da 5W per risolvere i problemi: la sua classificazione IP65 impermeabile e il robusto intervallo di funzionamento da -20\u00b0C a +40\u00b0C significano che \u00e8 pronta per qualsiasi progetto all'aperto. Il chip COB da 5W offre una luce potente e costante (bianco caldo o freddo) in un ampio fascio di 120\u00b0, perfetta per illuminare sentieri, aiuole e passaggi senza punti caldi.<\/p>\n<p>La caratteristica principale \u00e8 la sua installazione flessibile. Questa unit\u00e0 singola \u00e8 progettata sia per applicazioni a incasso che a superficie, riducendo il numero di SKU che devi tenere in magazzino. Alimentata da un ingresso robusto AC85-265V e con una durata di 40.000 ore, questa luce certificata CE\/RoHS \u00e8 costruita per prestazioni e affidabilit\u00e0. Come partner di fabbrica, offriamo prezzi all'ingrosso all'ingrosso e opzioni di personalizzazione complete per soddisfare le specifiche del tuo progetto.<\/p>","protected":false},"excerpt":{"rendered":"<p data-start=\"4422\" data-end=\"4915\">Sorgente della luce da terra IP65 (Raggio di 120\u00b0) 5W direttamente dalla fabbrica. Siamo un fornitore all'ingrosso che offre produzione personalizzata completa (OEM) per progetti B2B.<\/p>","protected":false},"featured_media":37381,"comment_status":"open","ping_status":"closed","template":"","meta":[],"product_brand":[],"product_cat":[99,100,426,427,428,439,429,440,430,441,431,442,443,432,433,444,445,446,101,434,435,436,437],"product_tag":[102,103,76,111,77,110,115,104],"class_list":{"0":"post-38090","1":"product","2":"type-product","3":"status-publish","4":"has-post-thumbnail","6":"product_cat-039-series","7":"product_cat-aluminum-ground-light","8":"product_cat-ceiling-recessed","9":"product_cat-ceiling-surface","10":"product_cat-ceiling-suspended","11":"product_cat-commercial","12":"product_cat-drivers","13":"product_cat-education","14":"product_cat-freestanding-light","15":"product_cat-hospitality","16":"product_cat-industrial","17":"product_cat-infrastructure","18":"product_cat-landscape","19":"product_cat-landscaping","20":"product_cat-linear","21":"product_cat-office","22":"product_cat-residential","23":"product_cat-retail","24":"product_cat-sensor-ground-light","25":"product_cat-table-lamp","26":"product_cat-track","27":"product_cat-wall-recessed","28":"product_cat-wall-surface","29":"product_tag-039-series","30":"product_tag-aluminum-ground-light","31":"product_tag-aluminum-housing","32":"product_tag-garden-lighting","33":"product_tag-ground-light","34":"product_tag-landscape-light","35":"product_tag-recessed-light","36":"product_tag-sensor-ground-light","38":"first","39":"instock","40":"shipping-taxable","41":"product-type-simple"},"_links":{"self":[{"href":"https:\/\/ledsteplight.com\/it\/wp-json\/wp\/v2\/product\/38090","targetHints":{"allow":["GET"]}}],"collection":[{"href":"https:\/\/ledsteplight.com\/it\/wp-json\/wp\/v2\/product"}],"about":[{"href":"https:\/\/ledsteplight.com\/it\/wp-json\/wp\/v2\/types\/product"}],"replies":[{"embeddable":true,"href":"https:\/\/ledsteplight.com\/it\/wp-json\/wp\/v2\/comments?post=38090"}],"version-history":[{"count":3,"href":"https:\/\/ledsteplight.com\/it\/wp-json\/wp\/v2\/product\/38090\/revisions"}],"predecessor-version":[{"id":38603,"href":"https:\/\/ledsteplight.com\/it\/wp-json\/wp\/v2\/product\/38090\/revisions\/38603"}],"wp:featuredmedia":[{"embeddable":true,"href":"https:\/\/ledsteplight.com\/it\/wp-json\/wp\/v2\/media\/37381"}],"wp:attachment":[{"href":"https:\/\/ledsteplight.com\/it\/wp-json\/wp\/v2\/media?parent=38090"}],"wp:term":[{"taxonomy":"product_brand","embeddable":true,"href":"https:\/\/ledsteplight.com\/it\/wp-json\/wp\/v2\/product_brand?post=38090"},{"taxonomy":"product_cat","embeddable":true,"href":"https:\/\/ledsteplight.com\/it\/wp-json\/wp\/v2\/product_cat?post=38090"},{"taxonomy":"product_tag","embeddable":true,"href":"https:\/\/ledsteplight.com\/it\/wp-json\/wp\/v2\/product_tag?post=38090"}],"curies":[{"name":"wp","href":"https:\/\/api.w.org\/{rel}","templated":true}]}}