{"id":38095,"date":"2025-09-08T13:04:28","date_gmt":"2025-09-08T13:04:28","guid":{"rendered":"https:\/\/ledsteplight.com\/import-placeholder-for-37296\/"},"modified":"2026-01-19T02:13:14","modified_gmt":"2026-01-19T02:13:14","slug":"factory-direct-3w-ip20-recessed-mini-spotlight-bd035-50-wbc-bulk","status":"publish","type":"product","link":"https:\/\/ledsteplight.com\/it\/factory-direct-3w-ip20-recessed-mini-spotlight-bd035-50-wbc-bulk\/","title":{"rendered":"Diretto dalla fabbrica: Spotlight mini incassato IP20 da 3W | BD035-50-WBc Bulk"},"content":{"rendered":"<table class=\"OxEWNITQ\">\n<thead>\n<tr>\n<th><strong>Modello del prodotto<\/strong><\/th>\n<th>BD035-50-WBc<\/th>\n<\/tr>\n<\/thead>\n<tbody>\n<tr>\n<td><strong>Dimensione del prodotto<\/strong><\/td>\n<td>Apertura D47mm*H75mm<\/td>\n<\/tr>\n<tr>\n<td><strong>Dimensione di taglio<\/strong><\/td>\n<td>Fare riferimento al diagramma di installazione nelle specifiche<\/td>\n<\/tr>\n<tr>\n<td><strong>Controllo funzione<\/strong><\/td>\n<td>N\/A (Nessun controllo funzione specifico menzionato)<\/td>\n<\/tr>\n<tr>\n<td><strong>Sorgente luminosa<\/strong><\/td>\n<td>OSRAM \/ CREE<\/td>\n<\/tr>\n<tr>\n<td><strong>Watt<\/strong><\/td>\n<td>3W (700mA)<\/td>\n<\/tr>\n<tr>\n<td><strong>Peso<\/strong><\/td>\n<td>0,45kg<\/td>\n<\/tr>\n<tr>\n<td><strong>Ingresso AC<\/strong><\/td>\n<td>100-240V, 50~60Hz<\/td>\n<\/tr>\n<tr>\n<td><strong>Driver<\/strong><\/td>\n<td>N\/A (Non specificato)<\/td>\n<\/tr>\n<tr>\n<td><strong>Angolo del riflettore<\/strong><\/td>\n<td>N\/A (Non specificato)<\/td>\n<\/tr>\n<tr>\n<td><strong><strong><a href=\"https:\/\/ledsteplight.com\/it\/dm36b-pro-honeycomb-anti-glare-led-in-ground-light-ip67-24v-dc\/\" class=\"waam-auto-link\" title=\"Temperatura colore\">Temperatura colore<\/a><\/strong><\/strong><\/td>\n<td>2700K, 3000K, 4000K, 6000K<\/td>\n<\/tr>\n<tr>\n<td><strong>Connessione (Fili\/Lunghezza\/Connettori)<\/strong><\/td>\n<td>N\/A (Non specificato)<\/td>\n<\/tr>\n<tr>\n<td><strong>Materiale<\/strong><\/td>\n<td>Versione in alluminio \/ Versione in acciaio inossidabile<\/td>\n<\/tr>\n<tr>\n<td><strong>Colore\/Trattamento superficiale<\/strong><\/td>\n<td>Bianco, Nero, Argento<\/td>\n<\/tr>\n<tr>\n<td><strong>Classificazione IP<\/strong><\/td>\n<td>IP20<\/td>\n<\/tr>\n<tr>\n<td><strong>Metodo di installazione<\/strong><\/td>\n<td>Incastonato (con parti pre-encastrate opzionali)<\/td>\n<\/tr>\n<\/tbody>\n<\/table>\n<p id=\"\">\n<p>D035-50-WBc \u00e8 lo strumento giusto per il lavoro. Non si tratta di una normale plafoniera; \u00e8 un mini-spot architettonico da 3W progettato per lavori di accento e dettaglio di alta qualit\u00e0. Lo realizziamo con LED OSRAM o CREE di prima scelta, garantendo una resa cromatica di livello mondiale e affidabilit\u00e0 totale. Il suo profilo compatto di 47mm (dimensione di taglio) lo rende la soluzione perfetta per installazioni discrete in vetrine, falegnameria, scaffalature o come segnapasso sottile su pavimenti o scale in ambienti interni asciutti (IP20).<\/p>\n<p>Realizzato per i tuoi clienti professionali, questa apparecchiatura \u00e8 disponibile sia in alluminio resistente che in acciaio inossidabile 316 di alta qualit\u00e0, con finiture bianche, nere o argentate per adattarsi a qualsiasi specifica. Con una gamma completa di temperature di colore (2700K a 6000K) e alimentato da un driver affidabile da 700mA, offre la flessibilit\u00e0 necessaria per qualsiasi progetto commerciale o residenziale. Questa \u00e8 l'apparecchiatura ad alte prestazioni e profilo basso che manca nel tuo inventario. Contattaci per prezzi B2B e forniture all'ingrosso.<\/p>","protected":false},"excerpt":{"rendered":"<p>Ottieni prezzi di fabbrica sul LED incassato BD035-50-WBc da 3W. Costruito con LED premium OSRAM\/CREE per progetti architettonici. Richiedi il tuo preventivo all'ingrosso.<\/p>","protected":false},"featured_media":37391,"comment_status":"open","ping_status":"closed","template":"","meta":[],"product_brand":[],"product_cat":[105,100,426,427,428,439,429,440,118,430,441,431,442,443,432,433,444,464,445,446,106,434,435,436,437],"product_tag":[107,103,76,119,77,108,83],"class_list":{"0":"post-38095","1":"product","2":"type-product","3":"status-publish","4":"has-post-thumbnail","6":"product_cat-015-series","7":"product_cat-aluminum-ground-light","8":"product_cat-ceiling-recessed","9":"product_cat-ceiling-surface","10":"product_cat-ceiling-suspended","11":"product_cat-commercial","12":"product_cat-drivers","13":"product_cat-education","14":"product_cat-frameless-ground-light","15":"product_cat-freestanding-light","16":"product_cat-hospitality","17":"product_cat-industrial","18":"product_cat-infrastructure","19":"product_cat-landscape","20":"product_cat-landscaping","21":"product_cat-linear","22":"product_cat-office","23":"product_cat-c-outdoor-lighting","24":"product_cat-residential","25":"product_cat-retail","26":"product_cat-round-ground-light","27":"product_cat-table-lamp","28":"product_cat-track","29":"product_cat-wall-recessed","30":"product_cat-wall-surface","31":"product_tag-015-series","32":"product_tag-aluminum-ground-light","33":"product_tag-aluminum-housing","34":"product_tag-frameless-ground-light","35":"product_tag-ground-light","36":"product_tag-round-ground-light","37":"product_tag-waterproof-fixture","39":"first","40":"instock","41":"shipping-taxable","42":"product-type-simple"},"_links":{"self":[{"href":"https:\/\/ledsteplight.com\/it\/wp-json\/wp\/v2\/product\/38095","targetHints":{"allow":["GET"]}}],"collection":[{"href":"https:\/\/ledsteplight.com\/it\/wp-json\/wp\/v2\/product"}],"about":[{"href":"https:\/\/ledsteplight.com\/it\/wp-json\/wp\/v2\/types\/product"}],"replies":[{"embeddable":true,"href":"https:\/\/ledsteplight.com\/it\/wp-json\/wp\/v2\/comments?post=38095"}],"version-history":[{"count":3,"href":"https:\/\/ledsteplight.com\/it\/wp-json\/wp\/v2\/product\/38095\/revisions"}],"predecessor-version":[{"id":38596,"href":"https:\/\/ledsteplight.com\/it\/wp-json\/wp\/v2\/product\/38095\/revisions\/38596"}],"wp:featuredmedia":[{"embeddable":true,"href":"https:\/\/ledsteplight.com\/it\/wp-json\/wp\/v2\/media\/37391"}],"wp:attachment":[{"href":"https:\/\/ledsteplight.com\/it\/wp-json\/wp\/v2\/media?parent=38095"}],"wp:term":[{"taxonomy":"product_brand","embeddable":true,"href":"https:\/\/ledsteplight.com\/it\/wp-json\/wp\/v2\/product_brand?post=38095"},{"taxonomy":"product_cat","embeddable":true,"href":"https:\/\/ledsteplight.com\/it\/wp-json\/wp\/v2\/product_cat?post=38095"},{"taxonomy":"product_tag","embeddable":true,"href":"https:\/\/ledsteplight.com\/it\/wp-json\/wp\/v2\/product_tag?post=38095"}],"curies":[{"name":"wp","href":"https:\/\/api.w.org\/{rel}","templated":true}]}}