{"id":38096,"date":"2025-09-08T13:04:28","date_gmt":"2025-09-08T13:04:28","guid":{"rendered":"https:\/\/ledsteplight.com\/import-placeholder-for-37300\/"},"modified":"2026-01-19T02:13:14","modified_gmt":"2026-01-19T02:13:14","slug":"wholesale-ts50-zt-ip67-led-in-ground-light-durable-dc24v-outdoor-lighting-with-dali-0-10v","status":"publish","type":"product","link":"https:\/\/ledsteplight.com\/it\/wholesale-ts50-zt-ip67-led-in-ground-light-durable-dc24v-outdoor-lighting-with-dali-0-10v\/","title":{"rendered":"Luce In-Ground LED IP67 all'ingrosso TS50-ZT | Illuminazione Esterna Durevole DC24V con DALI\/0-10V"},"content":{"rendered":"<table class=\"OxEWNITQ\">\n<thead>\n<tr>\n<th><strong>Modello del prodotto<\/strong><\/th>\n<th>MG-TS50-ZT<\/th>\n<\/tr>\n<\/thead>\n<tbody>\n<tr>\n<td><strong>Dimensione del prodotto<\/strong><\/td>\n<td>\u00d850mm*H75<\/td>\n<\/tr>\n<tr>\n<td><strong>Dimensione di taglio<\/strong><\/td>\n<td>\/ (Non specificato)<\/td>\n<\/tr>\n<tr>\n<td><strong>Controllo funzione<\/strong><\/td>\n<td>Dali\/0-10V\/On-Off<\/td>\n<\/tr>\n<tr>\n<td><strong>Sorgente luminosa<\/strong><\/td>\n<td>DSP LED<\/td>\n<\/tr>\n<tr>\n<td><strong>Watt<\/strong><\/td>\n<td>3-7W<\/td>\n<\/tr>\n<tr>\n<td><strong>Peso<\/strong><\/td>\n<td>0,6KG<\/td>\n<\/tr>\n<tr>\n<td><strong>Ingresso AC<\/strong><\/td>\n<td>DC24V<\/td>\n<\/tr>\n<tr>\n<td><strong>Driver<\/strong><\/td>\n<td>Integrato<\/td>\n<\/tr>\n<tr>\n<td><strong>Angolo del riflettore<\/strong><\/td>\n<td>15\/30\/45\/60 gradi<\/td>\n<\/tr>\n<tr>\n<td><strong><strong><a href=\"https:\/\/ledsteplight.com\/it\/dm36b-pro-honeycomb-anti-glare-led-in-ground-light-ip67-24v-dc\/\" class=\"waam-auto-link\" title=\"Temperatura colore\">Temperatura colore<\/a><\/strong><\/strong><\/td>\n<td>2700K\/3000K\/4000K<\/td>\n<\/tr>\n<tr>\n<td><strong>Connessione (Fili\/Lunghezza\/Connettori)<\/strong><\/td>\n<td>\/ (Non specificato)<\/td>\n<\/tr>\n<tr>\n<td><strong>Materiale<\/strong><\/td>\n<td>Alluminio<\/td>\n<\/tr>\n<tr>\n<td><strong>Colore\/Trattamento superficiale<\/strong><\/td>\n<td>Lavorato\/Pellicola\/Nero\/Argento\/Grigio<\/td>\n<\/tr>\n<tr>\n<td><strong>Classificazione IP<\/strong><\/td>\n<td>IP67<\/td>\n<\/tr>\n<tr>\n<td><strong>Metodo di installazione<\/strong><\/td>\n<td>Plug-in\/Montaggio a superficie\/Montaggio a cinghia<\/td>\n<\/tr>\n<\/tbody>\n<\/table>\n<p id=\"\">\n<p>Quando il tuo progetto richiede un all'aperto <strong><a href=\"https:\/\/ledsteplight.com\/it\/5w-led-in-ground-lights-ip65-waterproof-outdoor-driveway-garden-floor-lighting\/\" class=\"waam-auto-link\" title=\"luce a terra\">luce a terra<\/a><\/strong> che \u00e8 costruito per durare, il TS50-ZT \u00e8 la tua soluzione. Questa apparecchiatura \u00e8 un vero e proprio cavallo da lavoro, realizzata in alluminio robusto con una classificazione IP67 per garantire prestazioni in condizioni di umidit\u00e0 e polvere. \u00c8 progettata per uso professionale a bassa tensione (DC24V). <strong><a href=\"https:\/\/ledsteplight.com\/it\/ultimate-guide-to-landscape-inground-lighting-solutions\/\" class=\"waam-auto-link\" title=\"sistemi\">sistemi<\/a><\/strong> e offre piena compatibilit\u00e0 con metodi di controllo avanzati, tra cui DALI e 0-10V, rendendolo una scelta intelligente per progetti paesaggistici e architettonici sofisticati. Con pi\u00f9 angoli di fascio e temperature di colore (2700K-4000K) disponibili, ottieni l'effetto di illuminazione esatto di cui hai bisogno.<\/p>\n<p>Come diretto <b>produttore<\/b>, supervisioniamo l'intero <b>processo di produzione<\/b> processo, il che ci permette di offrire prezzi autentici <b>Offriamo prezzi competitivi e a livelli<\/b> ai nostri partner B2B. Non vendiamo solo; costruiamo. Se il tuo progetto richiede modifiche specifiche, il nostro <b>stabilimento<\/b> team \u00e8 specializzato in <b>personalizzazione<\/b>lavorando con te per consegnare un prodotto che soddisfi le tue specifiche precise. Collabora con noi per una fornitura affidabile e all'ingrosso di alte prestazioni <strong><a href=\"https:\/\/ledsteplight.com\/it\/cree-bridgelux-chip-ip65-led-fixture-for-garden-facade-lighting\/\" class=\"waam-auto-link\" title=\"illuminazione esterna\">illuminazione esterna<\/a><\/strong>.<\/p>","protected":false},"excerpt":{"rendered":"<p>Vendita all'ingrosso diretta dalla fabbrica per la luce a terra LED TS50-ZT IP67. Duratura DC24V, DALI\/0-10V. Come produttore, offriamo personalizzazione completa. Richiedi il tuo preventivo B2B<\/p>","protected":false},"featured_media":37393,"comment_status":"open","ping_status":"closed","template":"","meta":[],"product_brand":[],"product_cat":[100,426,427,428,439,429,440,430,441,431,442,443,432,433,444,112,464,445,446,106,434,435,436,437],"product_tag":[103,76,140,77,113,78,108,141],"class_list":{"0":"post-38096","1":"product","2":"type-product","3":"status-publish","4":"has-post-thumbnail","6":"product_cat-aluminum-ground-light","7":"product_cat-ceiling-recessed","8":"product_cat-ceiling-surface","9":"product_cat-ceiling-suspended","10":"product_cat-commercial","11":"product_cat-drivers","12":"product_cat-education","13":"product_cat-freestanding-light","14":"product_cat-hospitality","15":"product_cat-industrial","16":"product_cat-infrastructure","17":"product_cat-landscape","18":"product_cat-landscaping","19":"product_cat-linear","20":"product_cat-office","21":"product_cat-outdoor-ground-light","22":"product_cat-c-outdoor-lighting","23":"product_cat-residential","24":"product_cat-retail","25":"product_cat-round-ground-light","26":"product_cat-table-lamp","27":"product_cat-track","28":"product_cat-wall-recessed","29":"product_cat-wall-surface","30":"product_tag-aluminum-ground-light","31":"product_tag-aluminum-housing","32":"product_tag-flood-light","33":"product_tag-ground-light","34":"product_tag-outdoor-ground-light","35":"product_tag-outdoor-lighting","36":"product_tag-round-ground-light","37":"product_tag-tree-spot-light","39":"first","40":"instock","41":"shipping-taxable","42":"product-type-simple"},"_links":{"self":[{"href":"https:\/\/ledsteplight.com\/it\/wp-json\/wp\/v2\/product\/38096","targetHints":{"allow":["GET"]}}],"collection":[{"href":"https:\/\/ledsteplight.com\/it\/wp-json\/wp\/v2\/product"}],"about":[{"href":"https:\/\/ledsteplight.com\/it\/wp-json\/wp\/v2\/types\/product"}],"replies":[{"embeddable":true,"href":"https:\/\/ledsteplight.com\/it\/wp-json\/wp\/v2\/comments?post=38096"}],"version-history":[{"count":3,"href":"https:\/\/ledsteplight.com\/it\/wp-json\/wp\/v2\/product\/38096\/revisions"}],"predecessor-version":[{"id":38597,"href":"https:\/\/ledsteplight.com\/it\/wp-json\/wp\/v2\/product\/38096\/revisions\/38597"}],"wp:featuredmedia":[{"embeddable":true,"href":"https:\/\/ledsteplight.com\/it\/wp-json\/wp\/v2\/media\/37393"}],"wp:attachment":[{"href":"https:\/\/ledsteplight.com\/it\/wp-json\/wp\/v2\/media?parent=38096"}],"wp:term":[{"taxonomy":"product_brand","embeddable":true,"href":"https:\/\/ledsteplight.com\/it\/wp-json\/wp\/v2\/product_brand?post=38096"},{"taxonomy":"product_cat","embeddable":true,"href":"https:\/\/ledsteplight.com\/it\/wp-json\/wp\/v2\/product_cat?post=38096"},{"taxonomy":"product_tag","embeddable":true,"href":"https:\/\/ledsteplight.com\/it\/wp-json\/wp\/v2\/product_tag?post=38096"}],"curies":[{"name":"wp","href":"https:\/\/api.w.org\/{rel}","templated":true}]}}